{"id":785734,"date":"2026-04-08T03:45:21","date_gmt":"2026-04-08T00:45:21","guid":{"rendered":"https:\/\/roveyayinevi.com.tr\/index.php\/urun\/mattia-ve-dedesi\/"},"modified":"2026-04-15T03:48:50","modified_gmt":"2026-04-15T00:48:50","slug":"mattia-ve-dedesi","status":"publish","type":"product","link":"https:\/\/roveyayinevi.com.tr\/index.php\/urun\/mattia-ve-dedesi\/","title":{"rendered":"Mattia ve Dedesi"},"content":{"rendered":"<p>Sevdi\u011fimiz insanlar sonsuza dek bizimle kal\u0131r\u2026\u00d6l\u00fcm ve ayr\u0131l\u0131k, b\u00fcy\u00fckler i\u00e7in bile kabullenmesi zor \u015feylerdir. \u00c7ocuklar i\u00e7inse bu duygular daha da karma\u015f\u0131kt\u0131r; \u00f6zellikle \u00e7ok sevdi\u011fimiz biri s\u00f6z konusuysa. \u0130nsanlar neden \u00f6m\u00fcr boyu birlikte olamaz? Belki bu m\u00fcmk\u00fcn de\u011fildir ama sevgi her zaman ba\u015fka bir yol bulur. Mattia i\u00e7in dedesi sadece bir dede de\u011fil, en iyi arkada\u015f\u0131d\u0131r. Birlikte y\u00fcr\u00fcrler, konu\u015furlar, ke\u015ffederler ve oyunlar oynarlar. Ama bir g\u00fcn dedesi, sonsuz bir yolculu\u011fa \u00e7\u0131kar. \u0130talya&#8217;n\u0131n sevilen \u00e7ocuk edebiyat\u0131 yazar\u0131 Roberto Piumini, \u00e7ocuklara sevdi\u011fimiz insanlar\u0131n her zaman kalplerimizde ya\u015famaya devam edece\u011fini g\u00f6steriyor. Yal\u0131n, i\u00e7ten ve d\u00fc\u015f\u00fcnd\u00fcr\u00fcc\u00fc anlat\u0131m\u0131yla Mattia ve Dedesi, k\u00fc\u00e7\u00fck okurlara sevgi ve ayr\u0131l\u0131\u011f\u0131n en nazik h\u00e2lini sunuyor.<\/p>\n","protected":false},"excerpt":{"rendered":"<p>Sevdi\u011fimiz insanlar sonsuza dek bizimle kal\u0131r\u2026\u00d6l\u00fcm ve ayr\u0131l\u0131k, b\u00fcy\u00fckler i\u00e7in bile kabullenmesi zor \u015feylerdir. \u00c7ocuklar i\u00e7inse bu duygular daha da karma\u015f\u0131kt\u0131r; \u00f6zellikle \u00e7ok sevdi\u011fimiz biri s\u00f6z<span class=\"excerpt-hellip\"> [\u2026]<\/span><\/p>\n","protected":false},"featured_media":0,"template":"","meta":{"_monsterinsights_skip_tracking":false,"_monsterinsights_sitenote_active":false,"_monsterinsights_sitenote_note":"","_monsterinsights_sitenote_category":0},"product_brand":[],"product_cat":[13835],"product_tag":[],"class_list":{"0":"post-785734","1":"product","2":"type-product","3":"status-publish","5":"product_cat-cok-satanlar","6":"pa_cilt-ciltsiz","7":"pa_tur-kitap","8":"pa_yayinevi-epsilon-yayinlari","9":"pa_yazar-roberto-piumini","11":"first","12":"instock","13":"sale","14":"shipping-taxable","15":"purchasable","16":"product-type-simple"},"_links":{"self":[{"href":"https:\/\/roveyayinevi.com.tr\/index.php\/wp-json\/wp\/v2\/product\/785734","targetHints":{"allow":["GET"]}}],"collection":[{"href":"https:\/\/roveyayinevi.com.tr\/index.php\/wp-json\/wp\/v2\/product"}],"about":[{"href":"https:\/\/roveyayinevi.com.tr\/index.php\/wp-json\/wp\/v2\/types\/product"}],"wp:attachment":[{"href":"https:\/\/roveyayinevi.com.tr\/index.php\/wp-json\/wp\/v2\/media?parent=785734"}],"wp:term":[{"taxonomy":"product_brand","embeddable":true,"href":"https:\/\/roveyayinevi.com.tr\/index.php\/wp-json\/wp\/v2\/product_brand?post=785734"},{"taxonomy":"product_cat","embeddable":true,"href":"https:\/\/roveyayinevi.com.tr\/index.php\/wp-json\/wp\/v2\/product_cat?post=785734"},{"taxonomy":"product_tag","embeddable":true,"href":"https:\/\/roveyayinevi.com.tr\/index.php\/wp-json\/wp\/v2\/product_tag?post=785734"}],"curies":[{"name":"wp","href":"https:\/\/api.w.org\/{rel}","templated":true}]}}