{"id":785732,"date":"2026-04-08T03:45:15","date_gmt":"2026-04-08T00:45:15","guid":{"rendered":"https:\/\/roveyayinevi.com.tr\/index.php\/urun\/babalar-ve-cocuklar-3\/"},"modified":"2026-04-15T03:48:49","modified_gmt":"2026-04-15T00:48:49","slug":"babalar-ve-cocuklar-3","status":"publish","type":"product","link":"https:\/\/roveyayinevi.com.tr\/index.php\/urun\/babalar-ve-cocuklar-3\/","title":{"rendered":"Babalar ve \u00c7ocuklar"},"content":{"rendered":"<p>Her \u00e7ocukla birlikte sadece bir anne de\u011fil, bir baba da do\u011far! Baba olmak ne demektir ger\u00e7ekten? \u00c7ocu\u011funu korumak m\u0131? Onu gelece\u011fe haz\u0131rlamak m\u0131? Yoksa her g\u00fcn, onunla birlikte kendini de b\u00fcy\u00fctmek mi? Belki de hepsi, ama en \u00e7ok da sevgiyle, sab\u0131rla ve d\u00fcr\u00fcstl\u00fckle ba\u011f kurabilmek. Baba olmak, sadece bir rol\u00fc \u00fcstlenmek de\u011fil; her g\u00fcn yeniden hem kendini hem \u00e7ocu\u011funu tan\u0131maya cesaret etmektir. Bu kitap, g\u00fcn\u00fcm\u00fcz babalar\u0131n\u0131n ta\u015f\u0131d\u0131\u011f\u0131 sessiz y\u00fckleri, \u00e7o\u011fu zaman konu\u015fulmam\u0131\u015f duygular\u0131 ve \u201cnas\u0131l yapaca\u011f\u0131m?\u201d sorular\u0131n\u0131 yarg\u0131lamadan, \u00f6\u011fretmeden, yol g\u00f6stererek de\u011fil, birlikte y\u00fcr\u00fcyerek ele al\u0131yor. Tal Eyre sadece \u00e7ocuklara de\u011fil, babalara da \u015fefkatle yakla\u015f\u0131yor. G\u00fcnl\u00fck hayat\u0131n tela\u015f\u0131 i\u00e7inde \u00e7o\u011fu zaman unutulan k\u00fc\u00e7\u00fck \u015feylere dikkat \u00e7ekiyor. \u00c7\u00fcnk\u00fc ba\u011f kurmak, b\u00fcy\u00fck ad\u0131mlardan de\u011fil; fark etmekten, dinlemekten, g\u00f6z g\u00f6ze gelmekten ge\u00e7iyor. Bu kitapta, ne \u201cm\u00fckemmel baba\u201d mitine \u00f6vg\u00fc var ne de eski usullere geri d\u00f6n\u00fc\u015f \u00e7a\u011fr\u0131s\u0131; hata yapman\u0131n do\u011fall\u0131\u011f\u0131na, duygulara yer a\u00e7man\u0131n cesaretine ve \u00e7ocu\u011funla birlikte b\u00fcy\u00fcmenin de\u011ferine odaklanan bir samimiyet var.  Ebeveynlik yaln\u0131zca annelere ait de\u011fil; babalar\u0131n da duygusal derinli\u011fi, eme\u011fi, i\u00e7sel yolculu\u011fu var. Bu kitap, o yolculu\u011fa \u0131\u015f\u0131k tutmak isteyen herkes i\u00e7in s\u0131cak, i\u00e7ten ve yol g\u00f6sterici bir rehber<\/p>\n","protected":false},"excerpt":{"rendered":"<p>Her \u00e7ocukla birlikte sadece bir anne de\u011fil, bir baba da do\u011far! Baba olmak ne demektir ger\u00e7ekten? \u00c7ocu\u011funu korumak m\u0131? Onu gelece\u011fe haz\u0131rlamak m\u0131? Yoksa her g\u00fcn,<span class=\"excerpt-hellip\"> [\u2026]<\/span><\/p>\n","protected":false},"featured_media":0,"template":"","meta":{"_monsterinsights_skip_tracking":false,"_monsterinsights_sitenote_active":false,"_monsterinsights_sitenote_note":"","_monsterinsights_sitenote_category":0},"product_brand":[],"product_cat":[12755,12357],"product_tag":[],"class_list":{"0":"post-785732","1":"product","2":"type-product","3":"status-publish","5":"product_cat-gelisim-psikolojisi","6":"product_cat-psikoloji","7":"pa_cilt-ciltsiz","8":"pa_tur-kitap","9":"pa_yayinevi-kuraldisi-yayinevi","10":"pa_yazar-tal-eyre","12":"first","13":"instock","14":"sale","15":"shipping-taxable","16":"purchasable","17":"product-type-simple"},"_links":{"self":[{"href":"https:\/\/roveyayinevi.com.tr\/index.php\/wp-json\/wp\/v2\/product\/785732","targetHints":{"allow":["GET"]}}],"collection":[{"href":"https:\/\/roveyayinevi.com.tr\/index.php\/wp-json\/wp\/v2\/product"}],"about":[{"href":"https:\/\/roveyayinevi.com.tr\/index.php\/wp-json\/wp\/v2\/types\/product"}],"wp:attachment":[{"href":"https:\/\/roveyayinevi.com.tr\/index.php\/wp-json\/wp\/v2\/media?parent=785732"}],"wp:term":[{"taxonomy":"product_brand","embeddable":true,"href":"https:\/\/roveyayinevi.com.tr\/index.php\/wp-json\/wp\/v2\/product_brand?post=785732"},{"taxonomy":"product_cat","embeddable":true,"href":"https:\/\/roveyayinevi.com.tr\/index.php\/wp-json\/wp\/v2\/product_cat?post=785732"},{"taxonomy":"product_tag","embeddable":true,"href":"https:\/\/roveyayinevi.com.tr\/index.php\/wp-json\/wp\/v2\/product_tag?post=785732"}],"curies":[{"name":"wp","href":"https:\/\/api.w.org\/{rel}","templated":true}]}}