{"id":785731,"date":"2026-04-08T03:45:11","date_gmt":"2026-04-08T00:45:11","guid":{"rendered":"https:\/\/roveyayinevi.com.tr\/index.php\/urun\/pazarlamada-guncel-yaklasimlar-4\/"},"modified":"2026-04-15T03:48:48","modified_gmt":"2026-04-15T00:48:48","slug":"pazarlamada-guncel-yaklasimlar-4","status":"publish","type":"product","link":"https:\/\/roveyayinevi.com.tr\/index.php\/urun\/pazarlamada-guncel-yaklasimlar-4\/","title":{"rendered":"Pazarlamada G\u00fcncel Yakla\u015f\u0131mlar 4"},"content":{"rendered":"<p>B\u0130R\u0130NC\u0130 B\u00d6L\u00dcM \u0130nsan Kaynaklar\u0131nda Pazarlama \u0130K\u0130NC\u0130 B\u00d6L\u00dcM Pazarlama 5.0 \u00dc\u00c7\u00dcNC\u00dc B\u00d6L\u00dcM V\u0131z\u0131lt\u0131 (Buzz) Pazarlamas\u0131 D\u00d6RD\u00dcNC\u00dc B\u00d6L\u00dcM Film Pazarlamas\u0131 BE\u015e\u0130NC\u0130 B\u00d6L\u00dcM Tuzak Pazarlama ALTINCI B\u00d6L\u00dcM Demarketing: Pazarlamama YED\u0130NC\u0130 B\u00d6L\u00dcM Remarketing (Yeniden Pazarlama) SEK\u0130Z\u0130NC\u0130 B\u00d6L\u00dcM Semiyotik Pazarlama DOKUZUNCU B\u00d6L\u00dcM Biyomimikri Pazarlama ONUNCU B\u00d6L\u00dcM \u0130slami Pazarlama ONB\u0130R\u0130NC\u0130 B\u00d6L\u00dcM Duyusal Pazarlama ON\u0130K\u0130NC\u0130 B\u00d6L\u00dcM Deneyimsel Pazarlama ON\u00dc\u00c7\u00dcNC\u00dc B\u00d6L\u00dcM Ama\u00e7l\u0131 Pazarlama OND\u00d6RD\u00dcNC\u00dc B\u00d6L\u00dcM Tar\u0131msal Pazarlama ONBE\u015e\u0130NC\u0130 B\u00d6L\u00dcM Hiper Ki\u015fiselle\u015ftirilmi\u015f Pazarlama<\/p>\n","protected":false},"excerpt":{"rendered":"<p>B\u0130R\u0130NC\u0130 B\u00d6L\u00dcM \u0130nsan Kaynaklar\u0131nda Pazarlama \u0130K\u0130NC\u0130 B\u00d6L\u00dcM Pazarlama 5.0 \u00dc\u00c7\u00dcNC\u00dc B\u00d6L\u00dcM V\u0131z\u0131lt\u0131 (Buzz) Pazarlamas\u0131 D\u00d6RD\u00dcNC\u00dc B\u00d6L\u00dcM Film Pazarlamas\u0131 BE\u015e\u0130NC\u0130 B\u00d6L\u00dcM Tuzak Pazarlama ALTINCI B\u00d6L\u00dcM Demarketing: Pazarlamama<span class=\"excerpt-hellip\"> [\u2026]<\/span><\/p>\n","protected":false},"featured_media":0,"template":"","meta":{"_monsterinsights_skip_tracking":false,"_monsterinsights_sitenote_active":false,"_monsterinsights_sitenote_note":"","_monsterinsights_sitenote_category":0},"product_brand":[],"product_cat":[13043],"product_tag":[],"class_list":{"0":"post-785731","1":"product","2":"type-product","3":"status-publish","5":"product_cat-ekonomi","6":"pa_cilt-ciltsiz","7":"pa_tur-kitap","8":"pa_yayinevi-gazi-kitabevi","9":"pa_yazar-kolektif","11":"first","12":"instock","13":"sale","14":"shipping-taxable","15":"purchasable","16":"product-type-simple"},"_links":{"self":[{"href":"https:\/\/roveyayinevi.com.tr\/index.php\/wp-json\/wp\/v2\/product\/785731","targetHints":{"allow":["GET"]}}],"collection":[{"href":"https:\/\/roveyayinevi.com.tr\/index.php\/wp-json\/wp\/v2\/product"}],"about":[{"href":"https:\/\/roveyayinevi.com.tr\/index.php\/wp-json\/wp\/v2\/types\/product"}],"wp:attachment":[{"href":"https:\/\/roveyayinevi.com.tr\/index.php\/wp-json\/wp\/v2\/media?parent=785731"}],"wp:term":[{"taxonomy":"product_brand","embeddable":true,"href":"https:\/\/roveyayinevi.com.tr\/index.php\/wp-json\/wp\/v2\/product_brand?post=785731"},{"taxonomy":"product_cat","embeddable":true,"href":"https:\/\/roveyayinevi.com.tr\/index.php\/wp-json\/wp\/v2\/product_cat?post=785731"},{"taxonomy":"product_tag","embeddable":true,"href":"https:\/\/roveyayinevi.com.tr\/index.php\/wp-json\/wp\/v2\/product_tag?post=785731"}],"curies":[{"name":"wp","href":"https:\/\/api.w.org\/{rel}","templated":true}]}}