{"id":785730,"date":"2026-04-08T03:45:04","date_gmt":"2026-04-08T00:45:04","guid":{"rendered":"https:\/\/roveyayinevi.com.tr\/index.php\/urun\/nasil-cuvalladik\/"},"modified":"2026-04-15T03:48:42","modified_gmt":"2026-04-15T00:48:42","slug":"nasil-cuvalladik","status":"publish","type":"product","link":"https:\/\/roveyayinevi.com.tr\/index.php\/urun\/nasil-cuvalladik\/","title":{"rendered":"Nas\u0131l \u00c7uvallad\u0131k"},"content":{"rendered":"<p>Bu kitap, T\u00fcrkiye&#8217;de &#8220;liberalim&#8221; deyip devletten ihale bekleyenleri, &#8220;\u00f6zg\u00fcrl\u00fck&#8221; deyip ba\u015fkas\u0131n\u0131n cebine bakanlar\u0131, &#8220;solcuyum&#8221; deyip sendika a\u011fas\u0131 gibi ya\u015fayanlar\u0131 rahats\u0131z edecek bir kitap.\u00c7\u00fcnk\u00fc i\u00e7inde ne gazete k\u00f6\u015felerinde yuvarlanan c\u00fcmleler var, ne de vitrine konmak i\u00e7in parlat\u0131lm\u0131\u015f \u00f6zl\u00fc s\u00f6zler. Sadece bir i\u015fadam\u0131n\u0131n, bir parti kurucusunun, bir inat\u00e7\u0131n\u0131n, bir asab\u0131 bozu\u011fun laf\u0131 var: &#8220;Devlet k\u00fc\u00e7\u00fcl\u00fcrse herkes b\u00fcy\u00fcr.&#8221;Besim Tibuk kendi hayat \u00f6yk\u00fcs\u00fcnden \u00f6rneklerle \u00f6n plana \u00e7\u0131kan Nas\u0131l \u00c7uvallad\u0131k&#8217;ta sendikalar\u0131n niye mutsuzluk fabrikalar\u0131 oldu\u011funu, giri\u015fimcili\u011fin neden romantik de\u011fil, so\u011fukkanl\u0131 bir kumar oldu\u011funu, as\u0131l ay\u0131p olan\u0131n zenginle\u015fmek de\u011fil, miskinlik oldu\u011funu ve \u00f6zg\u00fcrl\u00fc\u011f\u00fcn insana ne kazand\u0131r\u0131p ne kaybettirdi\u011fini sorguluyor.Bu kitap, kendine ac\u0131may\u0131 b\u0131rakanlar, risk almay\u0131 \u00f6\u011frenenler,&#8221;hayat\u0131m\u0131 ben kuraca\u011f\u0131m&#8221; diyenler i\u00e7in yaz\u0131lmad\u0131. Zaten onlar bu kitab\u0131 okuyacakt\u0131r. Bu kitap; &#8220;devlet halletsin&#8221; ciler, &#8220;patron d\u00fc\u015fmand\u0131r&#8221;c\u0131lar, &#8220;zenginlik h\u0131rs\u0131zl\u0131kt\u0131r&#8221; diyenler okurken \u00f6fkelensin, tart\u0131\u015f\u0131ls\u0131n, alt\u0131n\u0131 \u00e7ize \u00e7ize sinirlensin diye yaz\u0131ld\u0131.Kabul edelim: T\u00fcrkiye&#8217;de herkes devrim istiyor ama kimse faturay\u0131 \u00f6demek istemiyor. \u0130\u015fte Tibuk&#8217;un t\u00fcm hayat\u0131, o faturay\u0131 nas\u0131l \u00f6dedi\u011finin hik\u00e2yesi.<\/p>\n","protected":false},"excerpt":{"rendered":"<p>Bu kitap, T\u00fcrkiye&#8217;de &#8220;liberalim&#8221; deyip devletten ihale bekleyenleri, &#8220;\u00f6zg\u00fcrl\u00fck&#8221; deyip ba\u015fkas\u0131n\u0131n cebine bakanlar\u0131, &#8220;solcuyum&#8221; deyip sendika a\u011fas\u0131 gibi ya\u015fayanlar\u0131 rahats\u0131z edecek bir kitap.\u00c7\u00fcnk\u00fc i\u00e7inde ne gazete<span class=\"excerpt-hellip\"> [\u2026]<\/span><\/p>\n","protected":false},"featured_media":0,"template":"","meta":{"_monsterinsights_skip_tracking":false,"_monsterinsights_sitenote_active":false,"_monsterinsights_sitenote_note":"","_monsterinsights_sitenote_category":0},"product_brand":[],"product_cat":[13590,12337],"product_tag":[],"class_list":{"0":"post-785730","1":"product","2":"type-product","3":"status-publish","5":"product_cat-arastirma-inceleme-politika-siyaset","6":"product_cat-politika-siyaset","7":"pa_cilt-ciltsiz","8":"pa_tur-kitap","9":"pa_yayinevi-net-kitap","10":"pa_yazar-kolektif","12":"first","13":"instock","14":"sale","15":"shipping-taxable","16":"purchasable","17":"product-type-simple"},"_links":{"self":[{"href":"https:\/\/roveyayinevi.com.tr\/index.php\/wp-json\/wp\/v2\/product\/785730","targetHints":{"allow":["GET"]}}],"collection":[{"href":"https:\/\/roveyayinevi.com.tr\/index.php\/wp-json\/wp\/v2\/product"}],"about":[{"href":"https:\/\/roveyayinevi.com.tr\/index.php\/wp-json\/wp\/v2\/types\/product"}],"wp:attachment":[{"href":"https:\/\/roveyayinevi.com.tr\/index.php\/wp-json\/wp\/v2\/media?parent=785730"}],"wp:term":[{"taxonomy":"product_brand","embeddable":true,"href":"https:\/\/roveyayinevi.com.tr\/index.php\/wp-json\/wp\/v2\/product_brand?post=785730"},{"taxonomy":"product_cat","embeddable":true,"href":"https:\/\/roveyayinevi.com.tr\/index.php\/wp-json\/wp\/v2\/product_cat?post=785730"},{"taxonomy":"product_tag","embeddable":true,"href":"https:\/\/roveyayinevi.com.tr\/index.php\/wp-json\/wp\/v2\/product_tag?post=785730"}],"curies":[{"name":"wp","href":"https:\/\/api.w.org\/{rel}","templated":true}]}}