{"id":785729,"date":"2026-04-08T03:43:52","date_gmt":"2026-04-08T00:43:52","guid":{"rendered":"https:\/\/roveyayinevi.com.tr\/index.php\/urun\/uctu-uctu-tavsancik-uctu\/"},"modified":"2026-04-15T03:46:38","modified_gmt":"2026-04-15T00:46:38","slug":"uctu-uctu-tavsancik-uctu","status":"publish","type":"product","link":"https:\/\/roveyayinevi.com.tr\/index.php\/urun\/uctu-uctu-tavsancik-uctu\/","title":{"rendered":"U\u00e7tu U\u00e7tu, Tav\u015fanc\u0131k U\u00e7tu!"},"content":{"rendered":"<p>Tav\u015fanc\u0131k nerede? Ce-ee! \u0130\u015fte burada! B\u0131c\u0131 b\u0131c\u0131 y\u0131kan\u0131yor, sal\u0131ncakta sallan\u0131yor. Sevimli Tav\u015fanc\u0131k bizlere bu kez de t\u00fcrl\u00fc \u015firinlikler yap\u0131yor.<\/p>\n","protected":false},"excerpt":{"rendered":"<p>Tav\u015fanc\u0131k nerede? Ce-ee! \u0130\u015fte burada! B\u0131c\u0131 b\u0131c\u0131 y\u0131kan\u0131yor, sal\u0131ncakta sallan\u0131yor. Sevimli Tav\u015fanc\u0131k bizlere bu kez de t\u00fcrl\u00fc \u015firinlikler yap\u0131yor.<\/p>\n","protected":false},"featured_media":0,"template":"","meta":{"_monsterinsights_skip_tracking":false,"_monsterinsights_sitenote_active":false,"_monsterinsights_sitenote_note":"","_monsterinsights_sitenote_category":0},"product_brand":[],"product_cat":[12274,15842],"product_tag":[],"class_list":{"0":"post-785729","1":"product","2":"type-product","3":"status-publish","5":"product_cat-cocuk-ve-genclik-kitaplari","6":"product_cat-egitici-kitaplar","7":"pa_cilt-ciltsiz","8":"pa_tur-kitap","9":"pa_yayinevi-beyaz-balina-yayinlari","10":"pa_yazar-jorg-muhle","12":"first","13":"instock","14":"sale","15":"shipping-taxable","16":"purchasable","17":"product-type-simple"},"_links":{"self":[{"href":"https:\/\/roveyayinevi.com.tr\/index.php\/wp-json\/wp\/v2\/product\/785729","targetHints":{"allow":["GET"]}}],"collection":[{"href":"https:\/\/roveyayinevi.com.tr\/index.php\/wp-json\/wp\/v2\/product"}],"about":[{"href":"https:\/\/roveyayinevi.com.tr\/index.php\/wp-json\/wp\/v2\/types\/product"}],"wp:attachment":[{"href":"https:\/\/roveyayinevi.com.tr\/index.php\/wp-json\/wp\/v2\/media?parent=785729"}],"wp:term":[{"taxonomy":"product_brand","embeddable":true,"href":"https:\/\/roveyayinevi.com.tr\/index.php\/wp-json\/wp\/v2\/product_brand?post=785729"},{"taxonomy":"product_cat","embeddable":true,"href":"https:\/\/roveyayinevi.com.tr\/index.php\/wp-json\/wp\/v2\/product_cat?post=785729"},{"taxonomy":"product_tag","embeddable":true,"href":"https:\/\/roveyayinevi.com.tr\/index.php\/wp-json\/wp\/v2\/product_tag?post=785729"}],"curies":[{"name":"wp","href":"https:\/\/api.w.org\/{rel}","templated":true}]}}