{"id":785728,"date":"2026-04-08T03:43:48","date_gmt":"2026-04-08T00:43:48","guid":{"rendered":"https:\/\/roveyayinevi.com.tr\/index.php\/urun\/merhaba-dunya-vucudumuz\/"},"modified":"2026-04-15T03:46:38","modified_gmt":"2026-04-15T00:46:38","slug":"merhaba-dunya-vucudumuz","status":"publish","type":"product","link":"https:\/\/roveyayinevi.com.tr\/index.php\/urun\/merhaba-dunya-vucudumuz\/","title":{"rendered":"Merhaba D\u00fcnya!  V\u00fccudumuz"},"content":{"rendered":"<p>A\u011fz\u0131m\u0131z Ne \u0130\u015fe Yarar? \u00c7ocuklar\u0131n Ka\u00e7 Di\u015fi Vard\u0131r? Merakl\u0131 minikler d\u00fcnyaya bu seriyle merhaba diyor, etraflar\u0131ndaki d\u00fcnyay\u0131 reng\u00e2renk resimler e\u015fli\u011finde e\u011flenerek \u00f6greniyor<\/p>\n","protected":false},"excerpt":{"rendered":"<p>A\u011fz\u0131m\u0131z Ne \u0130\u015fe Yarar? \u00c7ocuklar\u0131n Ka\u00e7 Di\u015fi Vard\u0131r? Merakl\u0131 minikler d\u00fcnyaya bu seriyle merhaba diyor, etraflar\u0131ndaki d\u00fcnyay\u0131 reng\u00e2renk resimler e\u015fli\u011finde e\u011flenerek \u00f6greniyor<\/p>\n","protected":false},"featured_media":0,"template":"","meta":{"_monsterinsights_skip_tracking":false,"_monsterinsights_sitenote_active":false,"_monsterinsights_sitenote_note":"","_monsterinsights_sitenote_category":0},"product_brand":[],"product_cat":[12274,15842],"product_tag":[],"class_list":{"0":"post-785728","1":"product","2":"type-product","3":"status-publish","5":"product_cat-cocuk-ve-genclik-kitaplari","6":"product_cat-egitici-kitaplar","7":"pa_cilt-ciltsiz","8":"pa_tur-kitap","9":"pa_yayinevi-beyaz-balina-yayinlari","10":"pa_yazar-jill-mcdonald","12":"first","13":"instock","14":"sale","15":"shipping-taxable","16":"purchasable","17":"product-type-simple"},"_links":{"self":[{"href":"https:\/\/roveyayinevi.com.tr\/index.php\/wp-json\/wp\/v2\/product\/785728","targetHints":{"allow":["GET"]}}],"collection":[{"href":"https:\/\/roveyayinevi.com.tr\/index.php\/wp-json\/wp\/v2\/product"}],"about":[{"href":"https:\/\/roveyayinevi.com.tr\/index.php\/wp-json\/wp\/v2\/types\/product"}],"wp:attachment":[{"href":"https:\/\/roveyayinevi.com.tr\/index.php\/wp-json\/wp\/v2\/media?parent=785728"}],"wp:term":[{"taxonomy":"product_brand","embeddable":true,"href":"https:\/\/roveyayinevi.com.tr\/index.php\/wp-json\/wp\/v2\/product_brand?post=785728"},{"taxonomy":"product_cat","embeddable":true,"href":"https:\/\/roveyayinevi.com.tr\/index.php\/wp-json\/wp\/v2\/product_cat?post=785728"},{"taxonomy":"product_tag","embeddable":true,"href":"https:\/\/roveyayinevi.com.tr\/index.php\/wp-json\/wp\/v2\/product_tag?post=785728"}],"curies":[{"name":"wp","href":"https:\/\/api.w.org\/{rel}","templated":true}]}}