{"id":785722,"date":"2026-04-08T03:39:16","date_gmt":"2026-04-08T00:39:16","guid":{"rendered":"https:\/\/roveyayinevi.com.tr\/index.php\/urun\/piyano-calmayi-ogreniyorum\/"},"modified":"2026-04-15T03:43:08","modified_gmt":"2026-04-15T00:43:08","slug":"piyano-calmayi-ogreniyorum","status":"publish","type":"product","link":"https:\/\/roveyayinevi.com.tr\/index.php\/urun\/piyano-calmayi-ogreniyorum\/","title":{"rendered":"Piyano \u00c7almay\u0131 \u00d6\u011freniyorum"},"content":{"rendered":"<p>Minik okurlar, m\u00fczikle tan\u0131\u015f\u0131yor! \u0130\u00e7inde basit ve e\u011flenceli melodiler bulunan bu renkli kitap, \u00e7ocuklar\u0131n piyanoyla ilk tan\u0131\u015fmalar\u0131n\u0131 keyifli bir deneyime d\u00f6n\u00fc\u015ft\u00fcr\u00fcyor. Minikler, tu\u015flara basarak kendi m\u00fcziklerini \u00e7alacak, ritim duygular\u0131n\u0131 geli\u015ftirecek ve m\u00fczi\u011fin b\u00fcy\u00fcl\u00fc d\u00fcnyas\u0131nda keyifli bir yolculu\u011fa \u00e7\u0131kacak. Hem e\u011flendirici hem de \u00f6\u011fretici bu kitap, erken ya\u015fta m\u00fczik sevgisi kazand\u0131rmak i\u00e7in harika bir ba\u015flang\u0131\u00e7. Kazan\u0131mlar: M\u00fczik sevgisi geli\u015ftirme     Ritim ve melodi fark\u0131ndal\u0131\u011f\u0131 \u0130nce motor becerileri Dinleme ve dikkat geli\u015ftirme Yarat\u0131c\u0131l\u0131\u011f\u0131 te\u015fvik etme<\/p>\n","protected":false},"excerpt":{"rendered":"<p>Minik okurlar, m\u00fczikle tan\u0131\u015f\u0131yor! \u0130\u00e7inde basit ve e\u011flenceli melodiler bulunan bu renkli kitap, \u00e7ocuklar\u0131n piyanoyla ilk tan\u0131\u015fmalar\u0131n\u0131 keyifli bir deneyime d\u00f6n\u00fc\u015ft\u00fcr\u00fcyor. Minikler, tu\u015flara basarak kendi m\u00fcziklerini<span class=\"excerpt-hellip\"> [\u2026]<\/span><\/p>\n","protected":false},"featured_media":0,"template":"","meta":{"_monsterinsights_skip_tracking":false,"_monsterinsights_sitenote_active":false,"_monsterinsights_sitenote_note":"","_monsterinsights_sitenote_category":0},"product_brand":[],"product_cat":[12274,12518],"product_tag":[],"class_list":{"0":"post-785722","1":"product","2":"type-product","3":"status-publish","5":"product_cat-cocuk-ve-genclik-kitaplari","6":"product_cat-okul-oncesi-kitaplar","7":"pa_cilt-ciltli","8":"pa_tur-kitap","9":"pa_yayinevi-ucan-fil-yayinlari","10":"pa_yazar-sam-taplin-rachel-greene","12":"first","13":"instock","14":"sale","15":"shipping-taxable","16":"purchasable","17":"product-type-simple"},"_links":{"self":[{"href":"https:\/\/roveyayinevi.com.tr\/index.php\/wp-json\/wp\/v2\/product\/785722","targetHints":{"allow":["GET"]}}],"collection":[{"href":"https:\/\/roveyayinevi.com.tr\/index.php\/wp-json\/wp\/v2\/product"}],"about":[{"href":"https:\/\/roveyayinevi.com.tr\/index.php\/wp-json\/wp\/v2\/types\/product"}],"wp:attachment":[{"href":"https:\/\/roveyayinevi.com.tr\/index.php\/wp-json\/wp\/v2\/media?parent=785722"}],"wp:term":[{"taxonomy":"product_brand","embeddable":true,"href":"https:\/\/roveyayinevi.com.tr\/index.php\/wp-json\/wp\/v2\/product_brand?post=785722"},{"taxonomy":"product_cat","embeddable":true,"href":"https:\/\/roveyayinevi.com.tr\/index.php\/wp-json\/wp\/v2\/product_cat?post=785722"},{"taxonomy":"product_tag","embeddable":true,"href":"https:\/\/roveyayinevi.com.tr\/index.php\/wp-json\/wp\/v2\/product_tag?post=785722"}],"curies":[{"name":"wp","href":"https:\/\/api.w.org\/{rel}","templated":true}]}}