{"id":785721,"date":"2026-04-08T02:44:52","date_gmt":"2026-04-07T23:44:52","guid":{"rendered":"https:\/\/roveyayinevi.com.tr\/index.php\/urun\/dilimin-ucunda-bilmecelerle-ilk-kelimelerim\/"},"modified":"2026-04-13T02:43:58","modified_gmt":"2026-04-12T23:43:58","slug":"dilimin-ucunda-bilmecelerle-ilk-kelimelerim","status":"publish","type":"product","link":"https:\/\/roveyayinevi.com.tr\/index.php\/urun\/dilimin-ucunda-bilmecelerle-ilk-kelimelerim\/","title":{"rendered":"Dilimin Ucunda &#8211; Bilmecelerle \u0130lk Kelimelerim"},"content":{"rendered":"<p>Bol Bol Konu\u015fma Bu Kutuda !\u00c7ocu\u011funuzun bili\u015f\u015fel geli\u015fimini, oyunun e\u015f\u015fiz g\u00fcc\u00fcyle destekleyin!Pedagojik uzman deste\u011fiyle titizlikle haz\u0131rlanan bu \u00f6zel kutu; \u00e7ocuklar\u0131n d\u00fc\u015f\u00fcnme, ili\u015fki kurma ve kendini ifade etme becerilerini geli\u015ftirmek i\u00e7in tasarland\u0131.\u0130\u00e7erisindeki birbirinden e\u011flenceli 5 farkl\u0131 oyun kurgusu sayesinde \u00e7ocuklar s\u0131k\u0131lmadan, keyifle \u00f6\u011frenirken; siz de onlarla verimli ve kaliteli zaman ge\u00e7irmenin tad\u0131n\u0131 \u00e7\u0131karacaks\u0131n\u0131z.E\u011flence, bilgi ve bolca konu\u015fma; \u015fimdi tek kutuda.<\/p>\n","protected":false},"excerpt":{"rendered":"<p>Bol Bol Konu\u015fma Bu Kutuda !\u00c7ocu\u011funuzun bili\u015f\u015fel geli\u015fimini, oyunun e\u015f\u015fiz g\u00fcc\u00fcyle destekleyin!Pedagojik uzman deste\u011fiyle titizlikle haz\u0131rlanan bu \u00f6zel kutu; \u00e7ocuklar\u0131n d\u00fc\u015f\u00fcnme, ili\u015fki kurma ve kendini ifade<span class=\"excerpt-hellip\"> [\u2026]<\/span><\/p>\n","protected":false},"featured_media":0,"template":"","meta":{"_monsterinsights_skip_tracking":false,"_monsterinsights_sitenote_active":false,"_monsterinsights_sitenote_note":"","_monsterinsights_sitenote_category":0},"product_brand":[],"product_cat":[12274,24599],"product_tag":[],"class_list":{"0":"post-785721","1":"product","2":"type-product","3":"status-publish","5":"product_cat-cocuk-ve-genclik-kitaplari","6":"product_cat-zeka-gelisimi","7":"pa_cilt-ciltsiz","8":"pa_tur-kitap20","9":"pa_yayinevi-bi-kutu-oyun","10":"pa_yazar-bi-kutu-oyun-kolektif","12":"first","13":"instock","14":"sale","15":"shipping-taxable","16":"purchasable","17":"product-type-simple"},"_links":{"self":[{"href":"https:\/\/roveyayinevi.com.tr\/index.php\/wp-json\/wp\/v2\/product\/785721","targetHints":{"allow":["GET"]}}],"collection":[{"href":"https:\/\/roveyayinevi.com.tr\/index.php\/wp-json\/wp\/v2\/product"}],"about":[{"href":"https:\/\/roveyayinevi.com.tr\/index.php\/wp-json\/wp\/v2\/types\/product"}],"wp:attachment":[{"href":"https:\/\/roveyayinevi.com.tr\/index.php\/wp-json\/wp\/v2\/media?parent=785721"}],"wp:term":[{"taxonomy":"product_brand","embeddable":true,"href":"https:\/\/roveyayinevi.com.tr\/index.php\/wp-json\/wp\/v2\/product_brand?post=785721"},{"taxonomy":"product_cat","embeddable":true,"href":"https:\/\/roveyayinevi.com.tr\/index.php\/wp-json\/wp\/v2\/product_cat?post=785721"},{"taxonomy":"product_tag","embeddable":true,"href":"https:\/\/roveyayinevi.com.tr\/index.php\/wp-json\/wp\/v2\/product_tag?post=785721"}],"curies":[{"name":"wp","href":"https:\/\/api.w.org\/{rel}","templated":true}]}}