{"id":785720,"date":"2026-04-08T02:44:49","date_gmt":"2026-04-07T23:44:49","guid":{"rendered":"https:\/\/roveyayinevi.com.tr\/index.php\/urun\/davet-konukseverlik-ustune\/"},"modified":"2026-04-16T02:35:44","modified_gmt":"2026-04-15T23:35:44","slug":"davet-konukseverlik-ustune","status":"publish","type":"product","link":"https:\/\/roveyayinevi.com.tr\/index.php\/urun\/davet-konukseverlik-ustune\/","title":{"rendered":"Davet Konukseverlik \u00dcst\u00fcne"},"content":{"rendered":"<p>Jacques Derrida\u2019n\u0131n 1996\u2019da verdi\u011fi \u201cKonukseverlik \u00dcst\u00fcne\u201d seminerinden iki oturumla birlikte, seminerleri dinleyen Anne Dufourmantelle\u2019in \u201cDavet\u201d ba\u015fl\u0131kl\u0131 metni yer al\u0131yor bu kitapta. Kitab\u0131n kendisi bir konukseverlik sahnesi gibi tasarlanm\u0131\u015f: Derrida o zaman gen\u00e7 bir felsefeci olan Dufourmantelle\u2019in \u201cdavet\u201dine uymu\u015f, kap\u0131s\u0131n\u0131 a\u00e7t\u0131\u011f\u0131 seminerinin metnini ona teslim etmi\u015f; Dufourmantelle\u2019in metni de Derrida\u2019n\u0131n seminerine kitab\u0131n kap\u0131s\u0131n\u0131 a\u00e7m\u0131\u015f ve ba\u015ftan sona e\u015flik etmi\u015f.  Jacques Derrida felsefe ve edebiyat\u0131n klasik metinleri ile g\u00fcncel geli\u015fmelere ayn\u0131 anda ba\u015fvurarak konukseverli\u011fin yasa ve ko\u015fullar\u0131n\u0131 sorguluyor; sadece bireysel de\u011fil toplumsal d\u00fczlemde de ko\u015fulsuz bir konukseverli\u011fin m\u00fcmk\u00fcn olup olmad\u0131\u011f\u0131, nas\u0131l m\u00fcmk\u00fcn oldu\u011fu \u00fcst\u00fcne d\u00fc\u015f\u00fcn\u00fcyor. Felsefenin hayat\u0131n anlar\u0131 ya da olaylar\u0131 \u00fczerine d\u00fc\u015f\u00fcnmenin bir yolu oldu\u011funu g\u00f6steren bu metinler d\u00fc\u015f\u00fcn\u00fclmemi\u015fi bulup \u00e7\u0131karmak, \u00fcst\u00fcne d\u00fc\u015f\u00fcnmek ve d\u00fc\u015f\u00fcnd\u00fcrmek isteyen Derrida\u2019n\u0131n felsefesi i\u00e7in de uygun bir \u201cgiri\u015f kap\u0131s\u0131\u201d.   <\/p>\n","protected":false},"excerpt":{"rendered":"<p>Jacques Derrida\u2019n\u0131n 1996\u2019da verdi\u011fi \u201cKonukseverlik \u00dcst\u00fcne\u201d seminerinden iki oturumla birlikte, seminerleri dinleyen Anne Dufourmantelle\u2019in \u201cDavet\u201d ba\u015fl\u0131kl\u0131 metni yer al\u0131yor bu kitapta. Kitab\u0131n kendisi bir konukseverlik sahnesi<span class=\"excerpt-hellip\"> [\u2026]<\/span><\/p>\n","protected":false},"featured_media":0,"template":"","meta":{"_monsterinsights_skip_tracking":false,"_monsterinsights_sitenote_active":false,"_monsterinsights_sitenote_note":"","_monsterinsights_sitenote_category":0},"product_brand":[],"product_cat":[12388,13555],"product_tag":[],"class_list":{"0":"post-785720","1":"product","2":"type-product","3":"status-publish","5":"product_cat-felsefe","6":"product_cat-genel-felsefe","7":"pa_cilt-ciltsiz","8":"pa_tur-kitap","9":"pa_yayinevi-metis-yayinlari","10":"pa_yazar-anne-dufourmantelle-jacques-derrida","12":"first","13":"instock","14":"sale","15":"shipping-taxable","16":"purchasable","17":"product-type-simple"},"_links":{"self":[{"href":"https:\/\/roveyayinevi.com.tr\/index.php\/wp-json\/wp\/v2\/product\/785720","targetHints":{"allow":["GET"]}}],"collection":[{"href":"https:\/\/roveyayinevi.com.tr\/index.php\/wp-json\/wp\/v2\/product"}],"about":[{"href":"https:\/\/roveyayinevi.com.tr\/index.php\/wp-json\/wp\/v2\/types\/product"}],"wp:attachment":[{"href":"https:\/\/roveyayinevi.com.tr\/index.php\/wp-json\/wp\/v2\/media?parent=785720"}],"wp:term":[{"taxonomy":"product_brand","embeddable":true,"href":"https:\/\/roveyayinevi.com.tr\/index.php\/wp-json\/wp\/v2\/product_brand?post=785720"},{"taxonomy":"product_cat","embeddable":true,"href":"https:\/\/roveyayinevi.com.tr\/index.php\/wp-json\/wp\/v2\/product_cat?post=785720"},{"taxonomy":"product_tag","embeddable":true,"href":"https:\/\/roveyayinevi.com.tr\/index.php\/wp-json\/wp\/v2\/product_tag?post=785720"}],"curies":[{"name":"wp","href":"https:\/\/api.w.org\/{rel}","templated":true}]}}