{"id":785719,"date":"2026-04-08T02:42:33","date_gmt":"2026-04-07T23:42:33","guid":{"rendered":"https:\/\/roveyayinevi.com.tr\/index.php\/urun\/bugunun-muslumaninin-kuranla-iletisimi-karton-kapak\/"},"modified":"2026-04-16T02:34:07","modified_gmt":"2026-04-15T23:34:07","slug":"bugunun-muslumaninin-kuranla-iletisimi-karton-kapak","status":"publish","type":"product","link":"https:\/\/roveyayinevi.com.tr\/index.php\/urun\/bugunun-muslumaninin-kuranla-iletisimi-karton-kapak\/","title":{"rendered":"Bug\u00fcn\u00fcn M\u00fcsl\u00fcman\u0131n\u0131n Kur\u2019an\u2019la \u0130leti\u015fimi ( Karton Kapak )"},"content":{"rendered":"<p>Bu kitap, konusu, bak\u0131\u015f a\u00e7\u0131s\u0131, sorun tespiti ve bunlara cevap \u00fcretimi ad\u0131na alan\u0131nda ilk yap\u0131lm\u0131\u015f bir \u00e7al\u0131\u015fma say\u0131labilir.Kitap, Kur&#8217;an mesaj\u0131yla bir t\u00fcr ileti\u015fimsizlik ya\u015fayan bug\u00fcn\u00fcn M\u00fcsl\u00fcman\u0131n\u0131n sorununu ortaya koymas\u0131, ele almas\u0131 ve \u00e7\u00f6z\u00fcm ad\u0131na \u00f6nerilerinin olmas\u0131 bak\u0131m\u0131ndan, y\u0131llard\u0131r yazar\u0131 taraf\u0131ndan \u00e7e\u015fitli platformlarda dile getirilen, \u00fczerinde konu\u015fulan ve k\u0131smen tart\u0131\u015f\u0131lan g\u00f6r\u00fc\u015fleri dile getirmesi y\u00f6n\u00fcyle okurunun beklentisini kar\u015f\u0131lamay\u0131 ummaktad\u0131r.G\u00fcn\u00fcm\u00fcz M\u00fcsl\u00fcman\u0131na, Kur&#8217;an&#8217;\u0131 anlama \u00e7al\u0131\u015fmalar\u0131n\u0131n usul\u00fcne y\u00f6nelik katk\u0131 sa\u011flay\u0131c\u0131 bir ilave olmas\u0131 dile\u011fiyle olu\u015fturulan bu \u00e7al\u0131\u015fman\u0131n \u00f6n\u00fcm\u00fczdeki g\u00fcnlerde, Kur&#8217;an&#8217;la ve O&#8217;nun kayna\u011f\u0131 olan Allah Teala ile s\u00fcrekli ileti\u015fim h\u00e2linde kalmak isteyenlere ve onu anlatma pozisyonundakilere katk\u0131 sa\u011flamas\u0131, eseri hedefine ula\u015ft\u0131racakt\u0131r.<\/p>\n","protected":false},"excerpt":{"rendered":"<p>Bu kitap, konusu, bak\u0131\u015f a\u00e7\u0131s\u0131, sorun tespiti ve bunlara cevap \u00fcretimi ad\u0131na alan\u0131nda ilk yap\u0131lm\u0131\u015f bir \u00e7al\u0131\u015fma say\u0131labilir.Kitap, Kur&#8217;an mesaj\u0131yla bir t\u00fcr ileti\u015fimsizlik ya\u015fayan bug\u00fcn\u00fcn M\u00fcsl\u00fcman\u0131n\u0131n<span class=\"excerpt-hellip\"> [\u2026]<\/span><\/p>\n","protected":false},"featured_media":0,"template":"","meta":{"_monsterinsights_skip_tracking":false,"_monsterinsights_sitenote_active":false,"_monsterinsights_sitenote_note":"","_monsterinsights_sitenote_category":0},"product_brand":[],"product_cat":[12718,12719,17284],"product_tag":[],"class_list":{"0":"post-785719","1":"product","2":"type-product","3":"status-publish","5":"product_cat-din","6":"product_cat-islam","7":"product_cat-kuran-ve-kuran-uzerine","8":"pa_cilt-ciltli","9":"pa_tur-kitap","10":"pa_yayinevi-otto-yayinlari","11":"pa_yazar-omer-muftuoglu","13":"first","14":"instock","15":"sale","16":"shipping-taxable","17":"purchasable","18":"product-type-simple"},"_links":{"self":[{"href":"https:\/\/roveyayinevi.com.tr\/index.php\/wp-json\/wp\/v2\/product\/785719","targetHints":{"allow":["GET"]}}],"collection":[{"href":"https:\/\/roveyayinevi.com.tr\/index.php\/wp-json\/wp\/v2\/product"}],"about":[{"href":"https:\/\/roveyayinevi.com.tr\/index.php\/wp-json\/wp\/v2\/types\/product"}],"wp:attachment":[{"href":"https:\/\/roveyayinevi.com.tr\/index.php\/wp-json\/wp\/v2\/media?parent=785719"}],"wp:term":[{"taxonomy":"product_brand","embeddable":true,"href":"https:\/\/roveyayinevi.com.tr\/index.php\/wp-json\/wp\/v2\/product_brand?post=785719"},{"taxonomy":"product_cat","embeddable":true,"href":"https:\/\/roveyayinevi.com.tr\/index.php\/wp-json\/wp\/v2\/product_cat?post=785719"},{"taxonomy":"product_tag","embeddable":true,"href":"https:\/\/roveyayinevi.com.tr\/index.php\/wp-json\/wp\/v2\/product_tag?post=785719"}],"curies":[{"name":"wp","href":"https:\/\/api.w.org\/{rel}","templated":true}]}}