{"id":785718,"date":"2026-04-08T02:32:08","date_gmt":"2026-04-07T23:32:08","guid":{"rendered":"https:\/\/roveyayinevi.com.tr\/index.php\/urun\/is-dunyasinda-sunum-sanati\/"},"modified":"2026-04-16T02:25:05","modified_gmt":"2026-04-15T23:25:05","slug":"is-dunyasinda-sunum-sanati","status":"publish","type":"product","link":"https:\/\/roveyayinevi.com.tr\/index.php\/urun\/is-dunyasinda-sunum-sanati\/","title":{"rendered":"\u0130\u015f D\u00fcnyas\u0131nda Sunum Sanat\u0131"},"content":{"rendered":"<p>\u201cSadece bir sunumu nas\u0131l olu\u015fturaca\u011f\u0131n\u0131zla de\u011fil, kar\u015f\u0131n\u0131zdaki izleyici kitlesine bir mesaj\u0131 nas\u0131l ba\u015far\u0131yla aktarabilece\u011finizle ilgili parlak ipu\u00e7lar\u0131 ve stratejiler. Kariyerinin hangi basama\u011f\u0131nda olursa olsun her profesyonelin okumas\u0131 gereken bir kitap.\u201dTiffany Poeppelman, kurumsal psikolog, sunucu, i\u015f dan\u0131\u015fman\u0131Hi\u00e7 bir TED konu\u015fmas\u0131 izlediniz ve ba\u015far\u0131 s\u0131rlar\u0131n\u0131 merak ettiniz mi? \u0130\u015f D\u00fcnyas\u0131nda Sunum Sanat\u0131 size sunum tekniklerini ve usta konu\u015fmac\u0131lar\u0131n s\u0131rlar\u0131n\u0131 a\u00e7\u0131kl\u0131yor. MTV ve BBC\u2019deki yay\u0131nlar\u0131yla \u00fc\u00e7 milyondan fazla ki\u015fiye sunum yapm\u0131\u015f Emma Ledden kendi y\u00f6ntemini, haz\u0131rl\u0131klar\u0131n\u0131 ve uzmanl\u0131k bilgilerini sizlerle payla\u015f\u0131yor, bir profesyonel gibi sunum yapman\u0131z i\u00e7in size g\u00fc\u00e7 veriyor.Plan yap\u0131n ve uygun \u015fekilde haz\u0131rlan\u0131n \u2013 ba\u015far\u0131s\u0131 kan\u0131tlanm\u0131\u015f \u00fc\u00e7 ad\u0131ml\u0131 g\u00f6rsel yakla\u015f\u0131mla bilgi vermeyi, esin vermeyi ve e\u011flendirmeyi \u00f6\u011frenin.\u0130zleyici profilini belirleyin \u2013 izleyicinizin ihtiya\u00e7lar\u0131n\u0131 anlay\u0131n ve kafan\u0131zdaki endi\u015felerden kurtulun.Mesaj\u0131n\u0131z\u0131 olu\u015fturun \u2013 elinizdeki ham verileri zekice i\u015flenmi\u015f \u00fc\u00e7 noktada toplay\u0131n.G\u00f6rsellerinizi tasarlay\u0131n \u2013 do\u011fru g\u00f6rseli do\u011fru yerde ve do\u011fru zamanda kullan\u0131n.Bir sonraki sunumunuz \u015fimdiye kadar yapt\u0131\u011f\u0131n\u0131z en iyi sunum olsun.<\/p>\n","protected":false},"excerpt":{"rendered":"<p>\u201cSadece bir sunumu nas\u0131l olu\u015fturaca\u011f\u0131n\u0131zla de\u011fil, kar\u015f\u0131n\u0131zdaki izleyici kitlesine bir mesaj\u0131 nas\u0131l ba\u015far\u0131yla aktarabilece\u011finizle ilgili parlak ipu\u00e7lar\u0131 ve stratejiler. Kariyerinin hangi basama\u011f\u0131nda olursa olsun her profesyonelin<span class=\"excerpt-hellip\"> [\u2026]<\/span><\/p>\n","protected":false},"featured_media":0,"template":"","meta":{"_monsterinsights_skip_tracking":false,"_monsterinsights_sitenote_active":false,"_monsterinsights_sitenote_note":"","_monsterinsights_sitenote_category":0},"product_brand":[],"product_cat":[13043,17647],"product_tag":[],"class_list":{"0":"post-785718","1":"product","2":"type-product","3":"status-publish","5":"product_cat-ekonomi","6":"product_cat-is-dunyasi","7":"pa_cilt-ciltsiz","8":"pa_tur-kitap","9":"pa_yayinevi-is-bankasi-kultur-yayinlari","10":"pa_yazar-emma-ledden","12":"first","13":"instock","14":"sale","15":"shipping-taxable","16":"purchasable","17":"product-type-simple"},"_links":{"self":[{"href":"https:\/\/roveyayinevi.com.tr\/index.php\/wp-json\/wp\/v2\/product\/785718","targetHints":{"allow":["GET"]}}],"collection":[{"href":"https:\/\/roveyayinevi.com.tr\/index.php\/wp-json\/wp\/v2\/product"}],"about":[{"href":"https:\/\/roveyayinevi.com.tr\/index.php\/wp-json\/wp\/v2\/types\/product"}],"wp:attachment":[{"href":"https:\/\/roveyayinevi.com.tr\/index.php\/wp-json\/wp\/v2\/media?parent=785718"}],"wp:term":[{"taxonomy":"product_brand","embeddable":true,"href":"https:\/\/roveyayinevi.com.tr\/index.php\/wp-json\/wp\/v2\/product_brand?post=785718"},{"taxonomy":"product_cat","embeddable":true,"href":"https:\/\/roveyayinevi.com.tr\/index.php\/wp-json\/wp\/v2\/product_cat?post=785718"},{"taxonomy":"product_tag","embeddable":true,"href":"https:\/\/roveyayinevi.com.tr\/index.php\/wp-json\/wp\/v2\/product_tag?post=785718"}],"curies":[{"name":"wp","href":"https:\/\/api.w.org\/{rel}","templated":true}]}}