{"id":785717,"date":"2026-04-08T02:31:24","date_gmt":"2026-04-07T23:31:24","guid":{"rendered":"https:\/\/roveyayinevi.com.tr\/index.php\/urun\/baltar\/"},"modified":"2026-04-16T02:24:34","modified_gmt":"2026-04-15T23:24:34","slug":"baltar","status":"publish","type":"product","link":"https:\/\/roveyayinevi.com.tr\/index.php\/urun\/baltar\/","title":{"rendered":"Baltar"},"content":{"rendered":"<p>Tepenin ete\u011fine yakla\u015ft\u0131klar\u0131nda ahali d\u00f6rt bir yandan se\u011firtti. Baltar yoku\u015f a\u015fa\u011f\u0131 h\u0131z\u0131n\u0131 kesmeden ko\u015fmu\u015f yaylan\u0131n d\u00fczl\u00fc\u011f\u00fcnde takla atarak yuvarlan\u0131p boylu boyunca yere serilmi\u015fti. Devir sesini k\u00fc\u00e7\u00fclterek d\u00f6n\u00fcyordu etraf\u0131nda. Kirli beyaz t\u00fcy\u00fc k\u0131z\u0131la bulanan k\u00f6pe\u011fin imdad\u0131na yeti\u015fen Han\u0131m Ana bir yandan dizlerine vuruyor \u00f6te yandan hayk\u0131r\u0131yordu. \u201c\u0130ti vurmu\u015flar iti, elleri k\u0131r\u0131ls\u0131n kim vurdu bunu!\u201dBaltar, Sivas kangal\u0131n\u0131n roman\u0131. Etraf\u0131nda husumetin, h\u0131rs\u0131n, kurtlar\u0131n ve elbette a\u015fk\u0131n \u00e7ember \u00f6rd\u00fc\u011f\u00fc bir d\u00fcnyada, insan\u0131n sad\u0131k bir yolda\u015f\u0131na b\u00fcr\u00fcn\u00fcyor Baltar. Eser, bir kangal\u0131n kendisiyle, insanlarla ve tabiat\u0131n kanunlar\u0131yla sava\u015f\u0131 ayn\u0131 zamanda.<\/p>\n","protected":false},"excerpt":{"rendered":"<p>Tepenin ete\u011fine yakla\u015ft\u0131klar\u0131nda ahali d\u00f6rt bir yandan se\u011firtti. Baltar yoku\u015f a\u015fa\u011f\u0131 h\u0131z\u0131n\u0131 kesmeden ko\u015fmu\u015f yaylan\u0131n d\u00fczl\u00fc\u011f\u00fcnde takla atarak yuvarlan\u0131p boylu boyunca yere serilmi\u015fti. Devir sesini k\u00fc\u00e7\u00fclterek<span class=\"excerpt-hellip\"> [\u2026]<\/span><\/p>\n","protected":false},"featured_media":0,"template":"","meta":{"_monsterinsights_skip_tracking":false,"_monsterinsights_sitenote_active":false,"_monsterinsights_sitenote_note":"","_monsterinsights_sitenote_category":0},"product_brand":[],"product_cat":[12291,12711],"product_tag":[],"class_list":{"0":"post-785717","1":"product","2":"type-product","3":"status-publish","5":"product_cat-edebiyat","6":"product_cat-roman-oyku","7":"pa_cilt-ciltsiz","8":"pa_tur-kitap","9":"pa_yayinevi-sule-yayinlari","10":"pa_yazar-sule-koklu","12":"first","13":"instock","14":"sale","15":"shipping-taxable","16":"purchasable","17":"product-type-simple"},"_links":{"self":[{"href":"https:\/\/roveyayinevi.com.tr\/index.php\/wp-json\/wp\/v2\/product\/785717","targetHints":{"allow":["GET"]}}],"collection":[{"href":"https:\/\/roveyayinevi.com.tr\/index.php\/wp-json\/wp\/v2\/product"}],"about":[{"href":"https:\/\/roveyayinevi.com.tr\/index.php\/wp-json\/wp\/v2\/types\/product"}],"wp:attachment":[{"href":"https:\/\/roveyayinevi.com.tr\/index.php\/wp-json\/wp\/v2\/media?parent=785717"}],"wp:term":[{"taxonomy":"product_brand","embeddable":true,"href":"https:\/\/roveyayinevi.com.tr\/index.php\/wp-json\/wp\/v2\/product_brand?post=785717"},{"taxonomy":"product_cat","embeddable":true,"href":"https:\/\/roveyayinevi.com.tr\/index.php\/wp-json\/wp\/v2\/product_cat?post=785717"},{"taxonomy":"product_tag","embeddable":true,"href":"https:\/\/roveyayinevi.com.tr\/index.php\/wp-json\/wp\/v2\/product_tag?post=785717"}],"curies":[{"name":"wp","href":"https:\/\/api.w.org\/{rel}","templated":true}]}}