{"id":785714,"date":"2026-04-08T02:19:21","date_gmt":"2026-04-07T23:19:21","guid":{"rendered":"https:\/\/roveyayinevi.com.tr\/index.php\/urun\/picassonun-basarisi-ve-basarisizligi\/"},"modified":"2026-04-16T02:14:30","modified_gmt":"2026-04-15T23:14:30","slug":"picassonun-basarisi-ve-basarisizligi","status":"publish","type":"product","link":"https:\/\/roveyayinevi.com.tr\/index.php\/urun\/picassonun-basarisi-ve-basarisizligi\/","title":{"rendered":"Picasso&#8217;nun Ba\u015far\u0131s\u0131 ve Ba\u015far\u0131s\u0131zl\u0131\u011f\u0131"},"content":{"rendered":"<p>Yirminci y\u00fczy\u0131l\u0131n en varl\u0131kl\u0131 ve \u00fcnl\u00fc sanat\u00e7\u0131s\u0131 olarak \u00f6len Picasso, yorulmak bilmeyen yarat\u0131c\u0131l\u0131\u011f\u0131 ve \u015fa\u015f\u0131rt\u0131c\u0131l\u0131\u011f\u0131yla hen\u00fcz hayattayken bile bir efsane olmu\u015ftu. B\u00f6ylece kitaplar, kartlar, r\u00f6prod\u00fcksiyonlardan olu\u015fan b\u00fcy\u00fck bir end\u00fcstri do\u011fdu Picasso ad\u0131yla an\u0131lan. G\u00fcn\u00fcm\u00fczde resim sanat\u0131n\u0131n, ressam\u0131n, daha do\u011frusu ancak yaratarak var kalabilen ki\u015finin i\u00e7inde bulundu\u011fu \u00e7\u0131kmazd\u0131r John Berger\u2019\u0131n ilgisini \u00e7eken: Bir \u0130spanyol, bir s\u00fcrg\u00fcn, yaln\u0131z ve yal\u0131t\u0131lm\u0131\u015f bir insan olarak Picasso. Picasso\u2019nun Ba\u015far\u0131s\u0131 ve Ba\u015far\u0131s\u0131zl\u0131\u011f\u0131\u2019nda Berger, resimleri \u00fczerinden farkl\u0131 bir bak\u0131\u015f a\u00e7\u0131s\u0131yla okuyor Picasso\u2019yu. Okurun G\u00f6rme Bi\u00e7imleri ve O Ana Adanm\u0131\u015f adl\u0131 kitaplar\u0131ndan da a\u015fina oldu\u011fu g\u00f6rme zevkini ve ele\u015ftirelli\u011fini bu kitab\u0131yla da s\u00fcrd\u00fcr\u00fcyor. \ufffcTan\u0131t\u0131m Metni<\/p>\n","protected":false},"excerpt":{"rendered":"<p>Yirminci y\u00fczy\u0131l\u0131n en varl\u0131kl\u0131 ve \u00fcnl\u00fc sanat\u00e7\u0131s\u0131 olarak \u00f6len Picasso, yorulmak bilmeyen yarat\u0131c\u0131l\u0131\u011f\u0131 ve \u015fa\u015f\u0131rt\u0131c\u0131l\u0131\u011f\u0131yla hen\u00fcz hayattayken bile bir efsane olmu\u015ftu. B\u00f6ylece kitaplar, kartlar, r\u00f6prod\u00fcksiyonlardan olu\u015fan<span class=\"excerpt-hellip\"> [\u2026]<\/span><\/p>\n","protected":false},"featured_media":0,"template":"","meta":{"_monsterinsights_skip_tracking":false,"_monsterinsights_sitenote_active":false,"_monsterinsights_sitenote_note":"","_monsterinsights_sitenote_category":0},"product_brand":[],"product_cat":[15733,12408],"product_tag":[],"class_list":{"0":"post-785714","1":"product","2":"type-product","3":"status-publish","5":"product_cat-resim","6":"product_cat-sanat","7":"pa_cilt-ciltsiz","8":"pa_tur-kitap","9":"pa_yayinevi-metis-yayinlari","10":"pa_yazar-john-berger","12":"first","13":"instock","14":"sale","15":"shipping-taxable","16":"purchasable","17":"product-type-simple"},"_links":{"self":[{"href":"https:\/\/roveyayinevi.com.tr\/index.php\/wp-json\/wp\/v2\/product\/785714","targetHints":{"allow":["GET"]}}],"collection":[{"href":"https:\/\/roveyayinevi.com.tr\/index.php\/wp-json\/wp\/v2\/product"}],"about":[{"href":"https:\/\/roveyayinevi.com.tr\/index.php\/wp-json\/wp\/v2\/types\/product"}],"wp:attachment":[{"href":"https:\/\/roveyayinevi.com.tr\/index.php\/wp-json\/wp\/v2\/media?parent=785714"}],"wp:term":[{"taxonomy":"product_brand","embeddable":true,"href":"https:\/\/roveyayinevi.com.tr\/index.php\/wp-json\/wp\/v2\/product_brand?post=785714"},{"taxonomy":"product_cat","embeddable":true,"href":"https:\/\/roveyayinevi.com.tr\/index.php\/wp-json\/wp\/v2\/product_cat?post=785714"},{"taxonomy":"product_tag","embeddable":true,"href":"https:\/\/roveyayinevi.com.tr\/index.php\/wp-json\/wp\/v2\/product_tag?post=785714"}],"curies":[{"name":"wp","href":"https:\/\/api.w.org\/{rel}","templated":true}]}}