{"id":785711,"date":"2026-04-08T01:58:23","date_gmt":"2026-04-07T22:58:23","guid":{"rendered":"https:\/\/roveyayinevi.com.tr\/index.php\/urun\/sanat-siyaset\/"},"modified":"2026-04-16T01:58:48","modified_gmt":"2026-04-15T22:58:48","slug":"sanat-siyaset","status":"publish","type":"product","link":"https:\/\/roveyayinevi.com.tr\/index.php\/urun\/sanat-siyaset\/","title":{"rendered":"Sanat \/ Siyaset"},"content":{"rendered":"<p>Sanat siyaseti i\u00e7erir mi, d\u0131\u015f\u0131nda m\u0131 b\u0131rak\u0131r? Yoksa sanat\u0131nki b\u00fcsb\u00fct\u00fcn ba\u015fka bir siyaset midir? Ya da&#8230; sanat\u0131n, hayat\u0131; hayalg\u00fcc\u00fcn\u00fcn de ger\u00e7ekli\u011fi d\u00f6n\u00fc\u015ft\u00fcrebilme kudreti genelge\u00e7er siyaseti tehdit mi eder? Plato bu y\u00fczden mi \u015fairleri ideal kentinden kovmu\u015ftur? Otokratik k\u00fclt\u00fcrlerin yap\u0131lanmas\u0131nda siyasetin estetikle\u015ftirilmesi ve sanat\u0131n pop\u00fclerle\u015ftirilmesi nas\u0131l rol oynar? Modernli\u011fin siyasal ve sanatsal \u00fctopyalar\u0131 iflas m\u0131 etmi\u015ftir? Sanat\u0131n ve siyasetin sonunda m\u0131y\u0131z?.. Walter Benjamin, Hal Foster, Lev Kreft ve \u00e7a\u011fda\u015f esteti\u011fin y\u0131ld\u0131z\u0131 Jacques Ranci\u00e8re, Sanat\/ Siyaset derlemesinin ilk b\u00f6l\u00fcm\u00fcnde bu gibi ezeli tart\u0131\u015fmalarla u\u011fra\u015f\u0131r ve sanat\u0131n vaat etti\u011fi umutlar\u0131n izini ararlar. \u201cSanat\u201d\u0131n ve \u201csiyaset\u201din \u00f6zellikle g\u00fcn\u00fcm\u00fczdeki d\u00f6n\u00fc\u015f\u00fcm\u00fcn\u00fc inceledi\u011fi Sunu\u015f yaz\u0131s\u0131nda ise Lev Kreft, bu tart\u0131\u015fmalar\u0131 do\u011furan sanat tarihine \u0131\u015f\u0131k tutmaktad\u0131r. Derlemenin ikinci b\u00f6l\u00fcm\u00fcnde Serge Guilbaut, Renata Salecl ve Brian Wallis, k\u00fclt\u00fcrel politikalar\u0131n sanat \u00fczerinde nas\u0131l iktidar kurduklar\u0131na ili\u015fkin \u00e7arp\u0131c\u0131 \u00f6rnekleri incelerler: \u0130kinci D\u00fcnya Sava\u015f\u0131 ertesinde New York, nas\u0131l Paris\u2019in icad\u0131 modernizmi kendine mal ederek Avrupa \u00fczerinde bir k\u00fclt\u00fcrel hegemonya olu\u015fturmu\u015ftur? Reklam imparatoru Charles Saatchi\u2019nin koleksiyonunda \u00e7a\u011fda\u015f sanatlarla, \u00e7a\u011fda\u015f sava\u015flar\u0131n ili\u015fkisi nas\u0131l belirir? T\u00fcrkiye\u2019deki 12 Eyl\u00fcl Darbesi\u2019nin me\u015frula\u015ft\u0131r\u0131lmas\u0131nda sanat nas\u0131l y\u00f6netilmi\u015ftir?<\/p>\n","protected":false},"excerpt":{"rendered":"<p>Sanat siyaseti i\u00e7erir mi, d\u0131\u015f\u0131nda m\u0131 b\u0131rak\u0131r? Yoksa sanat\u0131nki b\u00fcsb\u00fct\u00fcn ba\u015fka bir siyaset midir? Ya da&#8230; sanat\u0131n, hayat\u0131; hayalg\u00fcc\u00fcn\u00fcn de ger\u00e7ekli\u011fi d\u00f6n\u00fc\u015ft\u00fcrebilme kudreti genelge\u00e7er siyaseti tehdit<span class=\"excerpt-hellip\"> [\u2026]<\/span><\/p>\n","protected":false},"featured_media":0,"template":"","meta":{"_monsterinsights_skip_tracking":false,"_monsterinsights_sitenote_active":false,"_monsterinsights_sitenote_note":"","_monsterinsights_sitenote_category":0},"product_brand":[],"product_cat":[12312,12304],"product_tag":[],"class_list":{"0":"post-785711","1":"product","2":"type-product","3":"status-publish","5":"product_cat-diger","6":"product_cat-tarih","7":"pa_cilt-ciltsiz","8":"pa_tur-kitap","9":"pa_yayinevi-iletisim-yayinlari","10":"pa_yazar-ali-artun-ed","12":"first","13":"instock","14":"sale","15":"shipping-taxable","16":"purchasable","17":"product-type-simple"},"_links":{"self":[{"href":"https:\/\/roveyayinevi.com.tr\/index.php\/wp-json\/wp\/v2\/product\/785711","targetHints":{"allow":["GET"]}}],"collection":[{"href":"https:\/\/roveyayinevi.com.tr\/index.php\/wp-json\/wp\/v2\/product"}],"about":[{"href":"https:\/\/roveyayinevi.com.tr\/index.php\/wp-json\/wp\/v2\/types\/product"}],"wp:attachment":[{"href":"https:\/\/roveyayinevi.com.tr\/index.php\/wp-json\/wp\/v2\/media?parent=785711"}],"wp:term":[{"taxonomy":"product_brand","embeddable":true,"href":"https:\/\/roveyayinevi.com.tr\/index.php\/wp-json\/wp\/v2\/product_brand?post=785711"},{"taxonomy":"product_cat","embeddable":true,"href":"https:\/\/roveyayinevi.com.tr\/index.php\/wp-json\/wp\/v2\/product_cat?post=785711"},{"taxonomy":"product_tag","embeddable":true,"href":"https:\/\/roveyayinevi.com.tr\/index.php\/wp-json\/wp\/v2\/product_tag?post=785711"}],"curies":[{"name":"wp","href":"https:\/\/api.w.org\/{rel}","templated":true}]}}