{"id":785708,"date":"2026-04-07T03:42:11","date_gmt":"2026-04-07T00:42:11","guid":{"rendered":"https:\/\/roveyayinevi.com.tr\/index.php\/urun\/sevda-bugusu\/"},"modified":"2026-04-15T03:49:42","modified_gmt":"2026-04-15T00:49:42","slug":"sevda-bugusu","status":"publish","type":"product","link":"https:\/\/roveyayinevi.com.tr\/index.php\/urun\/sevda-bugusu\/","title":{"rendered":"Sevda Bu\u011fusu"},"content":{"rendered":"<p>\u015e\u00e2irler, \u015fiar sahibidirler. \u0130lkeli, \u00f6l\u00e7\u00fcl\u00fc ve bir tak\u0131m d\u00fcsturlar \u00e7er\u00e7evesinde \u015fiire hayat verir ve duygular\u0131 kelimelerle in\u015f\u00e2 ederek g\u00f6n\u00fcllerde taht kurarlar. B\u00fct\u00fcn bunlardan m\u00fctevellid \u015f\u00e2ir; mimard\u0131r, b\u00e2n\u00eedir&#8230; Kelimelerle s\u00f6z kaleleri bina ederler. Yukar\u0131daki girizg\u00e2h\u0131 yapacak duygusal olgunlu\u011fa eri\u015fmemde b\u00fcy\u00fck katk\u0131s\u0131 olan ve bu y\u0131l do\u011fumunun 100\u2019\u00fcnc\u00fc y\u0131l\u0131n\u0131 kutlayaca\u011f\u0131m\u0131z manev\u00ee babam Bekir S\u0131tk\u0131 Erdo\u011fan\u2019dan ald\u0131\u011f\u0131m naz\u0131m dersi ve edebiyat\u0131n Z\u00fcmr\u00fcd \u00fc Ank\u00e2s\u0131 olan \u015fiire tutkum bug\u00fcn bu kitapla bir kez daha kendini g\u00f6sterdi. Kitab\u0131ma her hayr\u0131n ba\u015f\u0131 olan \u201cBesmele\u201d \u015fiiri ile ba\u011flay\u0131p, vel\u00fbd bir eser olsun diye \u201cAnne\u201d \u015fiiri ile bitirdim ve bu kitab\u0131 manev\u00ee babam merhum Bekir S\u0131tk\u0131 Erdo\u011fan\u2019a adad\u0131m. S\u00f6z\u00fcm\u00fc \u0130brahim Sa\u011f\u0131r\u2019\u0131n her \u015fiirin mukaddimesi olacak \u015fu beyit ile hit\u00e2ma erdiriyorum. \u201c\u015e\u00e2ire h\u00fcz\u00fcn gerek, \u015fiire vezin gerek; \u015eiir s\u00f6ylemek i\u00e7in Allah\u2019tan izin gerek!..\u201d<\/p>\n","protected":false},"excerpt":{"rendered":"<p>\u015e\u00e2irler, \u015fiar sahibidirler. \u0130lkeli, \u00f6l\u00e7\u00fcl\u00fc ve bir tak\u0131m d\u00fcsturlar \u00e7er\u00e7evesinde \u015fiire hayat verir ve duygular\u0131 kelimelerle in\u015f\u00e2 ederek g\u00f6n\u00fcllerde taht kurarlar. B\u00fct\u00fcn bunlardan m\u00fctevellid \u015f\u00e2ir; mimard\u0131r,<span class=\"excerpt-hellip\"> [\u2026]<\/span><\/p>\n","protected":false},"featured_media":0,"template":"","meta":{"_monsterinsights_skip_tracking":false,"_monsterinsights_sitenote_active":false,"_monsterinsights_sitenote_note":"","_monsterinsights_sitenote_category":0},"product_brand":[],"product_cat":[12291,12509],"product_tag":[],"class_list":{"0":"post-785708","1":"product","2":"type-product","3":"status-publish","5":"product_cat-edebiyat","6":"product_cat-siir","7":"pa_cilt-ciltsiz","8":"pa_tur-kitap","9":"pa_yayinevi-bilgekut-yayinlari","10":"pa_yazar-faruk-gokbulut","12":"first","13":"instock","14":"sale","15":"shipping-taxable","16":"purchasable","17":"product-type-simple"},"_links":{"self":[{"href":"https:\/\/roveyayinevi.com.tr\/index.php\/wp-json\/wp\/v2\/product\/785708","targetHints":{"allow":["GET"]}}],"collection":[{"href":"https:\/\/roveyayinevi.com.tr\/index.php\/wp-json\/wp\/v2\/product"}],"about":[{"href":"https:\/\/roveyayinevi.com.tr\/index.php\/wp-json\/wp\/v2\/types\/product"}],"wp:attachment":[{"href":"https:\/\/roveyayinevi.com.tr\/index.php\/wp-json\/wp\/v2\/media?parent=785708"}],"wp:term":[{"taxonomy":"product_brand","embeddable":true,"href":"https:\/\/roveyayinevi.com.tr\/index.php\/wp-json\/wp\/v2\/product_brand?post=785708"},{"taxonomy":"product_cat","embeddable":true,"href":"https:\/\/roveyayinevi.com.tr\/index.php\/wp-json\/wp\/v2\/product_cat?post=785708"},{"taxonomy":"product_tag","embeddable":true,"href":"https:\/\/roveyayinevi.com.tr\/index.php\/wp-json\/wp\/v2\/product_tag?post=785708"}],"curies":[{"name":"wp","href":"https:\/\/api.w.org\/{rel}","templated":true}]}}