{"id":785701,"date":"2026-04-07T03:41:42","date_gmt":"2026-04-07T00:41:42","guid":{"rendered":"https:\/\/roveyayinevi.com.tr\/index.php\/urun\/roman-kavrami-ve-turk-romaninin-dogusu\/"},"modified":"2026-04-15T03:49:42","modified_gmt":"2026-04-15T00:49:42","slug":"roman-kavrami-ve-turk-romaninin-dogusu","status":"publish","type":"product","link":"https:\/\/roveyayinevi.com.tr\/index.php\/urun\/roman-kavrami-ve-turk-romaninin-dogusu\/","title":{"rendered":"Roman Kavram\u0131 ve T\u00fcrk Roman\u0131n\u0131n Do\u011fu\u015fu"},"content":{"rendered":"<p>\u00dclkemizde, bireysel ve toplumsal olan\u0131n ger\u00e7e\u011fini anlama kaynaklar\u0131ndan birisi romand\u0131r art\u0131k. Ancak roman\u0131n ne oldu\u011fu ve ne olmad\u0131\u011f\u0131 \u00fczerine do\u011fru bilgi edinmeden, \u2018birinci s\u0131n\u0131f roman okuyucusu\u2019 bile olmak m\u00fcmk\u00fcn g\u00f6r\u00fcnm\u00fcyor. Prof. Dr. Durali Y\u0131lmaz taraf\u0131ndan kaleme al\u0131nan Roman Kavram\u0131 ve T\u00fcrk Roman\u0131n\u0131n Do\u011fu\u015fu\u2019nda T\u00fcrk romanc\u0131l\u0131\u011f\u0131n\u0131n sa\u011fl\u0131kl\u0131 bir yap\u0131ya kavu\u015fturulabilmesi ve milli romanc\u0131l\u0131\u011f\u0131n geli\u015fmesi i\u00e7in, do\u011fu\u015f safhas\u0131n\u0131n ve geli\u015fme seyrinin \u00e7ok iyi bilinmesinin gereklili\u011finden hareketle, Tanzimat devri yazarlar\u0131n\u0131 ele al\u0131p, onlar\u0131n dil aray\u0131\u015flar\u0131n\u0131, eski edebiyata bak\u0131\u015flar\u0131n\u0131, Avrupa edebiyat\u0131ndan ne anlad\u0131klar\u0131n\u0131 ve ondan ne \u015fekilde istifadeyi gerekli g\u00f6rd\u00fcklerini, \u00f6zellikle roman anlay\u0131\u015flar\u0131n\u0131 inceleyerek okuyucu ve ara\u015ft\u0131rmac\u0131lar\u0131n dikkatine sunmaktad\u0131r.<\/p>\n","protected":false},"excerpt":{"rendered":"<p>\u00dclkemizde, bireysel ve toplumsal olan\u0131n ger\u00e7e\u011fini anlama kaynaklar\u0131ndan birisi romand\u0131r art\u0131k. Ancak roman\u0131n ne oldu\u011fu ve ne olmad\u0131\u011f\u0131 \u00fczerine do\u011fru bilgi edinmeden, \u2018birinci s\u0131n\u0131f roman okuyucusu\u2019<span class=\"excerpt-hellip\"> [\u2026]<\/span><\/p>\n","protected":false},"featured_media":0,"template":"","meta":{"_monsterinsights_skip_tracking":false,"_monsterinsights_sitenote_active":false,"_monsterinsights_sitenote_note":"","_monsterinsights_sitenote_category":0},"product_brand":[],"product_cat":[13072,12291],"product_tag":[],"class_list":{"0":"post-785701","1":"product","2":"type-product","3":"status-publish","5":"product_cat-arastirma-inceleme-referans","6":"product_cat-edebiyat","7":"pa_cilt-ciltsiz","8":"pa_tur-kitap","9":"pa_yayinevi-korkut-yayinlari","10":"pa_yazar-durali-yilmaz","12":"first","13":"instock","14":"sale","15":"shipping-taxable","16":"purchasable","17":"product-type-simple"},"_links":{"self":[{"href":"https:\/\/roveyayinevi.com.tr\/index.php\/wp-json\/wp\/v2\/product\/785701","targetHints":{"allow":["GET"]}}],"collection":[{"href":"https:\/\/roveyayinevi.com.tr\/index.php\/wp-json\/wp\/v2\/product"}],"about":[{"href":"https:\/\/roveyayinevi.com.tr\/index.php\/wp-json\/wp\/v2\/types\/product"}],"wp:attachment":[{"href":"https:\/\/roveyayinevi.com.tr\/index.php\/wp-json\/wp\/v2\/media?parent=785701"}],"wp:term":[{"taxonomy":"product_brand","embeddable":true,"href":"https:\/\/roveyayinevi.com.tr\/index.php\/wp-json\/wp\/v2\/product_brand?post=785701"},{"taxonomy":"product_cat","embeddable":true,"href":"https:\/\/roveyayinevi.com.tr\/index.php\/wp-json\/wp\/v2\/product_cat?post=785701"},{"taxonomy":"product_tag","embeddable":true,"href":"https:\/\/roveyayinevi.com.tr\/index.php\/wp-json\/wp\/v2\/product_tag?post=785701"}],"curies":[{"name":"wp","href":"https:\/\/api.w.org\/{rel}","templated":true}]}}