{"id":785698,"date":"2026-04-07T03:41:30","date_gmt":"2026-04-07T00:41:30","guid":{"rendered":"https:\/\/roveyayinevi.com.tr\/index.php\/urun\/bedenini-dinle\/"},"modified":"2026-04-15T03:49:20","modified_gmt":"2026-04-15T00:49:20","slug":"bedenini-dinle","status":"publish","type":"product","link":"https:\/\/roveyayinevi.com.tr\/index.php\/urun\/bedenini-dinle\/","title":{"rendered":"Bedenini Dinle"},"content":{"rendered":"<p>Hastal\u0131klar belki de bedeninin seninle konu\u015fmas\u0131n\u0131n tek yoludur.Hi\u00e7 d\u00fc\u015f\u00fcnd\u00fcn\u00fcz m\u00fc, hastal\u0131klar belki de bedenin de\u011fil, i\u00e7 d\u00fcnyam\u0131z\u0131n sesidir?Alan\u0131nda sayg\u0131n bir hekim olan Dr. Elif G\u00fcvelo\u011flu, modern t\u0131bb\u0131n g\u00f6z ard\u0131 etti\u011fi duygusal derinlikleri,kadim bilgelikle bulu\u015fturuyor; bilimi kalple, akl\u0131 sezgiyle bir araya getiriyor.Kanserden depresyona, panik ataktan otoimm\u00fcn hastal\u0131klara kadar bir\u00e7ok rahats\u0131zl\u0131\u011f\u0131n ard\u0131ndakig\u00f6r\u00fcnmeyen nedenlerin izini s\u00fcr\u00fcyor.Bast\u0131r\u0131lm\u0131\u015f duygular\u0131n, s\u00f6ylenememi\u015f s\u00f6zlerin, i\u00e7imizde yank\u0131lanan korkular\u0131n bedenimizde nas\u0131l yank\u0131buldu\u011funu sade ve \u00e7arp\u0131c\u0131 bir dille anlat\u0131yor.Bir hekim olarak, yaln\u0131zca te\u015fhis ve tedaviyi de\u011fil;neden o hastal\u0131\u011f\u0131n, o anda, o ki\u015fide ortaya \u00e7\u0131kt\u0131\u011f\u0131n\u0131 sorguluyor. Ve her sat\u0131r\u0131nda bize \u015fu ger\u00e7e\u011fihat\u0131rlat\u0131yor: \u201cBeden konu\u015fur\u2026 ama \u00f6nce dinlemeyi \u00f6\u011frenmeliyiz.\u201d\u201cBedenini Dinle\u201d, sadece t\u0131bb\u00ee bilgiler sunmaz; ayn\u0131 zamanda kendinizle bar\u0131\u015fman\u0131n, ge\u00e7mi\u015finy\u00fcklerinden \u00f6zg\u00fcrle\u015fmenin ve zihnin iyile\u015ftirici g\u00fcc\u00fcn\u00fc yeniden ke\u015ffetmenin yollar\u0131n\u0131 g\u00f6sterir.Art\u0131k hastal\u0131klardan korkman\u0131n de\u011fil, onlardan \u00f6\u011frenmenin zaman\u0131.<\/p>\n","protected":false},"excerpt":{"rendered":"<p>Hastal\u0131klar belki de bedeninin seninle konu\u015fmas\u0131n\u0131n tek yoludur.Hi\u00e7 d\u00fc\u015f\u00fcnd\u00fcn\u00fcz m\u00fc, hastal\u0131klar belki de bedenin de\u011fil, i\u00e7 d\u00fcnyam\u0131z\u0131n sesidir?Alan\u0131nda sayg\u0131n bir hekim olan Dr. Elif G\u00fcvelo\u011flu, modern<span class=\"excerpt-hellip\"> [\u2026]<\/span><\/p>\n","protected":false},"featured_media":0,"template":"","meta":{"_monsterinsights_skip_tracking":false,"_monsterinsights_sitenote_active":false,"_monsterinsights_sitenote_note":"","_monsterinsights_sitenote_category":0},"product_brand":[],"product_cat":[12364,12376],"product_tag":[],"class_list":{"0":"post-785698","1":"product","2":"type-product","3":"status-publish","5":"product_cat-genel-konular","6":"product_cat-kisisel-gelisim","7":"pa_cilt-ciltsiz","8":"pa_tur-kitap","9":"pa_yayinevi-hayykitap","10":"pa_yazar-elif-guveloglu","12":"first","13":"instock","14":"sale","15":"shipping-taxable","16":"purchasable","17":"product-type-simple"},"_links":{"self":[{"href":"https:\/\/roveyayinevi.com.tr\/index.php\/wp-json\/wp\/v2\/product\/785698","targetHints":{"allow":["GET"]}}],"collection":[{"href":"https:\/\/roveyayinevi.com.tr\/index.php\/wp-json\/wp\/v2\/product"}],"about":[{"href":"https:\/\/roveyayinevi.com.tr\/index.php\/wp-json\/wp\/v2\/types\/product"}],"wp:attachment":[{"href":"https:\/\/roveyayinevi.com.tr\/index.php\/wp-json\/wp\/v2\/media?parent=785698"}],"wp:term":[{"taxonomy":"product_brand","embeddable":true,"href":"https:\/\/roveyayinevi.com.tr\/index.php\/wp-json\/wp\/v2\/product_brand?post=785698"},{"taxonomy":"product_cat","embeddable":true,"href":"https:\/\/roveyayinevi.com.tr\/index.php\/wp-json\/wp\/v2\/product_cat?post=785698"},{"taxonomy":"product_tag","embeddable":true,"href":"https:\/\/roveyayinevi.com.tr\/index.php\/wp-json\/wp\/v2\/product_tag?post=785698"}],"curies":[{"name":"wp","href":"https:\/\/api.w.org\/{rel}","templated":true}]}}