{"id":785697,"date":"2026-04-07T03:41:23","date_gmt":"2026-04-07T00:41:23","guid":{"rendered":"https:\/\/roveyayinevi.com.tr\/index.php\/urun\/olume-kosanlar\/"},"modified":"2026-04-15T03:48:54","modified_gmt":"2026-04-15T00:48:54","slug":"olume-kosanlar","status":"publish","type":"product","link":"https:\/\/roveyayinevi.com.tr\/index.php\/urun\/olume-kosanlar\/","title":{"rendered":"\u00d6l\u00fcme Ko\u015fanlar"},"content":{"rendered":"<p>1870\u2019lerin payitaht\u0131\u2026\u0130hti\u015fam ile \u00e7\u00fcr\u00fcmenin, sadakat ile isyan\u0131n ayn\u0131 g\u00f6lgede y\u00fcr\u00fcd\u00fc\u011f\u00fc bir zaman.K\u0131r\u0131m Harbi\u2019nde \u015fehit d\u00fc\u015fen bir bahriye y\u00fczba\u015f\u0131s\u0131n\u0131n o\u011flu; Mehmed Said, \u00e7ocuk ya\u015fta kaybetti\u011fi babas\u0131n\u0131n izindengiderek zabit olur. Yetimli\u011fin, yoksullu\u011fun ve devlet borcunun a\u011f\u0131rl\u0131\u011f\u0131yla b\u00fcy\u00fcyen bu gen\u00e7 m\u00fclaz\u0131m; bir yandan\u0130stanbul\u2019un kalbinde de\u011fi\u015fen d\u00fczeni, artan g\u00f6\u00e7leri, s\u00fcrg\u00fcnleri ve yang\u0131nlar\u0131 seyrederken, di\u011fer yandan kendikaderine do\u011fru y\u00fcr\u00fcmektedir.Dolmabah\u00e7e r\u0131ht\u0131m\u0131nda \u015eeyh \u015eamil\u2019in kar\u015f\u0131lan\u0131\u015f\u0131, Ta\u015fk\u0131\u015fla\u2019daki asker\u00ee hayat, Karak\u00f6y\u2019\u00fcn \u00e7ok uluslu kalabal\u0131\u011f\u0131,Hocapa\u015fa\u2019n\u0131n dar sokaklar\u0131\u2026Bir imparatorlu\u011fun nabz\u0131 atarken, Mehmed Said i\u00e7in as\u0131l imtihan hen\u00fcz ba\u015flamam\u0131\u015ft\u0131r.A\u015fk\u0131n s\u00fck\u00fbnetiyle devletin ate\u015fi aras\u0131nda kalan bir y\u00fcrek\u2026Ve tarihin, baz\u0131lar\u0131n\u0131 ger\u00e7ekten \u00f6l\u00fcme ko\u015fturdu\u011fu bir \u00e7a\u011f.<\/p>\n","protected":false},"excerpt":{"rendered":"<p>1870\u2019lerin payitaht\u0131\u2026\u0130hti\u015fam ile \u00e7\u00fcr\u00fcmenin, sadakat ile isyan\u0131n ayn\u0131 g\u00f6lgede y\u00fcr\u00fcd\u00fc\u011f\u00fc bir zaman.K\u0131r\u0131m Harbi\u2019nde \u015fehit d\u00fc\u015fen bir bahriye y\u00fczba\u015f\u0131s\u0131n\u0131n o\u011flu; Mehmed Said, \u00e7ocuk ya\u015fta kaybetti\u011fi babas\u0131n\u0131n izindengiderek<span class=\"excerpt-hellip\"> [\u2026]<\/span><\/p>\n","protected":false},"featured_media":0,"template":"","meta":{"_monsterinsights_skip_tracking":false,"_monsterinsights_sitenote_active":false,"_monsterinsights_sitenote_note":"","_monsterinsights_sitenote_category":0},"product_brand":[],"product_cat":[12291,12745],"product_tag":[],"class_list":{"0":"post-785697","1":"product","2":"type-product","3":"status-publish","5":"product_cat-edebiyat","6":"product_cat-tarihi-roman","7":"pa_cilt-ciltsiz","8":"pa_tur-kitap","9":"pa_yayinevi-luna-yayinlari","10":"pa_yazar-murat-tok","12":"first","13":"instock","14":"sale","15":"shipping-taxable","16":"purchasable","17":"product-type-simple"},"_links":{"self":[{"href":"https:\/\/roveyayinevi.com.tr\/index.php\/wp-json\/wp\/v2\/product\/785697","targetHints":{"allow":["GET"]}}],"collection":[{"href":"https:\/\/roveyayinevi.com.tr\/index.php\/wp-json\/wp\/v2\/product"}],"about":[{"href":"https:\/\/roveyayinevi.com.tr\/index.php\/wp-json\/wp\/v2\/types\/product"}],"wp:attachment":[{"href":"https:\/\/roveyayinevi.com.tr\/index.php\/wp-json\/wp\/v2\/media?parent=785697"}],"wp:term":[{"taxonomy":"product_brand","embeddable":true,"href":"https:\/\/roveyayinevi.com.tr\/index.php\/wp-json\/wp\/v2\/product_brand?post=785697"},{"taxonomy":"product_cat","embeddable":true,"href":"https:\/\/roveyayinevi.com.tr\/index.php\/wp-json\/wp\/v2\/product_cat?post=785697"},{"taxonomy":"product_tag","embeddable":true,"href":"https:\/\/roveyayinevi.com.tr\/index.php\/wp-json\/wp\/v2\/product_tag?post=785697"}],"curies":[{"name":"wp","href":"https:\/\/api.w.org\/{rel}","templated":true}]}}