{"id":785693,"date":"2026-04-07T03:41:07","date_gmt":"2026-04-07T00:41:07","guid":{"rendered":"https:\/\/roveyayinevi.com.tr\/index.php\/urun\/yapay-zeka-caginda-liderlik-ve-organizasyonel-donusum\/"},"modified":"2026-04-15T03:48:48","modified_gmt":"2026-04-15T00:48:48","slug":"yapay-zeka-caginda-liderlik-ve-organizasyonel-donusum","status":"publish","type":"product","link":"https:\/\/roveyayinevi.com.tr\/index.php\/urun\/yapay-zeka-caginda-liderlik-ve-organizasyonel-donusum\/","title":{"rendered":"Yapay Zek\u00e2 \u00c7a\u011f\u0131nda Liderlik Ve Organizasyonel D\u00f6n\u00fc\u015f\u00fcm"},"content":{"rendered":"<p>\u0130\u00e7indekiler :   \u00b7         D\u0130J\u0130TAL \u00c7A\u011eDA L\u0130DERL\u0130K KAVRAMININ EVR\u0130M\u0130   \u00b7         D\u0130J\u0130TAL L\u0130DERL\u0130K YETK\u0130NL\u0130KLER\u0130 VE BECER\u0130LER\u0130   \u00b7         L\u0130DERL\u0130K TARZLARININ TEKNOLOJ\u0130 \u0130LE D\u00d6N\u00dc\u015e\u00dcM\u00dc   \u00b7         YAPAY ZEKA \u0130LE STRATEJ\u0130K KARAR ALMA S\u00dcRE\u00c7LER\u0130   \u00b7         VER\u0130 ODAKLI Y\u00d6NET\u0130M VE L\u0130DERL\u0130K   \u00b7         \u0130NSAN KAYNAKLARINDA YAPAY ZEKA KULLANIMI   \u00b7         PERFORMANS Y\u00d6NET\u0130M\u0130NDE D\u0130J\u0130TAL D\u00d6N\u00dc\u015e\u00dcM   \u00b7         \u00c7ALI\u015eAN DENEY\u0130M\u0130 ve YAPAY ZEKA ETK\u0130LE\u015e\u0130M\u0130   \u00b7         KR\u0130Z D\u00d6NEMLER\u0130NDE D\u0130J\u0130TAL L\u0130DERL\u0130K       \u00b7         ET\u0130K L\u0130DERL\u0130K VE YAPAY ZEKA KULLANIMI   \u00b7         UZAKTAN VE H\u0130BR\u0130T \u00c7ALI\u015eMA MODELLER\u0130NDE L\u0130DERL\u0130K   \u00b7         GELECE\u011e\u0130N L\u0130DERL\u0130K TRENDLER\u0130   \u00b7         YAPAY ZEKA \u00c7A\u011eINDA L\u0130DERL\u0130K VE ORGAN\u0130ZASYONEL D\u00d6N\u00dc\u015e\u00dcM \u00dcZER\u0130NE SONU\u00c7 VE \u00d6NER\u0130LER<\/p>\n","protected":false},"excerpt":{"rendered":"<p>\u0130\u00e7indekiler : \u00b7 D\u0130J\u0130TAL \u00c7A\u011eDA L\u0130DERL\u0130K KAVRAMININ EVR\u0130M\u0130 \u00b7 D\u0130J\u0130TAL L\u0130DERL\u0130K YETK\u0130NL\u0130KLER\u0130 VE BECER\u0130LER\u0130 \u00b7 L\u0130DERL\u0130K TARZLARININ TEKNOLOJ\u0130 \u0130LE D\u00d6N\u00dc\u015e\u00dcM\u00dc \u00b7 YAPAY ZEKA \u0130LE STRATEJ\u0130K KARAR<span class=\"excerpt-hellip\"> [\u2026]<\/span><\/p>\n","protected":false},"featured_media":0,"template":"","meta":{"_monsterinsights_skip_tracking":false,"_monsterinsights_sitenote_active":false,"_monsterinsights_sitenote_note":"","_monsterinsights_sitenote_category":0},"product_brand":[],"product_cat":[13043,14381],"product_tag":[],"class_list":{"0":"post-785693","1":"product","2":"type-product","3":"status-publish","5":"product_cat-ekonomi","6":"product_cat-isletme-muhasebe-maliye","7":"pa_cilt-ciltsiz","8":"pa_tur-kitap","9":"pa_yayinevi-gazi-kitabevi","10":"pa_yazar-kolektif","12":"first","13":"instock","14":"sale","15":"shipping-taxable","16":"purchasable","17":"product-type-simple"},"_links":{"self":[{"href":"https:\/\/roveyayinevi.com.tr\/index.php\/wp-json\/wp\/v2\/product\/785693","targetHints":{"allow":["GET"]}}],"collection":[{"href":"https:\/\/roveyayinevi.com.tr\/index.php\/wp-json\/wp\/v2\/product"}],"about":[{"href":"https:\/\/roveyayinevi.com.tr\/index.php\/wp-json\/wp\/v2\/types\/product"}],"wp:attachment":[{"href":"https:\/\/roveyayinevi.com.tr\/index.php\/wp-json\/wp\/v2\/media?parent=785693"}],"wp:term":[{"taxonomy":"product_brand","embeddable":true,"href":"https:\/\/roveyayinevi.com.tr\/index.php\/wp-json\/wp\/v2\/product_brand?post=785693"},{"taxonomy":"product_cat","embeddable":true,"href":"https:\/\/roveyayinevi.com.tr\/index.php\/wp-json\/wp\/v2\/product_cat?post=785693"},{"taxonomy":"product_tag","embeddable":true,"href":"https:\/\/roveyayinevi.com.tr\/index.php\/wp-json\/wp\/v2\/product_tag?post=785693"}],"curies":[{"name":"wp","href":"https:\/\/api.w.org\/{rel}","templated":true}]}}