{"id":785692,"date":"2026-04-07T03:38:59","date_gmt":"2026-04-07T00:38:59","guid":{"rendered":"https:\/\/roveyayinevi.com.tr\/index.php\/urun\/suskun-sustali\/"},"modified":"2026-04-15T03:45:29","modified_gmt":"2026-04-15T00:45:29","slug":"suskun-sustali","status":"publish","type":"product","link":"https:\/\/roveyayinevi.com.tr\/index.php\/urun\/suskun-sustali\/","title":{"rendered":"Suskun Sustal\u0131"},"content":{"rendered":"<p>cebinde suskun bir sustal\u0131 kendi sustal\u0131s\u0131 bir ayna bir mendil bir mektup ba\u015fkas\u0131na \u00f6l\u00fcmle dans etmeye e\u011filimli ak\u015fam olsun da bakal\u0131m nereye gider bu rotas\u0131z tren nereye gider gecenin karanl\u0131\u011f\u0131nda g\u00f6vdesiz bir r\u00fcyad\u0131r \u0131\u015f\u0131klara bak\u0131yor parlas\u0131n diye ans\u0131z\u0131n avucunun i\u00e7inde \u00e7ekecek sustal\u0131y\u0131 \u015fak diye beklerken bir a\u011fa\u00e7tan dal yontacak mektup kimden kime<\/p>\n","protected":false},"excerpt":{"rendered":"<p>cebinde suskun bir sustal\u0131 kendi sustal\u0131s\u0131 bir ayna bir mendil bir mektup ba\u015fkas\u0131na \u00f6l\u00fcmle dans etmeye e\u011filimli ak\u015fam olsun da bakal\u0131m nereye gider bu rotas\u0131z tren<span class=\"excerpt-hellip\"> [\u2026]<\/span><\/p>\n","protected":false},"featured_media":0,"template":"","meta":{"_monsterinsights_skip_tracking":false,"_monsterinsights_sitenote_active":false,"_monsterinsights_sitenote_note":"","_monsterinsights_sitenote_category":0},"product_brand":[],"product_cat":[12291,12509],"product_tag":[],"class_list":{"0":"post-785692","1":"product","2":"type-product","3":"status-publish","5":"product_cat-edebiyat","6":"product_cat-siir","7":"pa_cilt-ciltsiz","8":"pa_tur-kitap","9":"pa_yayinevi-telgrafhane-yayinlari","10":"pa_yazar-guray-oz","12":"first","13":"instock","14":"sale","15":"shipping-taxable","16":"purchasable","17":"product-type-simple"},"_links":{"self":[{"href":"https:\/\/roveyayinevi.com.tr\/index.php\/wp-json\/wp\/v2\/product\/785692","targetHints":{"allow":["GET"]}}],"collection":[{"href":"https:\/\/roveyayinevi.com.tr\/index.php\/wp-json\/wp\/v2\/product"}],"about":[{"href":"https:\/\/roveyayinevi.com.tr\/index.php\/wp-json\/wp\/v2\/types\/product"}],"wp:attachment":[{"href":"https:\/\/roveyayinevi.com.tr\/index.php\/wp-json\/wp\/v2\/media?parent=785692"}],"wp:term":[{"taxonomy":"product_brand","embeddable":true,"href":"https:\/\/roveyayinevi.com.tr\/index.php\/wp-json\/wp\/v2\/product_brand?post=785692"},{"taxonomy":"product_cat","embeddable":true,"href":"https:\/\/roveyayinevi.com.tr\/index.php\/wp-json\/wp\/v2\/product_cat?post=785692"},{"taxonomy":"product_tag","embeddable":true,"href":"https:\/\/roveyayinevi.com.tr\/index.php\/wp-json\/wp\/v2\/product_tag?post=785692"}],"curies":[{"name":"wp","href":"https:\/\/api.w.org\/{rel}","templated":true}]}}