{"id":785691,"date":"2026-04-07T03:21:35","date_gmt":"2026-04-07T00:21:35","guid":{"rendered":"https:\/\/roveyayinevi.com.tr\/index.php\/urun\/erken-cocuklukta-yaratici-problem-cozme\/"},"modified":"2026-04-15T03:27:07","modified_gmt":"2026-04-15T00:27:07","slug":"erken-cocuklukta-yaratici-problem-cozme","status":"publish","type":"product","link":"https:\/\/roveyayinevi.com.tr\/index.php\/urun\/erken-cocuklukta-yaratici-problem-cozme\/","title":{"rendered":"Erken \u00c7ocuklukta Yarat\u0131c\u0131 Problem \u00c7\u00f6zme"},"content":{"rendered":"<p>Bu kitap, yarat\u0131c\u0131 problem \u00e7\u00f6zme becerilerinin geli\u015ftirilmesi konusunda siz de\u011ferli velilere ve \u00f6\u011fretmenlere rehberlik etmeyi ama\u00e7lamakla birlikte alternatif d\u00fc\u015f\u00fcnme becerilerini geli\u015ftirmeyi hedef edinmi\u015ftir. G\u00fcn\u00fcm\u00fczde, \u00e7ocuklar\u0131m\u0131z\u0131n kar\u015f\u0131la\u015ft\u0131\u011f\u0131 zorluklar giderek karma\u015f\u0131k hale gelmektedir.   Onlara sadece do\u011fru cevaplar\u0131 de\u011fil, ayn\u0131 zamanda bir probleme bir ka\u00e7 farkl\u0131 \u00e7\u00f6z\u00fcm \u00fcreterek, sorular sormalar\u0131n\u0131 sa\u011flayarak, yarat\u0131c\u0131 \u00e7\u00f6z\u00fcmler \u00fcretme becerilerini geli\u015ftirerek alternatif \u00e7\u00f6z\u00fcmlere ula\u015fmalar\u0131 i\u00e7in rehberlik yapmak \u00f6nem kazanmaktad\u0131r. Yarat\u0131c\u0131 problem \u00e7\u00f6zme, sadece do\u011fru sorular\u0131 sormak ve bu sorulara do\u011fru cevaplar bulmak de\u011fil, ayn\u0131 zamanda bu problemlere s\u0131rad\u0131\u015f\u0131 \u00e7\u00f6z\u00fcmler \u00fcreterek farkl\u0131 d\u00fc\u015f\u00fcnmeyi de ilgilendiren \u00f6nemli bir s\u00fcre\u00e7tir.   Bu s\u00fcre\u00e7, merak, esnek d\u00fc\u015f\u00fcnce, tak\u0131m \u00e7al\u0131\u015fmas\u0131, risk alma gibi pek \u00e7ok unsuru i\u00e7inde bar\u0131nd\u0131r\u0131r. Ayr\u0131ca bu beceriyi geli\u015ftirmek, bireyleri sadece sorunlar\u0131 \u00e7\u00f6zen de\u011fil, ayn\u0131 zamanda farkl\u0131 bak\u0131\u015f a\u00e7\u0131lar\u0131yla d\u00fc\u015f\u00fcnebilen, yenilik\u00e7i ve \u00f6zg\u00fcn d\u00fc\u015f\u00fcnceye sahip bireyler haline getirir.<\/p>\n","protected":false},"excerpt":{"rendered":"<p>Bu kitap, yarat\u0131c\u0131 problem \u00e7\u00f6zme becerilerinin geli\u015ftirilmesi konusunda siz de\u011ferli velilere ve \u00f6\u011fretmenlere rehberlik etmeyi ama\u00e7lamakla birlikte alternatif d\u00fc\u015f\u00fcnme becerilerini geli\u015ftirmeyi hedef edinmi\u015ftir. G\u00fcn\u00fcm\u00fczde, \u00e7ocuklar\u0131m\u0131z\u0131n kar\u015f\u0131la\u015ft\u0131\u011f\u0131<span class=\"excerpt-hellip\"> [\u2026]<\/span><\/p>\n","protected":false},"featured_media":0,"template":"","meta":{"_monsterinsights_skip_tracking":false,"_monsterinsights_sitenote_active":false,"_monsterinsights_sitenote_note":"","_monsterinsights_sitenote_category":0},"product_brand":[],"product_cat":[12573,12566],"product_tag":[],"class_list":{"0":"post-785691","1":"product","2":"type-product","3":"status-publish","5":"product_cat-akademik-kitaplar","6":"product_cat-egitim","7":"pa_cilt-ciltsiz","8":"pa_tur-kitap","9":"pa_yayinevi-egiten-kitap","10":"pa_yazar-zuleyha-halat-yuvaci","12":"first","13":"instock","14":"sale","15":"shipping-taxable","16":"purchasable","17":"product-type-simple"},"_links":{"self":[{"href":"https:\/\/roveyayinevi.com.tr\/index.php\/wp-json\/wp\/v2\/product\/785691","targetHints":{"allow":["GET"]}}],"collection":[{"href":"https:\/\/roveyayinevi.com.tr\/index.php\/wp-json\/wp\/v2\/product"}],"about":[{"href":"https:\/\/roveyayinevi.com.tr\/index.php\/wp-json\/wp\/v2\/types\/product"}],"wp:attachment":[{"href":"https:\/\/roveyayinevi.com.tr\/index.php\/wp-json\/wp\/v2\/media?parent=785691"}],"wp:term":[{"taxonomy":"product_brand","embeddable":true,"href":"https:\/\/roveyayinevi.com.tr\/index.php\/wp-json\/wp\/v2\/product_brand?post=785691"},{"taxonomy":"product_cat","embeddable":true,"href":"https:\/\/roveyayinevi.com.tr\/index.php\/wp-json\/wp\/v2\/product_cat?post=785691"},{"taxonomy":"product_tag","embeddable":true,"href":"https:\/\/roveyayinevi.com.tr\/index.php\/wp-json\/wp\/v2\/product_tag?post=785691"}],"curies":[{"name":"wp","href":"https:\/\/api.w.org\/{rel}","templated":true}]}}