{"id":785689,"date":"2026-04-07T03:01:15","date_gmt":"2026-04-07T00:01:15","guid":{"rendered":"https:\/\/roveyayinevi.com.tr\/index.php\/urun\/erken-cocukluk-doneminde-davranis-oruntuleri-ve-bozukluklar\/"},"modified":"2026-04-16T02:55:32","modified_gmt":"2026-04-15T23:55:32","slug":"erken-cocukluk-doneminde-davranis-oruntuleri-ve-bozukluklar","status":"publish","type":"product","link":"https:\/\/roveyayinevi.com.tr\/index.php\/urun\/erken-cocukluk-doneminde-davranis-oruntuleri-ve-bozukluklar\/","title":{"rendered":"Erken \u00c7ocukluk D\u00f6neminde Davran\u0131\u015f \u00d6r\u00fcnt\u00fcleri ve Bozukluklar"},"content":{"rendered":"<p>Geli\u015fimde bireysel farkl\u0131l\u0131klar bulunmaktad\u0131r. Gerek genetik gerekse \u00e7evresel etmenlere ba\u011fl\u0131 olarak ortaya \u00e7\u0131kan bu durumlarda, \u00e7ocuklarla etkile\u015fim halinde bulunan ebeveynler ve e\u011fitimciler, \u00e7ocuklar\u0131n farkl\u0131 olan bu \u00f6zellikleri a\u00e7\u0131s\u0131ndan onlar\u0131 y\u00f6nlendirebilmek i\u00e7in zaman zaman deste\u011fe ihtiya\u00e7 duyabilmektedir. Bu kitap ile \u00e7ocuklarda g\u00f6r\u00fclen davran\u0131\u015f \u00f6r\u00fcnt\u00fcleri ve bozukluklar\u0131n tan\u0131mlar\u0131 ile birlikte ele al\u0131narak vaka \u00f6rnekleri, etkinlik \u00f6rnekleri, ebeveynlere ve e\u011fitimcilere \u00f6neriler sunmak ama\u00e7lanm\u0131\u015ft\u0131r.   Erken \u00c7ocukluk D\u00f6neminde Davran\u0131\u015f \u00d6r\u00fcnt\u00fcleri ve Bozukluklar\u0131 kitab\u0131 ile erken \u00e7ocukluk d\u00f6neminde g\u00f6r\u00fclen bozukluklardan uyum ve davran\u0131\u015f, kayg\u0131 ve duygu durum, psikopatolojik, d\u0131\u015fa at\u0131m, beslenme ve yeme, uyku, dil ve konu\u015fma, dikkat eksikli\u011fi ve hiperaktivite bozukluklar\u0131na de\u011finilmi\u015ftir.<\/p>\n","protected":false},"excerpt":{"rendered":"<p>Geli\u015fimde bireysel farkl\u0131l\u0131klar bulunmaktad\u0131r. Gerek genetik gerekse \u00e7evresel etmenlere ba\u011fl\u0131 olarak ortaya \u00e7\u0131kan bu durumlarda, \u00e7ocuklarla etkile\u015fim halinde bulunan ebeveynler ve e\u011fitimciler, \u00e7ocuklar\u0131n farkl\u0131 olan bu<span class=\"excerpt-hellip\"> [\u2026]<\/span><\/p>\n","protected":false},"featured_media":0,"template":"","meta":{"_monsterinsights_skip_tracking":false,"_monsterinsights_sitenote_active":false,"_monsterinsights_sitenote_note":"","_monsterinsights_sitenote_category":0},"product_brand":[],"product_cat":[12573,12566],"product_tag":[],"class_list":{"0":"post-785689","1":"product","2":"type-product","3":"status-publish","5":"product_cat-akademik-kitaplar","6":"product_cat-egitim","7":"pa_cilt-ciltsiz","8":"pa_tur-kitap","9":"pa_yayinevi-egiten-kitap","10":"pa_yazar-ozlem-yilmaz-demirel-elif-yilmaz","12":"first","13":"instock","14":"sale","15":"shipping-taxable","16":"purchasable","17":"product-type-simple"},"_links":{"self":[{"href":"https:\/\/roveyayinevi.com.tr\/index.php\/wp-json\/wp\/v2\/product\/785689","targetHints":{"allow":["GET"]}}],"collection":[{"href":"https:\/\/roveyayinevi.com.tr\/index.php\/wp-json\/wp\/v2\/product"}],"about":[{"href":"https:\/\/roveyayinevi.com.tr\/index.php\/wp-json\/wp\/v2\/types\/product"}],"wp:attachment":[{"href":"https:\/\/roveyayinevi.com.tr\/index.php\/wp-json\/wp\/v2\/media?parent=785689"}],"wp:term":[{"taxonomy":"product_brand","embeddable":true,"href":"https:\/\/roveyayinevi.com.tr\/index.php\/wp-json\/wp\/v2\/product_brand?post=785689"},{"taxonomy":"product_cat","embeddable":true,"href":"https:\/\/roveyayinevi.com.tr\/index.php\/wp-json\/wp\/v2\/product_cat?post=785689"},{"taxonomy":"product_tag","embeddable":true,"href":"https:\/\/roveyayinevi.com.tr\/index.php\/wp-json\/wp\/v2\/product_tag?post=785689"}],"curies":[{"name":"wp","href":"https:\/\/api.w.org\/{rel}","templated":true}]}}