{"id":785688,"date":"2026-04-06T13:56:13","date_gmt":"2026-04-06T10:56:13","guid":{"rendered":"https:\/\/roveyayinevi.com.tr\/index.php\/urun\/dil-theographiasinin-esaslariyazi-insasi-ve-sonlu-otesi-uzerine-bir-inceleme\/"},"modified":"2026-04-08T03:47:03","modified_gmt":"2026-04-08T00:47:03","slug":"dil-theographiasinin-esaslariyazi-insasi-ve-sonlu-otesi-uzerine-bir-inceleme","status":"publish","type":"product","link":"https:\/\/roveyayinevi.com.tr\/index.php\/urun\/dil-theographiasinin-esaslariyazi-insasi-ve-sonlu-otesi-uzerine-bir-inceleme\/","title":{"rendered":"Dil Theographias\u0131\u2019n\u0131n Esaslar\u0131;Yaz\u0131 \u0130n\u015fas\u0131 ve Sonlu-\u00d6tesi \u00dczerine Bir \u0130nceleme"},"content":{"rendered":"<p>Bu kitap, dil theographias\u0131 yoluyla, dil arkhitektonikine ve dil arkhitektoniki \u00f6tesine mahsus dillerin ve yaz\u0131lar\u0131n kayna\u011f\u0131 ve in\u015fa esas\u0131 ve bu suretle sonlu \u00f6tesi (trans-finitus) \u00fczerine incelemedir.Dil theographias\u0131, dil arkhitektonikine ve dil arkhitektoniki \u00f6tesine mahsus birliktir. Dil arkhitektonikini,a\u015fk\u0131n dil, resim-dil, d\u00fc\u015fk\u00fcn dil; dil arkhitektoniki-\u00f6tesi\u2019ni ise (\u0130l\u00e2h\u2019i)-Dil, (Cevher\u2019i) Dil, (ism\u2019i)dil suretiyle ele ald\u0131k. Bu dillere mahsus in\u015fa esaslar\u0131n\u0131 inceledik. Ses-yaz\u0131, dile mahsus ses cihetidir; tamga-yaz\u0131 ise, \u0131\u015f\u0131k ciheti. Dil theographias\u0131 esas\u0131ndaki dillere mahsusen ses yaz\u0131 ve tamga-yaz\u0131 in\u015fas\u0131ndan bahsedilmi\u015ftir.Sonlu \u00f6tesi , v\u00fccud in\u015fas\u0131na mahsus kuvveti bulunan isimdir . Sonlu \u00f6tesine tamga-yaz\u0131 vasat\u0131nda k\u0131saca temas edilmi\u015ftir.<\/p>\n","protected":false},"excerpt":{"rendered":"<p>Bu kitap, dil theographias\u0131 yoluyla, dil arkhitektonikine ve dil arkhitektoniki \u00f6tesine mahsus dillerin ve yaz\u0131lar\u0131n kayna\u011f\u0131 ve in\u015fa esas\u0131 ve bu suretle sonlu \u00f6tesi (trans-finitus) \u00fczerine<span class=\"excerpt-hellip\"> [\u2026]<\/span><\/p>\n","protected":false},"featured_media":0,"template":"","meta":{"_monsterinsights_skip_tracking":false,"_monsterinsights_sitenote_active":false,"_monsterinsights_sitenote_note":"","_monsterinsights_sitenote_category":0},"product_brand":[],"product_cat":[20225,12291],"product_tag":[],"class_list":{"0":"post-785688","1":"product","2":"type-product","3":"status-publish","5":"product_cat-dil-bilim","6":"product_cat-edebiyat","7":"pa_cilt-ciltsiz","8":"pa_tur-kitap","9":"pa_yayinevi-cedit-nesriyat","10":"pa_yazar-yalcin-koc","12":"first","13":"instock","14":"sale","15":"shipping-taxable","16":"purchasable","17":"product-type-simple"},"_links":{"self":[{"href":"https:\/\/roveyayinevi.com.tr\/index.php\/wp-json\/wp\/v2\/product\/785688","targetHints":{"allow":["GET"]}}],"collection":[{"href":"https:\/\/roveyayinevi.com.tr\/index.php\/wp-json\/wp\/v2\/product"}],"about":[{"href":"https:\/\/roveyayinevi.com.tr\/index.php\/wp-json\/wp\/v2\/types\/product"}],"wp:attachment":[{"href":"https:\/\/roveyayinevi.com.tr\/index.php\/wp-json\/wp\/v2\/media?parent=785688"}],"wp:term":[{"taxonomy":"product_brand","embeddable":true,"href":"https:\/\/roveyayinevi.com.tr\/index.php\/wp-json\/wp\/v2\/product_brand?post=785688"},{"taxonomy":"product_cat","embeddable":true,"href":"https:\/\/roveyayinevi.com.tr\/index.php\/wp-json\/wp\/v2\/product_cat?post=785688"},{"taxonomy":"product_tag","embeddable":true,"href":"https:\/\/roveyayinevi.com.tr\/index.php\/wp-json\/wp\/v2\/product_tag?post=785688"}],"curies":[{"name":"wp","href":"https:\/\/api.w.org\/{rel}","templated":true}]}}