{"id":785687,"date":"2026-04-05T03:53:18","date_gmt":"2026-04-05T00:53:18","guid":{"rendered":"https:\/\/roveyayinevi.com.tr\/index.php\/urun\/camdaki-ben\/"},"modified":"2026-04-15T03:49:42","modified_gmt":"2026-04-15T00:49:42","slug":"camdaki-ben","status":"publish","type":"product","link":"https:\/\/roveyayinevi.com.tr\/index.php\/urun\/camdaki-ben\/","title":{"rendered":"Camdaki Ben"},"content":{"rendered":"<p>\u201cYaz\u0131l\u0131kaya sizi paralel evrene g\u00f6t\u00fcren bir kap\u0131 olabilir mi?\u201d \u201cATES ARKIAEVAS AKENANOGAVOS MIDAI LAVAGTAEI VANAKTEI EDAES&#8230;\u201d Baz\u0131lar\u0131 i\u00e7in bu sadece ta\u015fa kaz\u0131nm\u0131\u015f anlams\u0131z bir dizi harf&#8230; Binlerce y\u0131l \u00f6nce topra\u011fa kar\u0131\u015fm\u0131\u015f, sessiz ve \u00f6l\u00fc bir dilin kal\u0131nt\u0131s\u0131. Fakat baz\u0131lar\u0131 i\u00e7in bu, uykusundan uyanmay\u0131 bekleyen kadim bir s\u0131rr\u0131n anahtar\u0131. Sen hangi taraftas\u0131n? Ta\u015fa bakt\u0131\u011f\u0131nda sadece Antik \u00c7a\u011f\u2019dan kalma bir an\u0131t m\u0131 g\u00f6r\u00fcyorsun, yoksa ta\u015f\u0131n kalbinden sana do\u011fru f\u0131s\u0131ldayan o karanl\u0131k \u00e7a\u011fr\u0131y\u0131 duyabiliyor musun? S\u0131radan bir hayat, bir trenin penceresindeki tuhaf bir yans\u0131mayla ne kadar alt\u00fcst olabilir? Cenk i\u00e7in her \u015fey, o kirli cam\u0131n ard\u0131nda kendisine bakan, ama kendisi olmayan o yabanc\u0131 yans\u0131mayla ba\u015flad\u0131. Ger\u00e7eklik ile ill\u00fczyon aras\u0131ndaki ince \u00e7izgi silikle\u015fir ve zihninin duvarlar\u0131 \u00e7at\u0131rdarken, cevaplar\u0131 bulabilece\u011fi tek bir yer vard\u0131r: Gizemli Frig Vadisi ve binlerce y\u0131ld\u0131r s\u0131rr\u0131n\u0131 saklayan YAZILIKAYA. Kendi zihninizin oyunlar\u0131na ne kadar g\u00fcvenebilirsin? Camdaki yans\u0131man\u0131z her zaman size mi aittir? Elinizde tuttu\u011funuz s\u0131n\u0131rlar\u0131 zorlayan bu kitap sizleri, ger\u00e7eklik alg\u0131n\u0131z\u0131 sorgulatacak, temposu hi\u00e7 d\u00fc\u015fmeyen b\u00fcy\u00fcleyici bir psikolojik ve mistik gerilimin i\u00e7ine \u00e7ekecek. Ge\u00e7mi\u015fin yank\u0131lar\u0131 bug\u00fcn\u00fcn yans\u0131malar\u0131na kar\u0131\u015f\u0131rken, bu s\u0131rr\u0131 \u00e7\u00f6zmek sand\u0131\u011f\u0131n\u0131zdan \u00e7ok daha tehlikeli ya da keyifli olacak. Unutma! Unutulan hiyeroglifler konu\u015fmaya ba\u015flad\u0131\u011f\u0131nda, camdaki tek yans\u0131ma sen olmayabilirsin&#8230; Yaz\u0131l\u0131kaya\u2019ya do\u011fru, geri d\u00f6n\u00fc\u015f\u00fc olmayan b\u00fcy\u00fcl\u00fc bir yolculu\u011fa haz\u0131r m\u0131s\u0131n?<\/p>\n","protected":false},"excerpt":{"rendered":"<p>\u201cYaz\u0131l\u0131kaya sizi paralel evrene g\u00f6t\u00fcren bir kap\u0131 olabilir mi?\u201d \u201cATES ARKIAEVAS AKENANOGAVOS MIDAI LAVAGTAEI VANAKTEI EDAES&#8230;\u201d Baz\u0131lar\u0131 i\u00e7in bu sadece ta\u015fa kaz\u0131nm\u0131\u015f anlams\u0131z bir dizi harf&#8230;<span class=\"excerpt-hellip\"> [\u2026]<\/span><\/p>\n","protected":false},"featured_media":0,"template":"","meta":{"_monsterinsights_skip_tracking":false,"_monsterinsights_sitenote_active":false,"_monsterinsights_sitenote_note":"","_monsterinsights_sitenote_category":0},"product_brand":[],"product_cat":[12291,12711],"product_tag":[],"class_list":{"0":"post-785687","1":"product","2":"type-product","3":"status-publish","5":"product_cat-edebiyat","6":"product_cat-roman-oyku","7":"pa_cilt-ciltsiz","8":"pa_tur-kitap","9":"pa_yayinevi-alden-yayinlari","10":"pa_yazar-onder-altuntas-mevlut-serkan-govce","12":"first","13":"instock","14":"sale","15":"shipping-taxable","16":"purchasable","17":"product-type-simple"},"_links":{"self":[{"href":"https:\/\/roveyayinevi.com.tr\/index.php\/wp-json\/wp\/v2\/product\/785687","targetHints":{"allow":["GET"]}}],"collection":[{"href":"https:\/\/roveyayinevi.com.tr\/index.php\/wp-json\/wp\/v2\/product"}],"about":[{"href":"https:\/\/roveyayinevi.com.tr\/index.php\/wp-json\/wp\/v2\/types\/product"}],"wp:attachment":[{"href":"https:\/\/roveyayinevi.com.tr\/index.php\/wp-json\/wp\/v2\/media?parent=785687"}],"wp:term":[{"taxonomy":"product_brand","embeddable":true,"href":"https:\/\/roveyayinevi.com.tr\/index.php\/wp-json\/wp\/v2\/product_brand?post=785687"},{"taxonomy":"product_cat","embeddable":true,"href":"https:\/\/roveyayinevi.com.tr\/index.php\/wp-json\/wp\/v2\/product_cat?post=785687"},{"taxonomy":"product_tag","embeddable":true,"href":"https:\/\/roveyayinevi.com.tr\/index.php\/wp-json\/wp\/v2\/product_tag?post=785687"}],"curies":[{"name":"wp","href":"https:\/\/api.w.org\/{rel}","templated":true}]}}