{"id":785686,"date":"2026-04-05T03:53:15","date_gmt":"2026-04-05T00:53:15","guid":{"rendered":"https:\/\/roveyayinevi.com.tr\/index.php\/urun\/kitap-lik-242-nisan-haziran-2026\/"},"modified":"2026-04-15T03:49:42","modified_gmt":"2026-04-15T00:49:42","slug":"kitap-lik-242-nisan-haziran-2026","status":"publish","type":"product","link":"https:\/\/roveyayinevi.com.tr\/index.php\/urun\/kitap-lik-242-nisan-haziran-2026\/","title":{"rendered":"Kitap\u2013l\u0131k 242 &#8211; Nisan \/ Haziran 2026"},"content":{"rendered":"<p>\u00dc\u00e7 ayl\u0131k edebiyat dergisi kitap-l\u0131k\u2019\u0131n Nisan-Haziran 2026 tarihli 242. say\u0131s\u0131 Pierre-Louis Rey\u2019in \u201cRomanc\u0131n\u0131n Zaman\u0131, Yap\u0131t\u0131n Zaman\u0131, Okurun Zaman\u0131 ve Roman Ki\u015filerinin Yeniden Belirmesi\u201d ba\u015fl\u0131kl\u0131 yaz\u0131s\u0131yla a\u00e7\u0131l\u0131yor. Mehmet Can Do\u011fan\u2019\u0131n \u201cNevin Y\u0131ld\u0131z\u2019dan Betero\u011flu\u2019na Attil\u00e2 \u0130lhan\u2019\u0131n Do\u011fu\u015fu\u201d incelemesi; Handan \u0130nci\u2019nin ard\u0131ndan onun yaz\u0131nsal \u00e7al\u0131\u015fmalar\u0131n\u0131 ele alan Abdullah U\u00e7man, \u00d6zge \u015eahin ve Zeynep Zengin\u2019in yaz\u0131lar\u0131; Elide Pittarello\u2019nun Javier Mar\u00edas\u2019\u0131n ilk romanlar\u0131ndan Ufuk Yolculu\u011fu \u00fcst\u00fcne yaz\u0131s\u0131; Can Alkor\u2019un Canto CXVIII \u015fiiriyle Kemal Noyan\u2019\u0131n bu \u015fiiri \u201cimgeleyen\u201d resimlerini anlatan Efe Murad\u2019\u0131n yaz\u0131s\u0131 bu say\u0131n\u0131n \u00f6ne \u00e7\u0131kan sayfalar\u0131.   Nazmi A\u011f\u0131l, Murat G\u00fclsoy ve \u00c7i\u011fdem \u00dclker s\u00f6yle\u015fileri; Nihat Ziyalan, H\u00fcseyin Peker, Abd\u00fclkadir Budak, H\u00fcseyin Ferhad, Turgay Kant\u00fcrk, Orhan Kahyao\u011flu, Osman \u00c7akmak\u00e7\u0131, Bet\u00fcl Tar\u0131man, \u0130smail Karakurt, Asuman Susam, Mehmet Erte, Cengiz \u015eenol, Senem G\u00f6kel, Erdem G\u00f6kyaran \u015fiirleri; Cengiz \u00d6ndersever, \u0130zzet G\u00f6ldeli, H\u00fcrriyet Ya\u015far, \u015eenay Ero\u011flu Aksoy, Atakan Boran, Yelin Bilgin, P. T. Barva, Demet Eker \u00f6yk\u00fcleri; Murat Batmankaya, \u015eeref Bilsel, Hasan \u00d6zt\u00fcrk, Korkut Tankuter yaz\u0131lar\u0131yla derginin 242. say\u0131s\u0131ndalar.   kitap-l\u0131k 33 y\u0131ld\u0131r iyi edebiyat\u0131n adresi.<\/p>\n","protected":false},"excerpt":{"rendered":"<p>\u00dc\u00e7 ayl\u0131k edebiyat dergisi kitap-l\u0131k\u2019\u0131n Nisan-Haziran 2026 tarihli 242. say\u0131s\u0131 Pierre-Louis Rey\u2019in \u201cRomanc\u0131n\u0131n Zaman\u0131, Yap\u0131t\u0131n Zaman\u0131, Okurun Zaman\u0131 ve Roman Ki\u015filerinin Yeniden Belirmesi\u201d ba\u015fl\u0131kl\u0131 yaz\u0131s\u0131yla a\u00e7\u0131l\u0131yor.<span class=\"excerpt-hellip\"> [\u2026]<\/span><\/p>\n","protected":false},"featured_media":0,"template":"","meta":{"_monsterinsights_skip_tracking":false,"_monsterinsights_sitenote_active":false,"_monsterinsights_sitenote_note":"","_monsterinsights_sitenote_category":0},"product_brand":[],"product_cat":[30023,13527],"product_tag":[],"class_list":{"0":"post-785686","1":"product","2":"type-product","3":"status-publish","5":"product_cat-edebiyat-sureli-yayinlar","6":"product_cat-sureli-yayinlar","7":"pa_cilt-ciltsiz","8":"pa_tur-dergi","9":"pa_yayinevi-yapi-kredi-yayinlari-dergi","10":"pa_yazar-kolektif","12":"first","13":"instock","14":"sale","15":"shipping-taxable","16":"purchasable","17":"product-type-simple"},"_links":{"self":[{"href":"https:\/\/roveyayinevi.com.tr\/index.php\/wp-json\/wp\/v2\/product\/785686","targetHints":{"allow":["GET"]}}],"collection":[{"href":"https:\/\/roveyayinevi.com.tr\/index.php\/wp-json\/wp\/v2\/product"}],"about":[{"href":"https:\/\/roveyayinevi.com.tr\/index.php\/wp-json\/wp\/v2\/types\/product"}],"wp:attachment":[{"href":"https:\/\/roveyayinevi.com.tr\/index.php\/wp-json\/wp\/v2\/media?parent=785686"}],"wp:term":[{"taxonomy":"product_brand","embeddable":true,"href":"https:\/\/roveyayinevi.com.tr\/index.php\/wp-json\/wp\/v2\/product_brand?post=785686"},{"taxonomy":"product_cat","embeddable":true,"href":"https:\/\/roveyayinevi.com.tr\/index.php\/wp-json\/wp\/v2\/product_cat?post=785686"},{"taxonomy":"product_tag","embeddable":true,"href":"https:\/\/roveyayinevi.com.tr\/index.php\/wp-json\/wp\/v2\/product_tag?post=785686"}],"curies":[{"name":"wp","href":"https:\/\/api.w.org\/{rel}","templated":true}]}}