{"id":785682,"date":"2026-04-05T03:52:59","date_gmt":"2026-04-05T00:52:59","guid":{"rendered":"https:\/\/roveyayinevi.com.tr\/index.php\/urun\/kazazede-3-ciltli-kolyeli\/"},"modified":"2026-04-15T03:49:38","modified_gmt":"2026-04-15T00:49:38","slug":"kazazede-3-ciltli-kolyeli","status":"publish","type":"product","link":"https:\/\/roveyayinevi.com.tr\/index.php\/urun\/kazazede-3-ciltli-kolyeli\/","title":{"rendered":"Kazazede 3 (Ciltli &#8211; Kolyeli)"},"content":{"rendered":"<p>&#8220;Bu f\u0131rt\u0131na ne kadar g\u00fc\u00e7l\u00fc olursa olsun, biz d\u00fc\u015fmeyece\u011fiz. Ellerimiz birle\u015fti\u011fi s\u00fcrece kaybolmak yok.&#8221;Kele\u015f Timi, Tahrir&#8217;e bir ad\u0131m daha yakla\u015f\u0131p, \u00f6rg\u00fct\u00fc bitirmek i\u00e7in planlar yapmaya ba\u015flar. Ancak dosyaya giren yeni isimlerle birlikte Kurtulu\u015f Dosyas\u0131 tahmin edilenden \u00e7ok daha karma\u015f\u0131k ve tehlikeli bir hal al\u0131r. Dosya, Sezin ve Turan Alp\u2019in ili\u015fkisini bir \u00fcst seviyeye ta\u015f\u0131rken, hi\u00e7 beklenmedik bir anda ge\u00e7mi\u015fle y\u00fczle\u015fmek zorunda kal\u0131rlar. Her ad\u0131mda daha b\u00fcy\u00fck tehlikeler, gizemli d\u00fc\u015fmanlar ve \u00e7\u00f6z\u00fclmesi g\u00fc\u00e7 engellerle kar\u015f\u0131la\u015f\u0131rlar. Zorluklar yaln\u0131zca d\u00fc\u015fmanlardan de\u011fil, en yak\u0131nlar\u0131ndan da gelir.Art\u0131k baz\u0131 kararlar al\u0131nmal\u0131, zor sava\u015flar kazan\u0131lmal\u0131d\u0131r. Fedak\u00e2rl\u0131klar, derin a\u015fklar, s\u0131k\u0131 dostluklar, misafirler, ihanetler, y\u00fczle\u015fmeler ve kay\u0131plar\u2026 Sezin ve Turan Alp ise hepsiyle y\u00fczle\u015fmek zorunda kal\u0131r\u2026&#8221;Sadece ellerimiz yeter mi bizi kurtarmaya?&#8221;<\/p>\n","protected":false},"excerpt":{"rendered":"<p>&#8220;Bu f\u0131rt\u0131na ne kadar g\u00fc\u00e7l\u00fc olursa olsun, biz d\u00fc\u015fmeyece\u011fiz. Ellerimiz birle\u015fti\u011fi s\u00fcrece kaybolmak yok.&#8221;Kele\u015f Timi, Tahrir&#8217;e bir ad\u0131m daha yakla\u015f\u0131p, \u00f6rg\u00fct\u00fc bitirmek i\u00e7in planlar yapmaya ba\u015flar.<span class=\"excerpt-hellip\"> [\u2026]<\/span><\/p>\n","protected":false},"featured_media":0,"template":"","meta":{"_monsterinsights_skip_tracking":false,"_monsterinsights_sitenote_active":false,"_monsterinsights_sitenote_note":"","_monsterinsights_sitenote_category":0},"product_brand":[],"product_cat":[12291,12711],"product_tag":[],"class_list":{"0":"post-785682","1":"product","2":"type-product","3":"status-publish","5":"product_cat-edebiyat","6":"product_cat-roman-oyku","7":"pa_cilt-ciltsiz","8":"pa_tur-kitap","9":"pa_yayinevi-pukka-yayinlari","10":"pa_yazar-sevval-demirdoger","12":"first","13":"instock","14":"sale","15":"shipping-taxable","16":"purchasable","17":"product-type-simple"},"_links":{"self":[{"href":"https:\/\/roveyayinevi.com.tr\/index.php\/wp-json\/wp\/v2\/product\/785682","targetHints":{"allow":["GET"]}}],"collection":[{"href":"https:\/\/roveyayinevi.com.tr\/index.php\/wp-json\/wp\/v2\/product"}],"about":[{"href":"https:\/\/roveyayinevi.com.tr\/index.php\/wp-json\/wp\/v2\/types\/product"}],"wp:attachment":[{"href":"https:\/\/roveyayinevi.com.tr\/index.php\/wp-json\/wp\/v2\/media?parent=785682"}],"wp:term":[{"taxonomy":"product_brand","embeddable":true,"href":"https:\/\/roveyayinevi.com.tr\/index.php\/wp-json\/wp\/v2\/product_brand?post=785682"},{"taxonomy":"product_cat","embeddable":true,"href":"https:\/\/roveyayinevi.com.tr\/index.php\/wp-json\/wp\/v2\/product_cat?post=785682"},{"taxonomy":"product_tag","embeddable":true,"href":"https:\/\/roveyayinevi.com.tr\/index.php\/wp-json\/wp\/v2\/product_tag?post=785682"}],"curies":[{"name":"wp","href":"https:\/\/api.w.org\/{rel}","templated":true}]}}