{"id":785678,"date":"2026-04-05T03:52:43","date_gmt":"2026-04-05T00:52:43","guid":{"rendered":"https:\/\/roveyayinevi.com.tr\/index.php\/urun\/cizgi-ihlali-kutu-set-kolyeli\/"},"modified":"2026-04-15T03:49:38","modified_gmt":"2026-04-15T00:49:38","slug":"cizgi-ihlali-kutu-set-kolyeli","status":"publish","type":"product","link":"https:\/\/roveyayinevi.com.tr\/index.php\/urun\/cizgi-ihlali-kutu-set-kolyeli\/","title":{"rendered":"\u00c7izgi \u0130hlali (Kutu Set Kolyeli)"},"content":{"rendered":"<p>G\u00f6kalp Erdem, \u00e7ocuklu\u011fundan beri voleybol tutkunudur. Antren\u00f6r\u00fc Melih Y\u0131lmaz taraf\u0131ndan on d\u00f6rt ya\u015f\u0131ndayken liseler aras\u0131 bir voleybol turnuvas\u0131nda ke\u015ffedilmesi ile ba\u015flayan kariyerinde basamaklar\u0131 h\u0131z kesmeden \u00e7\u0131kmaktad\u0131r. Hem ligde hem de milli tak\u0131mda ba\u015far\u0131lara imza atarken hayat\u0131nda her \u015fey yolunda gibi g\u00f6r\u00fcnmektedir. On y\u0131ll\u0131k ko\u00e7u, ak\u0131l hocas\u0131 ve antren\u00f6r\u00fcn\u00fcn k\u0131z\u0131 Alara&#8217;ya \u00e2\u015f\u0131k olmas\u0131 d\u0131\u015f\u0131nda&#8230; Alara Y\u0131lmaz; g\u00fcnleri ev, okul ve spor tesisi aras\u0131nda gidip gelmekle ge\u00e7en, yirmi bir ya\u015f\u0131nda bir \u00fcniversite \u00f6\u011frencisidir. Babas\u0131n\u0131n antren\u00f6r olmas\u0131 sebebiyle voleybolla i\u00e7li d\u0131\u015fl\u0131 b\u00fcy\u00fcm\u00fc\u015ft\u00fcr. Ma\u00e7lar\u0131 ka\u00e7\u0131rmayan, antrenmanlar\u0131 s\u0131k s\u0131k izlemeye giden Alara&#8217;n\u0131n, tak\u0131m\u0131n yak\u0131\u015f\u0131kl\u0131 kaptan\u0131na g\u00f6nl\u00fcn\u00fc kapt\u0131rmas\u0131 ise ka\u00e7\u0131n\u0131lmazd\u0131r. G\u00f6kalp&#8217;in senelerce i\u00e7inde tutup bast\u0131rd\u0131\u011f\u0131 hisleri, Alara&#8217;n\u0131n bilinmeyen bir numaradan ona mesaj atmas\u0131yla g\u00fcn y\u00fcz\u00fcne \u00e7\u0131kar ve hik\u00e2yeleri bundan sonra ba\u015flar.<\/p>\n","protected":false},"excerpt":{"rendered":"<p>G\u00f6kalp Erdem, \u00e7ocuklu\u011fundan beri voleybol tutkunudur. Antren\u00f6r\u00fc Melih Y\u0131lmaz taraf\u0131ndan on d\u00f6rt ya\u015f\u0131ndayken liseler aras\u0131 bir voleybol turnuvas\u0131nda ke\u015ffedilmesi ile ba\u015flayan kariyerinde basamaklar\u0131 h\u0131z kesmeden \u00e7\u0131kmaktad\u0131r.<span class=\"excerpt-hellip\"> [\u2026]<\/span><\/p>\n","protected":false},"featured_media":0,"template":"","meta":{"_monsterinsights_skip_tracking":false,"_monsterinsights_sitenote_active":false,"_monsterinsights_sitenote_note":"","_monsterinsights_sitenote_category":0},"product_brand":[],"product_cat":[12291,12711],"product_tag":[],"class_list":{"0":"post-785678","1":"product","2":"type-product","3":"status-publish","5":"product_cat-edebiyat","6":"product_cat-roman-oyku","7":"pa_cilt-ciltsiz","8":"pa_tur-kitap","9":"pa_yayinevi-pukka-yayinlari","10":"pa_yazar-sude-b","12":"first","13":"instock","14":"sale","15":"shipping-taxable","16":"purchasable","17":"product-type-simple"},"_links":{"self":[{"href":"https:\/\/roveyayinevi.com.tr\/index.php\/wp-json\/wp\/v2\/product\/785678","targetHints":{"allow":["GET"]}}],"collection":[{"href":"https:\/\/roveyayinevi.com.tr\/index.php\/wp-json\/wp\/v2\/product"}],"about":[{"href":"https:\/\/roveyayinevi.com.tr\/index.php\/wp-json\/wp\/v2\/types\/product"}],"wp:attachment":[{"href":"https:\/\/roveyayinevi.com.tr\/index.php\/wp-json\/wp\/v2\/media?parent=785678"}],"wp:term":[{"taxonomy":"product_brand","embeddable":true,"href":"https:\/\/roveyayinevi.com.tr\/index.php\/wp-json\/wp\/v2\/product_brand?post=785678"},{"taxonomy":"product_cat","embeddable":true,"href":"https:\/\/roveyayinevi.com.tr\/index.php\/wp-json\/wp\/v2\/product_cat?post=785678"},{"taxonomy":"product_tag","embeddable":true,"href":"https:\/\/roveyayinevi.com.tr\/index.php\/wp-json\/wp\/v2\/product_tag?post=785678"}],"curies":[{"name":"wp","href":"https:\/\/api.w.org\/{rel}","templated":true}]}}