{"id":785668,"date":"2026-04-05T03:51:57","date_gmt":"2026-04-05T00:51:57","guid":{"rendered":"https:\/\/roveyayinevi.com.tr\/index.php\/urun\/poussynin-maceralari-2-sakin-yapma-kedi-poussy\/"},"modified":"2026-04-15T03:49:20","modified_gmt":"2026-04-15T00:49:20","slug":"poussynin-maceralari-2-sakin-yapma-kedi-poussy","status":"publish","type":"product","link":"https:\/\/roveyayinevi.com.tr\/index.php\/urun\/poussynin-maceralari-2-sakin-yapma-kedi-poussy\/","title":{"rendered":"Poussy&#8217;nin Maceralar\u0131 2 &#8211; Sak\u0131n Yapma Kedi Poussy"},"content":{"rendered":"<p>1949\u2019da Peyo\u2019nun kaleminden \u00e7\u0131kan Poussy, yaramazl\u0131\u011f\u0131 ve bitmek bilmeyen merak\u0131yla g\u00fcndelik hayat\u0131n k\u00fc\u00e7\u00fck ama anlaml\u0131 anlar\u0131n\u0131 yakal\u0131yor. \u00c7o\u011fu s\u00f6zs\u00fcz k\u0131sa hik\u00e2yelerden olu\u015fan bu klasik Frans\u0131z-Bel\u00e7ika \u00e7izgi roman, sessiz mizah\u0131n g\u00fcc\u00fcn\u00fc sade \u00e7izgiler ve g\u00fc\u00e7l\u00fc mimiklerle ortaya koyuyor. Poussy\u2019nin d\u00fcnyas\u0131nda s\u00f6zc\u00fcklere gerek yok: bir bak\u0131\u015f, bir hareket ya da beklenmedik bir yaramazl\u0131k her \u015feyi anlatmaya yetiyor. \u00c7ocuklar i\u00e7in keyifli bir ke\u015fif, yeti\u015fkinler ve koleksiyoncular i\u00e7inse \u00e7izgi roman tarihinin sevilen ve zamans\u0131z bir par\u00e7as\u0131 olan bu eser, her ya\u015ftan okuru g\u00fcl\u00fcmsetmeyi ba\u015far\u0131yor.<\/p>\n","protected":false},"excerpt":{"rendered":"<p>1949\u2019da Peyo\u2019nun kaleminden \u00e7\u0131kan Poussy, yaramazl\u0131\u011f\u0131 ve bitmek bilmeyen merak\u0131yla g\u00fcndelik hayat\u0131n k\u00fc\u00e7\u00fck ama anlaml\u0131 anlar\u0131n\u0131 yakal\u0131yor. \u00c7o\u011fu s\u00f6zs\u00fcz k\u0131sa hik\u00e2yelerden olu\u015fan bu klasik Frans\u0131z-Bel\u00e7ika \u00e7izgi<span class=\"excerpt-hellip\"> [\u2026]<\/span><\/p>\n","protected":false},"featured_media":0,"template":"","meta":{"_monsterinsights_skip_tracking":false,"_monsterinsights_sitenote_active":false,"_monsterinsights_sitenote_note":"","_monsterinsights_sitenote_category":0},"product_brand":[],"product_cat":[12689,12274],"product_tag":[],"class_list":{"0":"post-785668","1":"product","2":"type-product","3":"status-publish","5":"product_cat-cizgi-roman-cocuk-ve-genclik-kitaplari","6":"product_cat-cocuk-ve-genclik-kitaplari","7":"pa_cilt-ciltsiz","8":"pa_tur-kitap","9":"pa_yayinevi-buyulu-fener-yayinlari","10":"pa_yazar-peyo","12":"first","13":"instock","14":"sale","15":"shipping-taxable","16":"purchasable","17":"product-type-simple"},"_links":{"self":[{"href":"https:\/\/roveyayinevi.com.tr\/index.php\/wp-json\/wp\/v2\/product\/785668","targetHints":{"allow":["GET"]}}],"collection":[{"href":"https:\/\/roveyayinevi.com.tr\/index.php\/wp-json\/wp\/v2\/product"}],"about":[{"href":"https:\/\/roveyayinevi.com.tr\/index.php\/wp-json\/wp\/v2\/types\/product"}],"wp:attachment":[{"href":"https:\/\/roveyayinevi.com.tr\/index.php\/wp-json\/wp\/v2\/media?parent=785668"}],"wp:term":[{"taxonomy":"product_brand","embeddable":true,"href":"https:\/\/roveyayinevi.com.tr\/index.php\/wp-json\/wp\/v2\/product_brand?post=785668"},{"taxonomy":"product_cat","embeddable":true,"href":"https:\/\/roveyayinevi.com.tr\/index.php\/wp-json\/wp\/v2\/product_cat?post=785668"},{"taxonomy":"product_tag","embeddable":true,"href":"https:\/\/roveyayinevi.com.tr\/index.php\/wp-json\/wp\/v2\/product_tag?post=785668"}],"curies":[{"name":"wp","href":"https:\/\/api.w.org\/{rel}","templated":true}]}}