{"id":785667,"date":"2026-04-05T03:51:54","date_gmt":"2026-04-05T00:51:54","guid":{"rendered":"https:\/\/roveyayinevi.com.tr\/index.php\/urun\/uretken-yapay-zeka\/"},"modified":"2026-04-15T03:49:20","modified_gmt":"2026-04-15T00:49:20","slug":"uretken-yapay-zeka","status":"publish","type":"product","link":"https:\/\/roveyayinevi.com.tr\/index.php\/urun\/uretken-yapay-zeka\/","title":{"rendered":"\u00dcretken Yapay Zeka"},"content":{"rendered":"<p>\u00dcretken Yapay Zek\u00e2, yaln\u0131zca yeni bir teknoloji de\u011fil; insanl\u0131\u011f\u0131n kendisini, bilgisini ve gelece\u011fini yeniden tan\u0131mlama bi\u00e7imidir. Son y\u0131llarda yapay zek\u00e2 alan\u0131nda ya\u015fanan h\u0131zl\u0131 d\u00f6n\u00fc\u015f\u00fcm, makinelerin art\u0131k yaln\u0131zca hesaplayan ara\u00e7lar de\u011fil; metin yazan, resim \u00e7izen, m\u00fczik besteleyen, ak\u0131l y\u00fcr\u00fcten ve insanlarla do\u011fal bir dilde etkile\u015fime girebilen \u201c\u00fcretken\u201d varl\u0131klara d\u00f6n\u00fc\u015fmesini sa\u011flad\u0131. B\u00fcy\u00fck Dil Modelleri ve \u00e7ok modlu sistemler, g\u00fcndelik hayat\u0131m\u0131zdan sa\u011fl\u0131\u011fa, hukuktan e\u011fitime, sanattan siyasete kadar her alan\u0131 k\u00f6kten de\u011fi\u015ftirmeye aday. Bu kitap, \u00dcretken Yapay Zek\u00e2\u2019n\u0131n nas\u0131l \u00e7al\u0131\u015ft\u0131\u011f\u0131n\u0131 sade ama derinlikli bir bi\u00e7imde a\u00e7\u0131klarken, onu \u00e7evreleyen abart\u0131l\u0131 korkularla saf iyimserli\u011fi de mercek alt\u0131na al\u0131yor. Yapay zek\u00e2 ger\u00e7ekten bilin\u00e7 kazanabilir mi? \u0130nsan zek\u00e2s\u0131n\u0131 a\u015fmak ne anlama gelir? Kar\u015f\u0131m\u0131zda bir tehdit mi, yoksa insanl\u0131\u011f\u0131n ortak bilgisini eri\u015filebilir k\u0131lan g\u00fc\u00e7l\u00fc bir ara\u00e7 m\u0131 var? Ele\u015ftirel ve cesur bir bak\u0131\u015fla bunu ke\u015ffetme yolcu\u011funa ho\u015f geldiniz.<\/p>\n","protected":false},"excerpt":{"rendered":"<p>\u00dcretken Yapay Zek\u00e2, yaln\u0131zca yeni bir teknoloji de\u011fil; insanl\u0131\u011f\u0131n kendisini, bilgisini ve gelece\u011fini yeniden tan\u0131mlama bi\u00e7imidir. Son y\u0131llarda yapay zek\u00e2 alan\u0131nda ya\u015fanan h\u0131zl\u0131 d\u00f6n\u00fc\u015f\u00fcm, makinelerin art\u0131k<span class=\"excerpt-hellip\"> [\u2026]<\/span><\/p>\n","protected":false},"featured_media":0,"template":"","meta":{"_monsterinsights_skip_tracking":false,"_monsterinsights_sitenote_active":false,"_monsterinsights_sitenote_note":"","_monsterinsights_sitenote_category":0},"product_brand":[],"product_cat":[13005,18664],"product_tag":[],"class_list":{"0":"post-785667","1":"product","2":"type-product","3":"status-publish","5":"product_cat-bilim-muhendislik","6":"product_cat-muhendislik","7":"pa_cilt-ciltsiz","8":"pa_tur-kitap","9":"pa_yayinevi-mona-kitap","10":"pa_yazar-jerry-kaplan","12":"first","13":"instock","14":"sale","15":"shipping-taxable","16":"purchasable","17":"product-type-simple"},"_links":{"self":[{"href":"https:\/\/roveyayinevi.com.tr\/index.php\/wp-json\/wp\/v2\/product\/785667","targetHints":{"allow":["GET"]}}],"collection":[{"href":"https:\/\/roveyayinevi.com.tr\/index.php\/wp-json\/wp\/v2\/product"}],"about":[{"href":"https:\/\/roveyayinevi.com.tr\/index.php\/wp-json\/wp\/v2\/types\/product"}],"wp:attachment":[{"href":"https:\/\/roveyayinevi.com.tr\/index.php\/wp-json\/wp\/v2\/media?parent=785667"}],"wp:term":[{"taxonomy":"product_brand","embeddable":true,"href":"https:\/\/roveyayinevi.com.tr\/index.php\/wp-json\/wp\/v2\/product_brand?post=785667"},{"taxonomy":"product_cat","embeddable":true,"href":"https:\/\/roveyayinevi.com.tr\/index.php\/wp-json\/wp\/v2\/product_cat?post=785667"},{"taxonomy":"product_tag","embeddable":true,"href":"https:\/\/roveyayinevi.com.tr\/index.php\/wp-json\/wp\/v2\/product_tag?post=785667"}],"curies":[{"name":"wp","href":"https:\/\/api.w.org\/{rel}","templated":true}]}}