{"id":785665,"date":"2026-04-05T03:51:45","date_gmt":"2026-04-05T00:51:45","guid":{"rendered":"https:\/\/roveyayinevi.com.tr\/index.php\/urun\/siskooo\/"},"modified":"2026-04-15T03:49:19","modified_gmt":"2026-04-15T00:49:19","slug":"siskooo","status":"publish","type":"product","link":"https:\/\/roveyayinevi.com.tr\/index.php\/urun\/siskooo\/","title":{"rendered":"\u015ei\u015fkooo"},"content":{"rendered":"<p>\u201cEvet, size ne? \u015ei\u015fkoyum, patatesim, yar\u0131m kilo domatesim ve biliyor musunuz? Esas\u0131nda \u00e7ok ama \u00e7ok g\u00fczelim&#8230; Yan\u0131 s\u0131ra garip bir \u015fekilde cazibim&#8230; Muhtemelen siz hi\u00e7 fark\u0131nda de\u011filsiniz ama esas\u0131nda fazlas\u0131yla zeki ve becerikliyim\u2026 Belki de bir defa olsun bir \u015fans verseniz i\u015f hayat\u0131nda en ba\u015far\u0131l\u0131n\u0131z, sosyal ya\u015fant\u0131da en komik ve en giri\u015fkeniniz, a\u015fkta en sad\u0131k ve d\u00fcr\u00fcst\u00fcn\u00fcz, yatakta da olabilecek en becerikli, en seksapel sahibi partnerinizim&#8230; Kim bilir belki de ben bir \u015fi\u015fko filan de\u011filim\u2026 Belki de sadece ama sadece farkl\u0131y\u0131m ve siz, farkl\u0131 olan her \u015feyden \u00f6l\u00fcm\u00fcne korkuyorsunuz ya, i\u015fte tam da bu sebeple ger\u00e7ek beni g\u00f6rmemek i\u00e7in g\u00f6zlerinizi s\u0131ms\u0131k\u0131 kapat\u0131yorsunuz\u2026 Fakat biliyor musunuz? \u00c7ok \u015fey ka\u00e7\u0131r\u0131yorsunuz\u2026\u201dPia, cesur ve karanl\u0131k mizah\u0131 duygusal bir derinlikle harmanlayarak okuru hem g\u00fcld\u00fcren hem huzursuz eden, hem yaralayan hem de tuhaf bir bi\u00e7imde iyile\u015ftiren bir anlat\u0131 kuruyor. \u00c7ocuklu\u011fun travmalar\u0131ndan i\u00e7sel ayd\u0131nlanmaya uzanan alegorik dokusu, roman\u0131 s\u0131radan bir kurgusal hik\u00e2ye olmaktan \u00e7\u0131kar\u0131p edebi bir kara b\u00fcy\u00fcye d\u00f6n\u00fc\u015ft\u00fcr\u00fcyor. Bu kitap, \u015fi\u015fmanl\u0131k veya beyhude kilo verme \u00e7abas\u0131 gibi s\u0131radan \u015feyler anlatmaktansa, karanl\u0131ktan kendi \u0131\u015f\u0131\u011f\u0131n\u0131 yaratan t\u00fcm k\u0131r\u0131lgan ama cesur ruhlara kendi varolu\u015flar\u0131n\u0131 ne\u015feyle kabul etme \u00e7a\u011fr\u0131s\u0131nda bulunuyor.<\/p>\n","protected":false},"excerpt":{"rendered":"<p>\u201cEvet, size ne? \u015ei\u015fkoyum, patatesim, yar\u0131m kilo domatesim ve biliyor musunuz? Esas\u0131nda \u00e7ok ama \u00e7ok g\u00fczelim&#8230; Yan\u0131 s\u0131ra garip bir \u015fekilde cazibim&#8230; Muhtemelen siz hi\u00e7 fark\u0131nda<span class=\"excerpt-hellip\"> [\u2026]<\/span><\/p>\n","protected":false},"featured_media":0,"template":"","meta":{"_monsterinsights_skip_tracking":false,"_monsterinsights_sitenote_active":false,"_monsterinsights_sitenote_note":"","_monsterinsights_sitenote_category":0},"product_brand":[],"product_cat":[12364,12376],"product_tag":[],"class_list":{"0":"post-785665","1":"product","2":"type-product","3":"status-publish","5":"product_cat-genel-konular","6":"product_cat-kisisel-gelisim","7":"pa_cilt-ciltsiz","8":"pa_tur-kitap","9":"pa_yayinevi-mona-kitap","10":"pa_yazar-pia","12":"first","13":"instock","14":"sale","15":"shipping-taxable","16":"purchasable","17":"product-type-simple"},"_links":{"self":[{"href":"https:\/\/roveyayinevi.com.tr\/index.php\/wp-json\/wp\/v2\/product\/785665","targetHints":{"allow":["GET"]}}],"collection":[{"href":"https:\/\/roveyayinevi.com.tr\/index.php\/wp-json\/wp\/v2\/product"}],"about":[{"href":"https:\/\/roveyayinevi.com.tr\/index.php\/wp-json\/wp\/v2\/types\/product"}],"wp:attachment":[{"href":"https:\/\/roveyayinevi.com.tr\/index.php\/wp-json\/wp\/v2\/media?parent=785665"}],"wp:term":[{"taxonomy":"product_brand","embeddable":true,"href":"https:\/\/roveyayinevi.com.tr\/index.php\/wp-json\/wp\/v2\/product_brand?post=785665"},{"taxonomy":"product_cat","embeddable":true,"href":"https:\/\/roveyayinevi.com.tr\/index.php\/wp-json\/wp\/v2\/product_cat?post=785665"},{"taxonomy":"product_tag","embeddable":true,"href":"https:\/\/roveyayinevi.com.tr\/index.php\/wp-json\/wp\/v2\/product_tag?post=785665"}],"curies":[{"name":"wp","href":"https:\/\/api.w.org\/{rel}","templated":true}]}}