{"id":785651,"date":"2026-04-05T03:50:45","date_gmt":"2026-04-05T00:50:45","guid":{"rendered":"https:\/\/roveyayinevi.com.tr\/index.php\/urun\/bir-av-trajedisi\/"},"modified":"2026-04-15T03:48:55","modified_gmt":"2026-04-15T00:48:55","slug":"bir-av-trajedisi","status":"publish","type":"product","link":"https:\/\/roveyayinevi.com.tr\/index.php\/urun\/bir-av-trajedisi\/","title":{"rendered":"Bir Av Trajedisi"},"content":{"rendered":"<p>Anton \u00c7ehov\u2019un gen\u00e7lik y\u0131llar\u0131nda kaleme ald\u0131\u011f\u0131 Bir Av Trajedisi, sakin bir ta\u015fra kasabas\u0131n\u0131n g\u00fcndelik ritminden karanl\u0131k su\u00e7lar\u0131n g\u00f6lgesine uzanan \u00e7arp\u0131c\u0131 bir novella. Rusya\u2019da ilk kez 1884-1885 y\u0131llar\u0131nda Novosti Dnya gazetesinde tefrika edilen ve \u00c7ehov\u2019un metin i\u00e7inde metin tekni\u011fiyle kurgulad\u0131\u011f\u0131 anlat\u0131, eski bir sorgu h\u00e2kimi Zinovyev\u2019in g\u00f6z\u00fcnden anlat\u0131lanlara odaklan\u0131r. Zinovyev alm\u0131\u015f oldu\u011fu bir davet \u00fczerine ge\u00e7mi\u015fte deneyimledi\u011fi sefahat \u00e2lemlerini de d\u00fc\u015fleyerek arkada\u015f\u0131 Kont Karneyev\u2019in malik\u00e2nesini ziyaret eder. \u00c7evrede dola\u015f\u0131rlarken kar\u015f\u0131lar\u0131na g\u00fczeller g\u00fczeli Olga \u00e7\u0131kar. Gen\u00e7 k\u0131z masumiyeti ve cazibesiyle ahlaki de\u011ferlerini \u00e7oktan yitirmi\u015f her iki adam\u0131 da b\u00fcy\u00fcler. Olga\u2019n\u0131n varl\u0131\u011f\u0131 ve yapm\u0131\u015f oldu\u011fu se\u00e7imler; a\u015fk, tutku ve k\u0131skan\u00e7l\u0131kla kesi\u015fen karma\u015f\u0131k ili\u015fkiler a\u011f\u0131na neden olur. Olup bitenlerin ard\u0131ndan bir av e\u011flencesinde i\u015flenen korkun\u00e7 cinayet kahramanlar\u0131 ka\u00e7\u0131n\u0131lmaz bir trajediye s\u00fcr\u00fckler. Anlat\u0131s\u0131n\u0131n merkezine karakterlerinin s\u0131n\u0131f \u00e7at\u0131\u015fmalar\u0131yla \u00f6r\u00fcl\u00fc varolu\u015fsal sorgulamalar\u0131n\u0131 yerle\u015ftiren \u00c7ehov, ola\u011fan bir su\u00e7 \u00f6yk\u00fcs\u00fcn\u00fc sosyo-psikolojik derinli\u011fi olan bir yap\u0131ta d\u00f6n\u00fc\u015ft\u00fcr\u00fcyor. Pek \u00e7ok kez sinemaya da uyarlanan Bir Av Trajedisi, gen\u00e7 \u00c7ehov\u2019un gelecekte \u00c7ehov ger\u00e7ek\u00e7ili\u011fi olarak an\u0131lacak e\u015fsiz tarz\u0131n\u0131n ilk ad\u0131mlar\u0131ndan biri olarak okura zamans\u0131z bir edebi deneyim vaat ediyor.<\/p>\n","protected":false},"excerpt":{"rendered":"<p>Anton \u00c7ehov\u2019un gen\u00e7lik y\u0131llar\u0131nda kaleme ald\u0131\u011f\u0131 Bir Av Trajedisi, sakin bir ta\u015fra kasabas\u0131n\u0131n g\u00fcndelik ritminden karanl\u0131k su\u00e7lar\u0131n g\u00f6lgesine uzanan \u00e7arp\u0131c\u0131 bir novella. Rusya\u2019da ilk kez 1884-1885<span class=\"excerpt-hellip\"> [\u2026]<\/span><\/p>\n","protected":false},"featured_media":0,"template":"","meta":{"_monsterinsights_skip_tracking":false,"_monsterinsights_sitenote_active":false,"_monsterinsights_sitenote_note":"","_monsterinsights_sitenote_category":0},"product_brand":[],"product_cat":[12291,12711],"product_tag":[],"class_list":{"0":"post-785651","1":"product","2":"type-product","3":"status-publish","5":"product_cat-edebiyat","6":"product_cat-roman-oyku","7":"pa_cilt-ciltsiz","8":"pa_tur-kitap","9":"pa_yayinevi-is-bankasi-kultur-yayinlari","10":"pa_yazar-anton-cehov","12":"first","13":"instock","14":"sale","15":"shipping-taxable","16":"purchasable","17":"product-type-simple"},"_links":{"self":[{"href":"https:\/\/roveyayinevi.com.tr\/index.php\/wp-json\/wp\/v2\/product\/785651","targetHints":{"allow":["GET"]}}],"collection":[{"href":"https:\/\/roveyayinevi.com.tr\/index.php\/wp-json\/wp\/v2\/product"}],"about":[{"href":"https:\/\/roveyayinevi.com.tr\/index.php\/wp-json\/wp\/v2\/types\/product"}],"wp:attachment":[{"href":"https:\/\/roveyayinevi.com.tr\/index.php\/wp-json\/wp\/v2\/media?parent=785651"}],"wp:term":[{"taxonomy":"product_brand","embeddable":true,"href":"https:\/\/roveyayinevi.com.tr\/index.php\/wp-json\/wp\/v2\/product_brand?post=785651"},{"taxonomy":"product_cat","embeddable":true,"href":"https:\/\/roveyayinevi.com.tr\/index.php\/wp-json\/wp\/v2\/product_cat?post=785651"},{"taxonomy":"product_tag","embeddable":true,"href":"https:\/\/roveyayinevi.com.tr\/index.php\/wp-json\/wp\/v2\/product_tag?post=785651"}],"curies":[{"name":"wp","href":"https:\/\/api.w.org\/{rel}","templated":true}]}}