{"id":785639,"date":"2026-04-05T03:49:54","date_gmt":"2026-04-05T00:49:54","guid":{"rendered":"https:\/\/roveyayinevi.com.tr\/index.php\/urun\/felsefi-beyan\/"},"modified":"2026-04-15T03:48:54","modified_gmt":"2026-04-15T00:48:54","slug":"felsefi-beyan","status":"publish","type":"product","link":"https:\/\/roveyayinevi.com.tr\/index.php\/urun\/felsefi-beyan\/","title":{"rendered":"Felsefi Beyan"},"content":{"rendered":"<p>Michel Foucault 1926, Poitiers \u2013 1984, Paris. Yay\u0131mlad\u0131\u011f\u0131 ilk kitab\u0131 Maladie mentale et personnalit\u00e9\u2019den  (1954) ba\u015flayarak hayat\u0131 boyunca adeta d\u00f6rt ana eksende toplad\u0131\u011f\u0131 \u201ciktidar\u201d konular\u0131n\u0131n tarihini yazd\u0131. Bir ba\u015fka deyi\u015fle, bu konular\u0131n o g\u00fcne dek \u201cyaz\u0131lm\u0131\u015f tarihlerini\u201d par\u00e7alad\u0131. T\u0131p-Delilik; Bilim-Bilgi; G\u00f6zetim-Hapishane; Cinsellik-Aile ana eksenlerinde verdi\u011fi \u00fcr\u00fcnler aras\u0131nda Histoire de la folie \u00e0 l\u2019\u00e2ge classique (1961; Klasik \u00c7a\u011fda Delili\u011fin Tarihi, \u0130mge Kitabevi Yay\u0131nlar\u0131, \u00e7ev: M.A. K\u0131l\u0131\u00e7bay, 1995); Naissance de la clinique. Une arch\u00e9ologie du regard m\u00e9dical (1963; Klini\u011fin Do\u011fu\u015fu, Doruk Yay\u0131nc\u0131l\u0131k, \u00e7ev: Temel Ke\u015fo\u011flu, 2002); Surveiller et punir: Naissance de la prison (1975; G\u00f6zetim ve Ceza: Hapishanenin Do\u011fu\u015fu, \u0130mge Kitabevi Yay\u0131nlar\u0131, \u00e7ev: M.A. K\u0131l\u0131\u00e7bay, 1992) yer ald\u0131. Edebiyat ve g\u00f6rsel sanatlar alan\u0131ndaki iki \u00f6nemli \u00e7al\u0131\u015fmas\u0131 olan Raymond Roussel (1963; Raymond Roussel \u2013 \u00d6l\u00fcm ve Labirent, \u00e7ev: Sava\u015f K\u0131l\u0131\u00e7, KUY, 2012) Ceci n\u2019est pas une pipe (1973; Bu Bir Pipo De\u011fildir, \u00e7ev: Selahattin Hilav, YKY, 1993) ile de \u00e7a\u011f\u0131n\u0131 derinden etkiledi. 25 Haziran 1984 tarihindeki \u00f6l\u00fcm\u00fcnden sonra ba\u015fta Coll\u00e8ge de France\u2019takiler olmak \u00fczere \u00e7e\u015fitli kurumlarda verdi\u011fi dersler kitap olarak yay\u0131mland\u0131 ve Foucalt k\u00fclliyat\u0131na dahil oldu.  Michel Foucault 20. y\u00fczy\u0131l K\u0131ta Avrupas\u0131 felsefesinin en \u00f6nemli fig\u00fcrlerinin ba\u015f\u0131nda gelmekte ve g\u00fcn\u00fcm\u00fcz d\u00fc\u015f\u00fcn\u00fcrlerini etkilemeye devam etmektedir.Orazio Irrera l\u2019Universit\u00e9 Paris 8 Vincennes-Saint-Denis\u2019te felsefe b\u00f6l\u00fcm\u00fcnde akademisyen. \u201cFoucault \u00e0 Paris 8\u201d seminerlerine katk\u0131da bulundu ve Materiali foucaultiani dergisini y\u00f6netti.Daniele Lorenzini Pennsylvania \u00dcniversitesi\u2019nde felsefe profes\u00f6r\u00fc. The Force of Truth. Critique, Genealogy, and Truth-Telling in Foucault (Chicago, 2023) ve \u00c9thique et politique de soi (Vrin, 2015) adl\u0131 kitaplar\u0131 bulunmakta.Michel Foucault, Kelimeler ve \u015eeyler\u2019den hemen sonra \u20131966 yaz\u0131nda\u2013 kaleme ald\u0131\u011f\u0131 Felsefi Beyan tasla\u011f\u0131nda, modern felsefeyi tarihsel s\u0131n\u0131rlar\u0131 belirlenmi\u015f bir \u201cbeyan\u201d bi\u00e7imi olarak ele al\u0131r. Descartes\u2019tan Nietzsche\u2019ye uzanan geni\u015f bir hat \u00fczerinde, felsefi s\u00f6ylemin kendi \u00e7a\u011fda\u015fl\u0131\u011f\u0131yla kurdu\u011fu ili\u015fkiyi, me\u015frula\u015ft\u0131rma, \u00e7\u00f6z\u00fcmleme, ele\u015ftiri ve yorum i\u015flevleri \u00fczerinden \u00e7\u00f6z\u00fcmler. Foucault\u2019ya g\u00f6re felsefe, derinliklerde sakl\u0131 yatan bir \u00f6z\u00fc a\u00e7\u0131\u011fa \u00e7\u0131karma i\u015finden ziyade kendi \u201cbug\u00fcn\u201d\u00fcn\u00fc te\u015fhis etme edimidir art\u0131k. Foucault Nietzsche\u2019nin a\u00e7t\u0131\u011f\u0131 kriz sonras\u0131 zemini kayan, a\u015fk\u0131n hakikat temelleri \u00e7\u00f6z\u00fclen, filozofun konumunun de\u011fi\u015fti\u011fi ve ba\u015fka beyan (s\u00f6ylem) t\u00fcrleriyle i\u00e7 i\u00e7e ge\u00e7en Felsefe\u2019nin analizine giri\u015fir. Ya\u015fanan bu k\u0131r\u0131lmay\u0131, mutlak bir sondan ziyade yeni bir ba\u015flang\u0131\u00e7, \u201c\u015fimdiki zaman\u0131n arkeolojisi\u201d olarak yorumlar.Felsefi Beyan, bu anlamda, \u00f6l\u00fcm\u00fcnden sonra yay\u0131mlanmas\u0131yla Foucault\u2019nun felsefe tarihine, onun y\u00f6ntemlerine ve me\u015fruiyet iddialar\u0131na y\u00f6neltilmi\u015f g\u00fc\u00e7l\u00fc bir meydan okuma. Felsefenin kendi ko\u015fullar\u0131n\u0131, s\u0131n\u0131rlar\u0131n\u0131 ve imk\u00e2nlar\u0131n\u0131 yeniden d\u00fc\u015f\u00fcnmek isteyen okur i\u00e7in vazge\u00e7ilmez bir kaynak.<\/p>\n","protected":false},"excerpt":{"rendered":"<p>Michel Foucault 1926, Poitiers \u2013 1984, Paris. Yay\u0131mlad\u0131\u011f\u0131 ilk kitab\u0131 Maladie mentale et personnalit\u00e9\u2019den (1954) ba\u015flayarak hayat\u0131 boyunca adeta d\u00f6rt ana eksende toplad\u0131\u011f\u0131 \u201ciktidar\u201d konular\u0131n\u0131n tarihini<span class=\"excerpt-hellip\"> [\u2026]<\/span><\/p>\n","protected":false},"featured_media":0,"template":"","meta":{"_monsterinsights_skip_tracking":false,"_monsterinsights_sitenote_active":false,"_monsterinsights_sitenote_note":"","_monsterinsights_sitenote_category":0},"product_brand":[],"product_cat":[20351,12388],"product_tag":[],"class_list":{"0":"post-785639","1":"product","2":"type-product","3":"status-publish","5":"product_cat-dusunce","6":"product_cat-felsefe","7":"pa_cilt-ciltsiz","8":"pa_tur-kitap","9":"pa_yayinevi-yapi-kredi-yayinlari","10":"pa_yazar-michel-foucault","12":"first","13":"instock","14":"sale","15":"shipping-taxable","16":"purchasable","17":"product-type-simple"},"_links":{"self":[{"href":"https:\/\/roveyayinevi.com.tr\/index.php\/wp-json\/wp\/v2\/product\/785639","targetHints":{"allow":["GET"]}}],"collection":[{"href":"https:\/\/roveyayinevi.com.tr\/index.php\/wp-json\/wp\/v2\/product"}],"about":[{"href":"https:\/\/roveyayinevi.com.tr\/index.php\/wp-json\/wp\/v2\/types\/product"}],"wp:attachment":[{"href":"https:\/\/roveyayinevi.com.tr\/index.php\/wp-json\/wp\/v2\/media?parent=785639"}],"wp:term":[{"taxonomy":"product_brand","embeddable":true,"href":"https:\/\/roveyayinevi.com.tr\/index.php\/wp-json\/wp\/v2\/product_brand?post=785639"},{"taxonomy":"product_cat","embeddable":true,"href":"https:\/\/roveyayinevi.com.tr\/index.php\/wp-json\/wp\/v2\/product_cat?post=785639"},{"taxonomy":"product_tag","embeddable":true,"href":"https:\/\/roveyayinevi.com.tr\/index.php\/wp-json\/wp\/v2\/product_tag?post=785639"}],"curies":[{"name":"wp","href":"https:\/\/api.w.org\/{rel}","templated":true}]}}