{"id":785638,"date":"2026-04-05T03:49:50","date_gmt":"2026-04-05T00:49:50","guid":{"rendered":"https:\/\/roveyayinevi.com.tr\/index.php\/urun\/korkuya-ve-yabancilara-dair\/"},"modified":"2026-04-15T03:48:54","modified_gmt":"2026-04-15T00:48:54","slug":"korkuya-ve-yabancilara-dair","status":"publish","type":"product","link":"https:\/\/roveyayinevi.com.tr\/index.php\/urun\/korkuya-ve-yabancilara-dair\/","title":{"rendered":"Korkuya ve Yabanc\u0131lara Dair"},"content":{"rendered":"<p>Korkuya ve Yabanc\u0131lara Dair, insanl\u0131k i\u00e7in en utan\u00e7 verici duygu olan yabanc\u0131 d\u00fc\u015fmanl\u0131\u011f\u0131n\u0131 ele alan kapsaml\u0131 bir \u00e7al\u0131\u015fma. Psikiyatr ve tarih\u00e7i George Makari, yabanc\u0131 d\u00fc\u015fmanl\u0131\u011f\u0131n\u0131n yeniden y\u00fckseli\u015fe ge\u00e7ti\u011fi bug\u00fcnlerde \u201czenofobi\u201d teriminin tarih\u00e7esini anlatarak okurlar\u0131 insan d\u00fcnyas\u0131n\u0131n en derinlerinde yatan ak\u0131ld\u0131\u015f\u0131 korkular \u00fczerine d\u00fc\u015f\u00fcnmeye \u00e7a\u011f\u0131r\u0131yor. Zenofobinin Bat\u0131 ulusalc\u0131l\u0131\u011f\u0131, s\u00f6m\u00fcrgecilik, kitlesel g\u00f6\u00e7ler ve soyk\u0131r\u0131mlarla tekrar tekrar g\u00fcndeme gelip farkl\u0131 anlamlara b\u00fcr\u00fcnd\u00fc\u011f\u00fcn\u00fc ke\u015ffeden Makari, \u00f6zellikle Bat\u0131\u2019daki yabanc\u0131 korkusunun g\u00f6rece yeni bir olgu oldu\u011funa ve yeterince \u00fczerinde durulmam\u0131\u015f bir dizi inan\u0131lmaz olaya dayand\u0131\u011f\u0131na dikkat \u00e7ekiyor. Dola\u015f\u0131ma girip pop\u00fclerle\u015fen, zaman i\u00e7inde kar\u015f\u0131 taraf\u0131 tan\u0131mlama i\u015flevi g\u00f6ren zenofobi kavram\u0131 \u00f6nce kitlesel katliamlar\u0131 ve 20. y\u00fczy\u0131la damga vuran soyk\u0131r\u0131mlar\u0131, daha sonra da bunlar\u0131 \u00f6nlemek ama\u00e7l\u0131 etik ilkeyi tan\u0131mlamak i\u00e7in kullan\u0131ld\u0131. Gelgelelim g\u00fcn\u00fcm\u00fczde g\u00fcc\u00fcnden hi\u00e7bir \u015fey kaybetmeyen yabanc\u0131 d\u00fc\u015fmanl\u0131\u011f\u0131 halen insanlar\u0131 hi\u00e7e saymaya, siyaset belirlemeye devam ediyor\u2026 Bu \u00f6nemli \u00e7al\u0131\u015fmas\u0131nda Joseph Conrad, Albert Camus, Richard Wright, James Baldwin gibi romanc\u0131lar\u0131n, Jean Paul Sartre, Simone de Beauvoir, Frantz Fanon, Theodor Adorno, Michel Foucault gibi d\u00fc\u015f\u00fcn\u00fcrlerin eserlerine ba\u015fvuran Makari tarih, psikoloji, sosyoloji, felsefe, iktisat gibi farkl\u0131 disiplinlerden g\u00fc\u00e7 al\u0131yor. Stereotip, \u00f6teki, yans\u0131tma, ko\u015fullu tepki, Otoritaryen Ki\u015filik gibi kavramlara da a\u00e7\u0131kl\u0131k getiren yazar, son olarak nas\u0131l bar\u0131\u015f ve adalet \u00fczerine kurulu bir d\u00fcnya in\u015fa edece\u011fimiz konusunda d\u00fc\u015f\u00fcncelerini payla\u015f\u0131yor.<\/p>\n","protected":false},"excerpt":{"rendered":"<p>Korkuya ve Yabanc\u0131lara Dair, insanl\u0131k i\u00e7in en utan\u00e7 verici duygu olan yabanc\u0131 d\u00fc\u015fmanl\u0131\u011f\u0131n\u0131 ele alan kapsaml\u0131 bir \u00e7al\u0131\u015fma. Psikiyatr ve tarih\u00e7i George Makari, yabanc\u0131 d\u00fc\u015fmanl\u0131\u011f\u0131n\u0131n yeniden<span class=\"excerpt-hellip\"> [\u2026]<\/span><\/p>\n","protected":false},"featured_media":0,"template":"","meta":{"_monsterinsights_skip_tracking":false,"_monsterinsights_sitenote_active":false,"_monsterinsights_sitenote_note":"","_monsterinsights_sitenote_category":0},"product_brand":[],"product_cat":[12325,12324],"product_tag":[],"class_list":{"0":"post-785638","1":"product","2":"type-product","3":"status-publish","5":"product_cat-diger-sosyoloji","6":"product_cat-sosyoloji","7":"pa_cilt-ciltsiz","8":"pa_tur-kitap","9":"pa_yayinevi-yapi-kredi-yayinlari","10":"pa_yazar-george-makari","12":"first","13":"instock","14":"sale","15":"shipping-taxable","16":"purchasable","17":"product-type-simple"},"_links":{"self":[{"href":"https:\/\/roveyayinevi.com.tr\/index.php\/wp-json\/wp\/v2\/product\/785638","targetHints":{"allow":["GET"]}}],"collection":[{"href":"https:\/\/roveyayinevi.com.tr\/index.php\/wp-json\/wp\/v2\/product"}],"about":[{"href":"https:\/\/roveyayinevi.com.tr\/index.php\/wp-json\/wp\/v2\/types\/product"}],"wp:attachment":[{"href":"https:\/\/roveyayinevi.com.tr\/index.php\/wp-json\/wp\/v2\/media?parent=785638"}],"wp:term":[{"taxonomy":"product_brand","embeddable":true,"href":"https:\/\/roveyayinevi.com.tr\/index.php\/wp-json\/wp\/v2\/product_brand?post=785638"},{"taxonomy":"product_cat","embeddable":true,"href":"https:\/\/roveyayinevi.com.tr\/index.php\/wp-json\/wp\/v2\/product_cat?post=785638"},{"taxonomy":"product_tag","embeddable":true,"href":"https:\/\/roveyayinevi.com.tr\/index.php\/wp-json\/wp\/v2\/product_tag?post=785638"}],"curies":[{"name":"wp","href":"https:\/\/api.w.org\/{rel}","templated":true}]}}