{"id":785635,"date":"2026-04-05T03:49:35","date_gmt":"2026-04-05T00:49:35","guid":{"rendered":"https:\/\/roveyayinevi.com.tr\/index.php\/urun\/en-en-iyisi\/"},"modified":"2026-04-15T03:48:53","modified_gmt":"2026-04-15T00:48:53","slug":"en-en-iyisi","status":"publish","type":"product","link":"https:\/\/roveyayinevi.com.tr\/index.php\/urun\/en-en-iyisi\/","title":{"rendered":"En En \u0130yisi!"},"content":{"rendered":"<p>EN EN \u0130Y\u0130S\u0130!Lila bug\u00fcn annesiyle al\u0131\u015fveri\u015fte.Ma\u011fazadaki her \u015fey onun i\u00e7inEN EN \u0130Y\u0130S\u0130, HOP sepete!Ama k\u00fc\u00e7\u00fck bir macera onaba\u015fka bir \u015feyi hat\u0131rlatacak\u2026Belki de EN EN \u0130Y\u0130 \u015fey hep yan\u0131ba\u015f\u0131m\u0131zdad\u0131r.<\/p>\n","protected":false},"excerpt":{"rendered":"<p>EN EN \u0130Y\u0130S\u0130!Lila bug\u00fcn annesiyle al\u0131\u015fveri\u015fte.Ma\u011fazadaki her \u015fey onun i\u00e7inEN EN \u0130Y\u0130S\u0130, HOP sepete!Ama k\u00fc\u00e7\u00fck bir macera onaba\u015fka bir \u015feyi hat\u0131rlatacak\u2026Belki de EN EN \u0130Y\u0130 \u015fey<span class=\"excerpt-hellip\"> [\u2026]<\/span><\/p>\n","protected":false},"featured_media":0,"template":"","meta":{"_monsterinsights_skip_tracking":false,"_monsterinsights_sitenote_active":false,"_monsterinsights_sitenote_note":"","_monsterinsights_sitenote_category":0},"product_brand":[],"product_cat":[12274,12284],"product_tag":[],"class_list":{"0":"post-785635","1":"product","2":"type-product","3":"status-publish","5":"product_cat-cocuk-ve-genclik-kitaplari","6":"product_cat-hikayeler","7":"pa_cilt-ciltsiz","8":"pa_tur-kitap","9":"pa_yayinevi-aylak-kitap","10":"pa_yazar-beatrice-alemagna","12":"first","13":"instock","14":"sale","15":"shipping-taxable","16":"purchasable","17":"product-type-simple"},"_links":{"self":[{"href":"https:\/\/roveyayinevi.com.tr\/index.php\/wp-json\/wp\/v2\/product\/785635","targetHints":{"allow":["GET"]}}],"collection":[{"href":"https:\/\/roveyayinevi.com.tr\/index.php\/wp-json\/wp\/v2\/product"}],"about":[{"href":"https:\/\/roveyayinevi.com.tr\/index.php\/wp-json\/wp\/v2\/types\/product"}],"wp:attachment":[{"href":"https:\/\/roveyayinevi.com.tr\/index.php\/wp-json\/wp\/v2\/media?parent=785635"}],"wp:term":[{"taxonomy":"product_brand","embeddable":true,"href":"https:\/\/roveyayinevi.com.tr\/index.php\/wp-json\/wp\/v2\/product_brand?post=785635"},{"taxonomy":"product_cat","embeddable":true,"href":"https:\/\/roveyayinevi.com.tr\/index.php\/wp-json\/wp\/v2\/product_cat?post=785635"},{"taxonomy":"product_tag","embeddable":true,"href":"https:\/\/roveyayinevi.com.tr\/index.php\/wp-json\/wp\/v2\/product_tag?post=785635"}],"curies":[{"name":"wp","href":"https:\/\/api.w.org\/{rel}","templated":true}]}}