{"id":785631,"date":"2026-04-05T03:49:18","date_gmt":"2026-04-05T00:49:18","guid":{"rendered":"https:\/\/roveyayinevi.com.tr\/index.php\/urun\/karmasik-dunyada-sosyal-bilim\/"},"modified":"2026-04-15T03:48:53","modified_gmt":"2026-04-15T00:48:53","slug":"karmasik-dunyada-sosyal-bilim","status":"publish","type":"product","link":"https:\/\/roveyayinevi.com.tr\/index.php\/urun\/karmasik-dunyada-sosyal-bilim\/","title":{"rendered":"Karma\u015f\u0131k D\u00fcnyada Sosyal Bilim"},"content":{"rendered":"<p>Sosyal d\u00fcnyay\u0131 Newton fizi\u011finin saat gibi i\u015fleyen mekanik kesinli\u011fiyle a\u00e7\u0131klayabilir miyiz? Yoksa toplumlar, ekonomiler ve k\u00fclt\u00fcrler; belirsizlik i\u00e7inde s\u00fcrekli \u00f6\u011frenen, d\u00f6n\u00fc\u015fen ve evrilen canl\u0131 organizmalar m\u0131d\u0131r? Bu kitap sadece teorik bir tart\u0131\u015fma de\u011fil, ayn\u0131 zamanda ara\u015ft\u0131rmac\u0131lar i\u00e7in bir metodolojik alet \u00e7antas\u0131. Fizik m\u00fchendisli\u011fi disiplininden gelen analitik bak\u0131\u015f a\u00e7\u0131s\u0131n\u0131, sosyal bilimlerin derinli\u011fiyle harmanlayan Volkan A\u015fkun, bu eserle geleneksel indirgemeci bilim anlay\u0131\u015f\u0131n\u0131n \u00f6tesine ge\u00e7iyor. Do\u011fa bilimleri ile sosyal bilimler aras\u0131ndaki tarihsel duvarlar\u0131 y\u0131karak, \u201cKarma\u015f\u0131k Uyarlanabilir Sistemler\u201d teorisi arac\u0131l\u0131\u011f\u0131yla disiplinleraras\u0131 bir k\u00f6pr\u00fc kuruyor. A\u015fkun, belirme ve kendi kendine \u00f6rg\u00fctlenme gibi soyut kavramlar\u0131 somutla\u015ft\u0131r\u0131rken, Grounded teori ve durum \u00e7al\u0131\u015fmalar\u0131ndan yapay zek\u00e2, a\u011f analizi ve arac\u0131 tabanl\u0131 modellemeye uzanan yenilik\u00e7i ara\u00e7lar\u0131 okurun hizmetine sunuyor.Karma\u015f\u0131k D\u00fcnyada Sosyal Bilim: Karma\u015f\u0131k Uyarlanabilir Sistemlere Giri\u015f, t\u00fcm cevaplar\u0131 verme iddias\u0131nda de\u011fil; aksine do\u011fru sorular\u0131 sormaya, sosyal evrenin kaotik do\u011fas\u0131n\u0131 anlamland\u0131rmaya ve belirsizli\u011fin i\u00e7indeki o muazzam d\u00fczeni ke\u015ffetmeye bir davet.<\/p>\n","protected":false},"excerpt":{"rendered":"<p>Sosyal d\u00fcnyay\u0131 Newton fizi\u011finin saat gibi i\u015fleyen mekanik kesinli\u011fiyle a\u00e7\u0131klayabilir miyiz? Yoksa toplumlar, ekonomiler ve k\u00fclt\u00fcrler; belirsizlik i\u00e7inde s\u00fcrekli \u00f6\u011frenen, d\u00f6n\u00fc\u015fen ve evrilen canl\u0131 organizmalar m\u0131d\u0131r?<span class=\"excerpt-hellip\"> [\u2026]<\/span><\/p>\n","protected":false},"featured_media":0,"template":"","meta":{"_monsterinsights_skip_tracking":false,"_monsterinsights_sitenote_active":false,"_monsterinsights_sitenote_note":"","_monsterinsights_sitenote_category":0},"product_brand":[],"product_cat":[12325,12324],"product_tag":[],"class_list":{"0":"post-785631","1":"product","2":"type-product","3":"status-publish","5":"product_cat-diger-sosyoloji","6":"product_cat-sosyoloji","7":"pa_cilt-ciltsiz","8":"pa_tur-kitap","9":"pa_yayinevi-istanbul-bilgi-universitesi-yayinlari","10":"pa_yazar-volkan-askun","12":"first","13":"instock","14":"sale","15":"shipping-taxable","16":"purchasable","17":"product-type-simple"},"_links":{"self":[{"href":"https:\/\/roveyayinevi.com.tr\/index.php\/wp-json\/wp\/v2\/product\/785631","targetHints":{"allow":["GET"]}}],"collection":[{"href":"https:\/\/roveyayinevi.com.tr\/index.php\/wp-json\/wp\/v2\/product"}],"about":[{"href":"https:\/\/roveyayinevi.com.tr\/index.php\/wp-json\/wp\/v2\/types\/product"}],"wp:attachment":[{"href":"https:\/\/roveyayinevi.com.tr\/index.php\/wp-json\/wp\/v2\/media?parent=785631"}],"wp:term":[{"taxonomy":"product_brand","embeddable":true,"href":"https:\/\/roveyayinevi.com.tr\/index.php\/wp-json\/wp\/v2\/product_brand?post=785631"},{"taxonomy":"product_cat","embeddable":true,"href":"https:\/\/roveyayinevi.com.tr\/index.php\/wp-json\/wp\/v2\/product_cat?post=785631"},{"taxonomy":"product_tag","embeddable":true,"href":"https:\/\/roveyayinevi.com.tr\/index.php\/wp-json\/wp\/v2\/product_tag?post=785631"}],"curies":[{"name":"wp","href":"https:\/\/api.w.org\/{rel}","templated":true}]}}