{"id":785621,"date":"2026-04-05T03:48:42","date_gmt":"2026-04-05T00:48:42","guid":{"rendered":"https:\/\/roveyayinevi.com.tr\/index.php\/urun\/antik-yunan-bilimi\/"},"modified":"2026-04-15T03:48:50","modified_gmt":"2026-04-15T00:48:50","slug":"antik-yunan-bilimi","status":"publish","type":"product","link":"https:\/\/roveyayinevi.com.tr\/index.php\/urun\/antik-yunan-bilimi\/","title":{"rendered":"Antik Yunan Bilimi"},"content":{"rendered":"<p>Bilim tarihinin k\u00f6\u015fe ta\u015flar\u0131ndan Antik Yunan Bilimi, Benjamin Farrington\u2019un Antik Yunan d\u00fc\u015f\u00fcncesini toplumsal ba\u011flam\u0131 i\u00e7inde \u00e7\u00f6z\u00fcmleyen klasik incelemesidir.Farrington bu eserinde, bilimsel ilerlemenin soyut zek\u00e2 \u00fcr\u00fcn\u00fc mucizelerle de\u011fil, belirli \u00fcretim bi\u00e7imleri, s\u0131n\u0131fsal \u00e7at\u0131\u015fmalar ve toplumsal ihtiya\u00e7larla kurulan maddi ili\u015fkilerle belirlendi\u011fini g\u00f6steriyor. Thales\u2019ten Aristoteles\u2019e, Pythagoras\u00e7\u0131lardan \u0130skenderiyeli g\u00f6kbilimcilere kadar t\u00fcm antik bilim gelene\u011fi, idealist bir y\u00fcceltilmenin sis bulutlar\u0131 aras\u0131ndan \u00e7\u0131kar\u0131larak kendi tarihsel zemini \u00fczerinde de\u011ferlendiriliyor. Bu yakla\u015f\u0131m, hem bilimin geli\u015fiminde toplumsal dinamiklerin rol\u00fcn\u00fc berrakla\u015ft\u0131r\u0131yor hem de antik d\u00fcnyan\u0131n d\u00fc\u015f\u00fcnsel miras\u0131n\u0131 g\u00fcn\u00fcm\u00fcz okurlar\u0131 i\u00e7in yeniden anlamland\u0131r\u0131yor.Antik d\u00fcnyan\u0131n bilimsel d\u00fc\u015f\u00fcncesi, o d\u00fcnyan\u0131n toplumsal yap\u0131s\u0131n\u0131 anlamadan kavranamaz. Antik Yunan Bilimi, tam da bu nedenle, yaln\u0131zca bilim tarihine de\u011fil, tarihsel materyalist okumalara da g\u00fc\u00e7l\u00fc bir katk\u0131 sa\u011flayacakt\u0131r.Antik \u00c7a\u011f bilim tarihine dair en etkili materyalist \u00e7\u00f6z\u00fcmlemelerden birini T\u00fcrk\u00e7eye kazand\u0131rm\u0131\u015f olmaktan dolay\u0131 k\u0131van\u00e7l\u0131y\u0131z.<\/p>\n","protected":false},"excerpt":{"rendered":"<p>Bilim tarihinin k\u00f6\u015fe ta\u015flar\u0131ndan Antik Yunan Bilimi, Benjamin Farrington\u2019un Antik Yunan d\u00fc\u015f\u00fcncesini toplumsal ba\u011flam\u0131 i\u00e7inde \u00e7\u00f6z\u00fcmleyen klasik incelemesidir.Farrington bu eserinde, bilimsel ilerlemenin soyut zek\u00e2 \u00fcr\u00fcn\u00fc mucizelerle<span class=\"excerpt-hellip\"> [\u2026]<\/span><\/p>\n","protected":false},"featured_media":0,"template":"","meta":{"_monsterinsights_skip_tracking":false,"_monsterinsights_sitenote_active":false,"_monsterinsights_sitenote_note":"","_monsterinsights_sitenote_category":0},"product_brand":[],"product_cat":[141304],"product_tag":[],"class_list":{"0":"post-785621","1":"product","2":"type-product","3":"status-publish","5":"product_cat-yeni-cikanlar","6":"pa_cilt-ciltsiz","7":"pa_tur-kitap","8":"pa_yayinevi-yordam-kitap","9":"pa_yazar-benjamin-farrington","11":"first","12":"instock","13":"sale","14":"shipping-taxable","15":"purchasable","16":"product-type-simple"},"_links":{"self":[{"href":"https:\/\/roveyayinevi.com.tr\/index.php\/wp-json\/wp\/v2\/product\/785621","targetHints":{"allow":["GET"]}}],"collection":[{"href":"https:\/\/roveyayinevi.com.tr\/index.php\/wp-json\/wp\/v2\/product"}],"about":[{"href":"https:\/\/roveyayinevi.com.tr\/index.php\/wp-json\/wp\/v2\/types\/product"}],"wp:attachment":[{"href":"https:\/\/roveyayinevi.com.tr\/index.php\/wp-json\/wp\/v2\/media?parent=785621"}],"wp:term":[{"taxonomy":"product_brand","embeddable":true,"href":"https:\/\/roveyayinevi.com.tr\/index.php\/wp-json\/wp\/v2\/product_brand?post=785621"},{"taxonomy":"product_cat","embeddable":true,"href":"https:\/\/roveyayinevi.com.tr\/index.php\/wp-json\/wp\/v2\/product_cat?post=785621"},{"taxonomy":"product_tag","embeddable":true,"href":"https:\/\/roveyayinevi.com.tr\/index.php\/wp-json\/wp\/v2\/product_tag?post=785621"}],"curies":[{"name":"wp","href":"https:\/\/api.w.org\/{rel}","templated":true}]}}