{"id":785616,"date":"2026-04-05T03:47:45","date_gmt":"2026-04-05T00:47:45","guid":{"rendered":"https:\/\/roveyayinevi.com.tr\/index.php\/urun\/dusen-korlar\/"},"modified":"2026-04-15T03:48:47","modified_gmt":"2026-04-15T00:48:47","slug":"dusen-korlar","status":"publish","type":"product","link":"https:\/\/roveyayinevi.com.tr\/index.php\/urun\/dusen-korlar\/","title":{"rendered":"D\u00fc\u015fen Korlar"},"content":{"rendered":"<p>Calder Cruz\u2019a, bana u\u00e7may\u0131 \u00f6\u011fretti\u011fi andan beri \u00e2\u015f\u0131kt\u0131m.Da\u011f\u0131n tepesinden eteklerine kadar benimle yar\u0131\u015f\u0131r ve \u00e7aresizce ihtiya\u00e7 duydu\u011fum \u00f6zg\u00fcrl\u00fc\u011f\u00fc bana verirdi. Beni anlard\u0131. O, benim g\u00fcvenli alan\u0131md\u0131.Hadley, k\u0131z karde\u015fi ka\u00e7\u0131r\u0131ld\u0131\u011f\u0131ndan beri kendi hayat\u0131n\u0131 ya\u015famak i\u00e7in m\u00fccadele ediyordu. Beklentiler ve aile bask\u0131s\u0131n\u0131n alt\u0131nda bo\u011fulurken, Calder daima onu anlayan ki\u015fi olmu\u015ftu.Ta ki bir gece her \u015feyi de\u011fi\u015ftirene kadar. Bir anda en yak\u0131n arkada\u015flardan iki yabanc\u0131ya d\u00f6n\u00fc\u015fm\u00fc\u015flerdi.Hadley, i\u00e7imde ya\u015fayan bir ate\u015f gibi.Her \u015feyin yan\u0131p k\u00fcl oldu\u011funu sand\u0131\u011f\u0131mda bile kemiklerimde h\u00e2l\u00e2 ya\u015fayan korlar vard\u0131.Calder, en \u00e7ok sevdi\u011fi insanlar\u0131 kaybetmenin e\u015fi\u011finden d\u00f6nmenin nas\u0131l bir his oldu\u011funu biliyordu. B\u00f6yle bir hatay\u0131 bir daha asla yapmayacakt\u0131. \u0130htiyac\u0131 olan tek \u015fey, itfaiye istasyonunda \u00e7al\u0131\u015f\u0131p k\u0131zlar\u0131yla ilgilenmekti.Ne kadar yan\u0131ld\u0131\u011f\u0131n\u0131 anlamas\u0131 i\u00e7in tek bir an yetmi\u015fti; hayat\u0131 boyunca sevdi\u011fi kad\u0131n\u0131 kaybetmeye \u00e7ok yakla\u015ft\u0131\u011f\u0131 bir an.Ancak uzun zaman \u00f6nce i\u00e7ine g\u00f6md\u00fc\u011f\u00fc korlar yeniden alevlenirken g\u00f6lgelerde gizlenen birileri vard\u0131. Ve bu alevi ebediyen s\u00f6nd\u00fcrmek i\u00e7in ellerinden geleni yapacaklard\u0131\u2026<\/p>\n","protected":false},"excerpt":{"rendered":"<p>Calder Cruz\u2019a, bana u\u00e7may\u0131 \u00f6\u011fretti\u011fi andan beri \u00e2\u015f\u0131kt\u0131m.Da\u011f\u0131n tepesinden eteklerine kadar benimle yar\u0131\u015f\u0131r ve \u00e7aresizce ihtiya\u00e7 duydu\u011fum \u00f6zg\u00fcrl\u00fc\u011f\u00fc bana verirdi. Beni anlard\u0131. O, benim g\u00fcvenli alan\u0131md\u0131.Hadley,<span class=\"excerpt-hellip\"> [\u2026]<\/span><\/p>\n","protected":false},"featured_media":0,"template":"","meta":{"_monsterinsights_skip_tracking":false,"_monsterinsights_sitenote_active":false,"_monsterinsights_sitenote_note":"","_monsterinsights_sitenote_category":0},"product_brand":[],"product_cat":[12540,12291],"product_tag":[],"class_list":{"0":"post-785616","1":"product","2":"type-product","3":"status-publish","5":"product_cat-bilim-kurgu","6":"product_cat-edebiyat","7":"pa_cilt-ciltsiz","8":"pa_tur-kitap","9":"pa_yayinevi-pukka-yayinlari","10":"pa_yazar-catherine-cowles","12":"first","13":"instock","14":"sale","15":"shipping-taxable","16":"purchasable","17":"product-type-simple"},"_links":{"self":[{"href":"https:\/\/roveyayinevi.com.tr\/index.php\/wp-json\/wp\/v2\/product\/785616","targetHints":{"allow":["GET"]}}],"collection":[{"href":"https:\/\/roveyayinevi.com.tr\/index.php\/wp-json\/wp\/v2\/product"}],"about":[{"href":"https:\/\/roveyayinevi.com.tr\/index.php\/wp-json\/wp\/v2\/types\/product"}],"wp:attachment":[{"href":"https:\/\/roveyayinevi.com.tr\/index.php\/wp-json\/wp\/v2\/media?parent=785616"}],"wp:term":[{"taxonomy":"product_brand","embeddable":true,"href":"https:\/\/roveyayinevi.com.tr\/index.php\/wp-json\/wp\/v2\/product_brand?post=785616"},{"taxonomy":"product_cat","embeddable":true,"href":"https:\/\/roveyayinevi.com.tr\/index.php\/wp-json\/wp\/v2\/product_cat?post=785616"},{"taxonomy":"product_tag","embeddable":true,"href":"https:\/\/roveyayinevi.com.tr\/index.php\/wp-json\/wp\/v2\/product_tag?post=785616"}],"curies":[{"name":"wp","href":"https:\/\/api.w.org\/{rel}","templated":true}]}}