{"id":785615,"date":"2026-04-05T03:47:39","date_gmt":"2026-04-05T00:47:39","guid":{"rendered":"https:\/\/roveyayinevi.com.tr\/index.php\/urun\/izler-kalir-2-ciltli\/"},"modified":"2026-04-15T03:48:47","modified_gmt":"2026-04-15T00:48:47","slug":"izler-kalir-2-ciltli","status":"publish","type":"product","link":"https:\/\/roveyayinevi.com.tr\/index.php\/urun\/izler-kalir-2-ciltli\/","title":{"rendered":"\u0130zler Kal\u0131r 2 (Ciltli)"},"content":{"rendered":"<p>Her \u015fey bitti dedi\u011fin anda ye\u015feren bir umut filizi, b\u00fcy\u00fcy\u00fcp olgunla\u015f\u0131r ve hi\u00e7bir \u015feyinimk\u00e2ns\u0131z olmad\u0131\u011f\u0131n\u0131 g\u00f6sterir. \u0130yile\u015fmenin bile.Beste, Soner&#8217;in kalk\u0131\u015ft\u0131\u011f\u0131 intihar\u0131n ard\u0131ndan hayat\u0131n\u0131n en sanc\u0131l\u0131 g\u00fcnlerini ge\u00e7irmeyeba\u015flar. \u0130lk a\u015fk\u0131n\u0131, en do\u011fru olsa da ayn\u0131 zamanda en yanl\u0131\u015f ki\u015fiyle ya\u015fad\u0131\u011f\u0131 ger\u00e7e\u011fiyley\u00fczle\u015fir. Soner, ya\u015famak i\u00e7in hevesli de\u011fildir ve bu durum Beste i\u00e7in kabullenmesi g\u00fc\u00e7bir ger\u00e7ektir.Yine de hi\u00e7bir zaman umut etmekten vazge\u00e7meyen Beste, uyand\u0131\u011f\u0131nda tedavisinedevam etmesi i\u00e7in Soner\u2019e destek olmakta kararl\u0131d\u0131r.Bilmedi\u011fi \u015fey ise bu olay\u0131n Soner&#8217;in a\u00e7\u0131s\u0131ndan da bir d\u00f6n\u00fcm noktas\u0131 oldu\u011fu veuyand\u0131\u011f\u0131nda iyile\u015fmek i\u00e7in bir ad\u0131m atmaya haz\u0131r oldu\u011fudur.Uzun ve zorlu bir yola girilecek olsa da Beste bu yolda Soner&#8217;in yan\u0131nda olmaya vesonuna kadar elini tutmaya haz\u0131rd\u0131r.<\/p>\n","protected":false},"excerpt":{"rendered":"<p>Her \u015fey bitti dedi\u011fin anda ye\u015feren bir umut filizi, b\u00fcy\u00fcy\u00fcp olgunla\u015f\u0131r ve hi\u00e7bir \u015feyinimk\u00e2ns\u0131z olmad\u0131\u011f\u0131n\u0131 g\u00f6sterir. \u0130yile\u015fmenin bile.Beste, Soner&#8217;in kalk\u0131\u015ft\u0131\u011f\u0131 intihar\u0131n ard\u0131ndan hayat\u0131n\u0131n en sanc\u0131l\u0131 g\u00fcnlerini<span class=\"excerpt-hellip\"> [\u2026]<\/span><\/p>\n","protected":false},"featured_media":0,"template":"","meta":{"_monsterinsights_skip_tracking":false,"_monsterinsights_sitenote_active":false,"_monsterinsights_sitenote_note":"","_monsterinsights_sitenote_category":0},"product_brand":[],"product_cat":[12291,12711],"product_tag":[],"class_list":{"0":"post-785615","1":"product","2":"type-product","3":"status-publish","5":"product_cat-edebiyat","6":"product_cat-roman-oyku","7":"pa_cilt-ciltsiz","8":"pa_tur-kitap","9":"pa_yayinevi-pukka-yayinlari","10":"pa_yazar-sude-b","12":"first","13":"instock","14":"sale","15":"shipping-taxable","16":"purchasable","17":"product-type-simple"},"_links":{"self":[{"href":"https:\/\/roveyayinevi.com.tr\/index.php\/wp-json\/wp\/v2\/product\/785615","targetHints":{"allow":["GET"]}}],"collection":[{"href":"https:\/\/roveyayinevi.com.tr\/index.php\/wp-json\/wp\/v2\/product"}],"about":[{"href":"https:\/\/roveyayinevi.com.tr\/index.php\/wp-json\/wp\/v2\/types\/product"}],"wp:attachment":[{"href":"https:\/\/roveyayinevi.com.tr\/index.php\/wp-json\/wp\/v2\/media?parent=785615"}],"wp:term":[{"taxonomy":"product_brand","embeddable":true,"href":"https:\/\/roveyayinevi.com.tr\/index.php\/wp-json\/wp\/v2\/product_brand?post=785615"},{"taxonomy":"product_cat","embeddable":true,"href":"https:\/\/roveyayinevi.com.tr\/index.php\/wp-json\/wp\/v2\/product_cat?post=785615"},{"taxonomy":"product_tag","embeddable":true,"href":"https:\/\/roveyayinevi.com.tr\/index.php\/wp-json\/wp\/v2\/product_tag?post=785615"}],"curies":[{"name":"wp","href":"https:\/\/api.w.org\/{rel}","templated":true}]}}