{"id":785612,"date":"2026-04-05T03:47:22","date_gmt":"2026-04-05T00:47:22","guid":{"rendered":"https:\/\/roveyayinevi.com.tr\/index.php\/urun\/bana-bir-neden-ver\/"},"modified":"2026-04-08T03:45:09","modified_gmt":"2026-04-08T00:45:09","slug":"bana-bir-neden-ver","status":"publish","type":"product","link":"https:\/\/roveyayinevi.com.tr\/index.php\/urun\/bana-bir-neden-ver\/","title":{"rendered":"Bana Bir Neden Ver"},"content":{"rendered":"<p>NYT ve USA Today \u00e7oksatan yazar\u0131 A.L. Jackson\u2019dan, \u00e7ocu\u011funu tek ba\u015f\u0131na b\u00fcy\u00fcten bir adam ile o\u011flunun \u00f6\u011fretmeni aras\u0131ndaki d\u00fc\u015fmandan \u00e2\u015f\u0131\u011fa d\u00f6n\u00fc\u015fen bir a\u015fk hik\u00e2yesi\u2026Eden Murphy, fazladan para kazanmak i\u00e7in kul\u00fcb\u00fcme gelmi\u015fti.Onun gibi bir kad\u0131n buraya ait de\u011fildi.Parampar\u00e7a olurdu.Muhtemelen onu par\u00e7alayan da ben olurdum.Tatl\u0131, ba\u015ftan \u00e7\u0131kar\u0131c\u0131 bedeni masumiyetle \u0131\u015f\u0131ld\u0131yordu ve ben de onun tad\u0131na bakmak i\u00e7in sab\u0131rs\u0131zlanan bir canavard\u0131m.Trent Lawson, ilgilenmem gereken son adamd\u0131.Karanl\u0131kt\u0131.Tehlikeliydi.Dizlerimi titretecek, g\u00fcnahk\u00e2r bir y\u00fcz\u00fc vard\u0131.Ayr\u0131ca ukalan\u0131n tekiydi ve art\u0131k yeni patronumdu. Dahas\u0131, sevimli o\u011flunun benim anaokulu s\u0131n\u0131f\u0131mda oldu\u011funu \u00f6\u011frendi\u011fimde, ondan uzak durmam gerekti\u011fini biliyordum. Ama ikimizin de aram\u0131zdaki \u00e7ekimi g\u00f6rmezden gelmesi imk\u00e2ns\u0131zd\u0131.Tek bir bak\u0131\u015fla, kalplerimiz h\u0131zlanmak i\u00e7in bir sebep bulmu\u015ftu.Bir dokunu\u015fla, asla sahip olamayaca\u011f\u0131m\u0131z bir \u015fey i\u00e7in yan\u0131p tutu\u015fur hale gelmi\u015ftik.Ve birlikte ge\u00e7irilen bir gecenin ard\u0131ndan, birbirimize kap\u0131lmam\u0131z ka\u00e7\u0131n\u0131lmaz olmu\u015ftu.Onu kirli d\u00fcnyama \u00e7ekmek yanl\u0131\u015ft\u0131.Ama \u00f6nemli de\u011fildi.Eden Murphy, bana aitti.<\/p>\n","protected":false},"excerpt":{"rendered":"<p>NYT ve USA Today \u00e7oksatan yazar\u0131 A.L. Jackson\u2019dan, \u00e7ocu\u011funu tek ba\u015f\u0131na b\u00fcy\u00fcten bir adam ile o\u011flunun \u00f6\u011fretmeni aras\u0131ndaki d\u00fc\u015fmandan \u00e2\u015f\u0131\u011fa d\u00f6n\u00fc\u015fen bir a\u015fk hik\u00e2yesi\u2026Eden Murphy, fazladan<span class=\"excerpt-hellip\"> [\u2026]<\/span><\/p>\n","protected":false},"featured_media":0,"template":"","meta":{"_monsterinsights_skip_tracking":false,"_monsterinsights_sitenote_active":false,"_monsterinsights_sitenote_note":"","_monsterinsights_sitenote_category":0},"product_brand":[],"product_cat":[12291,12711],"product_tag":[],"class_list":{"0":"post-785612","1":"product","2":"type-product","3":"status-publish","5":"product_cat-edebiyat","6":"product_cat-roman-oyku","7":"pa_cilt-ciltsiz","8":"pa_tur-kitap","9":"pa_yayinevi-pukka-yayinlari","10":"pa_yazar-a-l-jackson","12":"first","13":"instock","14":"sale","15":"shipping-taxable","16":"purchasable","17":"product-type-simple"},"_links":{"self":[{"href":"https:\/\/roveyayinevi.com.tr\/index.php\/wp-json\/wp\/v2\/product\/785612","targetHints":{"allow":["GET"]}}],"collection":[{"href":"https:\/\/roveyayinevi.com.tr\/index.php\/wp-json\/wp\/v2\/product"}],"about":[{"href":"https:\/\/roveyayinevi.com.tr\/index.php\/wp-json\/wp\/v2\/types\/product"}],"wp:attachment":[{"href":"https:\/\/roveyayinevi.com.tr\/index.php\/wp-json\/wp\/v2\/media?parent=785612"}],"wp:term":[{"taxonomy":"product_brand","embeddable":true,"href":"https:\/\/roveyayinevi.com.tr\/index.php\/wp-json\/wp\/v2\/product_brand?post=785612"},{"taxonomy":"product_cat","embeddable":true,"href":"https:\/\/roveyayinevi.com.tr\/index.php\/wp-json\/wp\/v2\/product_cat?post=785612"},{"taxonomy":"product_tag","embeddable":true,"href":"https:\/\/roveyayinevi.com.tr\/index.php\/wp-json\/wp\/v2\/product_tag?post=785612"}],"curies":[{"name":"wp","href":"https:\/\/api.w.org\/{rel}","templated":true}]}}