{"id":785607,"date":"2026-04-05T03:46:56","date_gmt":"2026-04-05T00:46:56","guid":{"rendered":"https:\/\/roveyayinevi.com.tr\/index.php\/urun\/okumanin-buyusucocuklarimiza-kitap-okumak-hayatlarini-neden-sonsuza-dek-degistirecek\/"},"modified":"2026-04-15T03:48:46","modified_gmt":"2026-04-15T00:48:46","slug":"okumanin-buyusucocuklarimiza-kitap-okumak-hayatlarini-neden-sonsuza-dek-degistirecek","status":"publish","type":"product","link":"https:\/\/roveyayinevi.com.tr\/index.php\/urun\/okumanin-buyusucocuklarimiza-kitap-okumak-hayatlarini-neden-sonsuza-dek-degistirecek\/","title":{"rendered":"Okuman\u0131n B\u00fcy\u00fcs\u00fc;\u00c7ocuklar\u0131m\u0131za Kitap Okumak Hayatlar\u0131n\u0131 Neden Sonsuza Dek De\u011fi\u015ftirecek?"},"content":{"rendered":"<p>Bir \u00e7ocu\u011fun hayat\u0131n\u0131 de\u011fi\u015ftirmek i\u00e7in ona her g\u00fcn kitap okuman\u0131z yeter!\u00c7ocuklar\u0131n beyni, ya\u015fam\u0131n\u0131n ilk y\u0131llar\u0131nda ola\u011fan\u00fcst\u00fc bir h\u0131zla \u015fekillenir. Bu d\u00f6nemde duyduklar\u0131 herkelime, her ritim, her tekrar sinir a\u011flar\u0131n\u0131 yeniden \u00f6rer.\u00d6d\u00fcll\u00fc yazar Mem Fox, Okuman\u0131n B\u00fcy\u00fcs\u00fc\u2019nde \u00e7ocuklara y\u00fcksek sesle kitap okuman\u0131n s\u0131radan biral\u0131\u015fkanl\u0131k olmaktan \u00e7\u0131k\u0131p, bir \u00e7ocu\u011fun hayat\u0131na e\u015flik eden kal\u0131c\u0131 bir arma\u011fana nas\u0131l d\u00f6n\u00fc\u015ft\u00fc\u011f\u00fcn\u00fc anlat\u0131yor.D\u00fczenli okuman\u0131n dikkat da\u011f\u0131n\u0131kl\u0131\u011f\u0131ndan dil geli\u015fimine, \u00f6\u011frenme iste\u011finden empati kurma becerisinekadar pek \u00e7ok alanda \u00e7ocuklar\u0131n d\u00fcnyas\u0131n\u0131 nas\u0131l d\u00f6n\u00fc\u015ft\u00fcrd\u00fc\u011f\u00fcn\u00fc kendi uzun y\u0131llara dayanan deneyimi veger\u00e7ek \u00f6rneklerle aktar\u0131yor.Okuman\u0131n B\u00fcy\u00fcs\u00fc karma\u015f\u0131k y\u00f6ntemler, pahal\u0131 kurslar ya da \u00f6zel programlara gerek kalmadan, sadecesevgiyle, istikrarla ve her g\u00fcn ayr\u0131lan birka\u00e7 dakikayla \u00e7ocuklarla kurulan ba\u011f\u0131n nas\u0131l g\u00fc\u00e7lendi\u011fini,okuman\u0131n hayal g\u00fcc\u00fcn\u00fc ve \u00f6\u011frenme kapasitesini nas\u0131l k\u00f6kten de\u011fi\u015ftirdi\u011fini yazar\u0131n tecr\u00fcbesindendam\u0131t\u0131lm\u0131\u015f \u00e7arp\u0131c\u0131 \u00f6rneklerle ortaya koyuyor.<\/p>\n","protected":false},"excerpt":{"rendered":"<p>Bir \u00e7ocu\u011fun hayat\u0131n\u0131 de\u011fi\u015ftirmek i\u00e7in ona her g\u00fcn kitap okuman\u0131z yeter!\u00c7ocuklar\u0131n beyni, ya\u015fam\u0131n\u0131n ilk y\u0131llar\u0131nda ola\u011fan\u00fcst\u00fc bir h\u0131zla \u015fekillenir. Bu d\u00f6nemde duyduklar\u0131 herkelime, her ritim, her<span class=\"excerpt-hellip\"> [\u2026]<\/span><\/p>\n","protected":false},"featured_media":0,"template":"","meta":{"_monsterinsights_skip_tracking":false,"_monsterinsights_sitenote_active":false,"_monsterinsights_sitenote_note":"","_monsterinsights_sitenote_category":0},"product_brand":[],"product_cat":[12364,12376],"product_tag":[],"class_list":{"0":"post-785607","1":"product","2":"type-product","3":"status-publish","5":"product_cat-genel-konular","6":"product_cat-kisisel-gelisim","7":"pa_cilt-ciltsiz","8":"pa_tur-kitap","9":"pa_yayinevi-kolektif-kitap","10":"pa_yazar-mem-fox","12":"first","13":"instock","14":"sale","15":"shipping-taxable","16":"purchasable","17":"product-type-simple"},"_links":{"self":[{"href":"https:\/\/roveyayinevi.com.tr\/index.php\/wp-json\/wp\/v2\/product\/785607","targetHints":{"allow":["GET"]}}],"collection":[{"href":"https:\/\/roveyayinevi.com.tr\/index.php\/wp-json\/wp\/v2\/product"}],"about":[{"href":"https:\/\/roveyayinevi.com.tr\/index.php\/wp-json\/wp\/v2\/types\/product"}],"wp:attachment":[{"href":"https:\/\/roveyayinevi.com.tr\/index.php\/wp-json\/wp\/v2\/media?parent=785607"}],"wp:term":[{"taxonomy":"product_brand","embeddable":true,"href":"https:\/\/roveyayinevi.com.tr\/index.php\/wp-json\/wp\/v2\/product_brand?post=785607"},{"taxonomy":"product_cat","embeddable":true,"href":"https:\/\/roveyayinevi.com.tr\/index.php\/wp-json\/wp\/v2\/product_cat?post=785607"},{"taxonomy":"product_tag","embeddable":true,"href":"https:\/\/roveyayinevi.com.tr\/index.php\/wp-json\/wp\/v2\/product_tag?post=785607"}],"curies":[{"name":"wp","href":"https:\/\/api.w.org\/{rel}","templated":true}]}}