{"id":785606,"date":"2026-04-05T03:46:50","date_gmt":"2026-04-05T00:46:50","guid":{"rendered":"https:\/\/roveyayinevi.com.tr\/index.php\/urun\/hundreds\/"},"modified":"2026-04-15T03:48:46","modified_gmt":"2026-04-15T00:48:46","slug":"hundreds","status":"publish","type":"product","link":"https:\/\/roveyayinevi.com.tr\/index.php\/urun\/hundreds\/","title":{"rendered":"Hundreds"},"content":{"rendered":"<p>\u201cOnu incitmekle i\u015fim bitti. Yeteri kadar incindi. Onu \u00f6zg\u00fcr b\u0131rakmam\u0131n zaman\u0131 geldi\u2026\u201dBir zamanlar eve gitmek ve her \u015feyi unutmak isterdim.\u015eimdi ise g\u00fc\u00e7l\u00fcyd\u00fcm ve sava\u015fmaya haz\u0131rd\u0131m.Ba\u015ftan \u00e7\u0131kar\u0131lm\u0131\u015f ve sahiplenilmi\u015ftim. Elder art\u0131k sadece sesimi istemekle kalm\u0131yordu, benim de kendisi gibi bir h\u0131rs\u0131z olmam\u0131 talep ediyordu.Fakat onu reddediyordum.Ama bana istememem gereken \u015feyler, arkama bakmadan ka\u00e7mam gereken iyilikler sunuyordu.Beni korumas\u0131na kar\u015f\u0131l\u0131k olarak \u00f6zg\u00fcrl\u00fc\u011f\u00fcm\u00fc geri almam\u0131 istedi. Ard\u0131ndan buna yetecek kadar peni ve dolar \u00e7almam\u0131 emretti.Ancak ikimiz de onun beni nas\u0131l de\u011fi\u015ftirip evrimle\u015ftirece\u011fine haz\u0131rl\u0131kl\u0131 de\u011fildik.Art\u0131k onun hakk\u0131nda bir \u015feyler \u00f6\u011frenme s\u0131ras\u0131 bendeydi.Ta ki bir \u015feyler ters gidene&#8230;&#8230;ve hayatlar\u0131m\u0131z birlikte bir sona gelene kadar.Bunu yu\u0308ru\u0308temememiz i\u00e7in bir su\u0308ru\u0308 neden vard\u0131.Yine de bunlar aram\u0131zdaki ba\u011f\u0131 ve tutkuyu durdurmuyordu.Ta ki bir gece, o her \u015feyi mahvedene kadar.Ve b\u00f6ylece ili\u015fkimiz; gu\u0308nah dolu, \u00e7arp\u0131k bir hale geldi.<\/p>\n","protected":false},"excerpt":{"rendered":"<p>\u201cOnu incitmekle i\u015fim bitti. Yeteri kadar incindi. Onu \u00f6zg\u00fcr b\u0131rakmam\u0131n zaman\u0131 geldi\u2026\u201dBir zamanlar eve gitmek ve her \u015feyi unutmak isterdim.\u015eimdi ise g\u00fc\u00e7l\u00fcyd\u00fcm ve sava\u015fmaya haz\u0131rd\u0131m.Ba\u015ftan \u00e7\u0131kar\u0131lm\u0131\u015f<span class=\"excerpt-hellip\"> [\u2026]<\/span><\/p>\n","protected":false},"featured_media":0,"template":"","meta":{"_monsterinsights_skip_tracking":false,"_monsterinsights_sitenote_active":false,"_monsterinsights_sitenote_note":"","_monsterinsights_sitenote_category":0},"product_brand":[],"product_cat":[12291,12711],"product_tag":[],"class_list":{"0":"post-785606","1":"product","2":"type-product","3":"status-publish","5":"product_cat-edebiyat","6":"product_cat-roman-oyku","7":"pa_cilt-ciltsiz","8":"pa_tur-kitap","9":"pa_yayinevi-pukka-yayinlari","10":"pa_yazar-pepper-winters","12":"first","13":"instock","14":"sale","15":"shipping-taxable","16":"purchasable","17":"product-type-simple"},"_links":{"self":[{"href":"https:\/\/roveyayinevi.com.tr\/index.php\/wp-json\/wp\/v2\/product\/785606","targetHints":{"allow":["GET"]}}],"collection":[{"href":"https:\/\/roveyayinevi.com.tr\/index.php\/wp-json\/wp\/v2\/product"}],"about":[{"href":"https:\/\/roveyayinevi.com.tr\/index.php\/wp-json\/wp\/v2\/types\/product"}],"wp:attachment":[{"href":"https:\/\/roveyayinevi.com.tr\/index.php\/wp-json\/wp\/v2\/media?parent=785606"}],"wp:term":[{"taxonomy":"product_brand","embeddable":true,"href":"https:\/\/roveyayinevi.com.tr\/index.php\/wp-json\/wp\/v2\/product_brand?post=785606"},{"taxonomy":"product_cat","embeddable":true,"href":"https:\/\/roveyayinevi.com.tr\/index.php\/wp-json\/wp\/v2\/product_cat?post=785606"},{"taxonomy":"product_tag","embeddable":true,"href":"https:\/\/roveyayinevi.com.tr\/index.php\/wp-json\/wp\/v2\/product_tag?post=785606"}],"curies":[{"name":"wp","href":"https:\/\/api.w.org\/{rel}","templated":true}]}}