{"id":785600,"date":"2026-04-05T03:46:16","date_gmt":"2026-04-05T00:46:16","guid":{"rendered":"https:\/\/roveyayinevi.com.tr\/index.php\/urun\/nakavt-ciltli\/"},"modified":"2026-04-15T03:48:46","modified_gmt":"2026-04-15T00:48:46","slug":"nakavt-ciltli","status":"publish","type":"product","link":"https:\/\/roveyayinevi.com.tr\/index.php\/urun\/nakavt-ciltli\/","title":{"rendered":"Nakavt (Ciltli)"},"content":{"rendered":"<p>Ard\u0131\u00e7 Y\u00fcksel, her ma\u00e7\u0131nda ilk yumru\u011fu rakibine vermesiyle bilinen so\u011fuk, disiplinli ve ba\u015far\u0131l\u0131 bir boks\u00f6rd\u00fcr. \u00c7ocukken, karl\u0131 bir havada \u00f6l\u00fcme terk edildi\u011fi g\u00fcn hayat\u0131 de\u011fi\u015ferek kendini bir anda s\u0131cac\u0131k bir yuvan\u0131n i\u00e7inde bulur. Bu yuvan\u0131n ilk g\u00f6z a\u011fr\u0131s\u0131 R\u00fcya Soyyi\u011fit\u2019e onu g\u00f6rd\u00fc\u011f\u00fc anda ba\u011flan\u0131r.R\u00fcya Soyyi\u011fit, kendini hayat\u0131n g\u00fczel yanlar\u0131n\u0131 g\u00f6rmeye adam\u0131\u015f, a\u015fka \u00e2\u015f\u0131k gen\u00e7 bir k\u0131zd\u0131r. En yak\u0131n arkada\u015f\u0131 Ard\u0131\u00e7\u2019\u0131n da bu hissi tatmas\u0131n\u0131 isteyerek ona birini ayarlamaya \u00e7al\u0131\u015f\u0131r. Ancak bilmedi\u011fi \u015fey; Ard\u0131\u00e7\u2019\u0131n ona senelerdir, \u00e7aresiz bir bi\u00e7imde \u00e2\u015f\u0131k oldu\u011fudur.R\u00fcya\u2019n\u0131n, Ard\u0131\u00e7\u2019\u0131n kalbini ba\u015fkas\u0131yla doldurmak i\u00e7in \u00e7\u0131kt\u0131\u011f\u0131 bu yolda en yak\u0131n arkada\u015f\u0131n\u0131n hi\u00e7 bilmedi\u011fi yanlar\u0131n\u0131 g\u00f6rmesiyle ona olan bak\u0131\u015f\u0131 de\u011fi\u015fir ve bir anda kendini Ard\u0131\u00e7\u2019a \u00e2\u015f\u0131k olmu\u015f halde bulur.<\/p>\n","protected":false},"excerpt":{"rendered":"<p>Ard\u0131\u00e7 Y\u00fcksel, her ma\u00e7\u0131nda ilk yumru\u011fu rakibine vermesiyle bilinen so\u011fuk, disiplinli ve ba\u015far\u0131l\u0131 bir boks\u00f6rd\u00fcr. \u00c7ocukken, karl\u0131 bir havada \u00f6l\u00fcme terk edildi\u011fi g\u00fcn hayat\u0131 de\u011fi\u015ferek kendini<span class=\"excerpt-hellip\"> [\u2026]<\/span><\/p>\n","protected":false},"featured_media":0,"template":"","meta":{"_monsterinsights_skip_tracking":false,"_monsterinsights_sitenote_active":false,"_monsterinsights_sitenote_note":"","_monsterinsights_sitenote_category":0},"product_brand":[],"product_cat":[12291,12711],"product_tag":[],"class_list":{"0":"post-785600","1":"product","2":"type-product","3":"status-publish","5":"product_cat-edebiyat","6":"product_cat-roman-oyku","7":"pa_cilt-ciltsiz","8":"pa_tur-kitap","9":"pa_yayinevi-pukka-yayinlari","10":"pa_yazar-ayca-t-k","12":"first","13":"instock","14":"sale","15":"shipping-taxable","16":"purchasable","17":"product-type-simple"},"_links":{"self":[{"href":"https:\/\/roveyayinevi.com.tr\/index.php\/wp-json\/wp\/v2\/product\/785600","targetHints":{"allow":["GET"]}}],"collection":[{"href":"https:\/\/roveyayinevi.com.tr\/index.php\/wp-json\/wp\/v2\/product"}],"about":[{"href":"https:\/\/roveyayinevi.com.tr\/index.php\/wp-json\/wp\/v2\/types\/product"}],"wp:attachment":[{"href":"https:\/\/roveyayinevi.com.tr\/index.php\/wp-json\/wp\/v2\/media?parent=785600"}],"wp:term":[{"taxonomy":"product_brand","embeddable":true,"href":"https:\/\/roveyayinevi.com.tr\/index.php\/wp-json\/wp\/v2\/product_brand?post=785600"},{"taxonomy":"product_cat","embeddable":true,"href":"https:\/\/roveyayinevi.com.tr\/index.php\/wp-json\/wp\/v2\/product_cat?post=785600"},{"taxonomy":"product_tag","embeddable":true,"href":"https:\/\/roveyayinevi.com.tr\/index.php\/wp-json\/wp\/v2\/product_tag?post=785600"}],"curies":[{"name":"wp","href":"https:\/\/api.w.org\/{rel}","templated":true}]}}