{"id":785598,"date":"2026-04-05T03:46:05","date_gmt":"2026-04-05T00:46:05","guid":{"rendered":"https:\/\/roveyayinevi.com.tr\/index.php\/urun\/su-tanrisinin-gelini-2-cehennem-anahtari-ciltli\/"},"modified":"2026-04-15T03:48:46","modified_gmt":"2026-04-15T00:48:46","slug":"su-tanrisinin-gelini-2-cehennem-anahtari-ciltli","status":"publish","type":"product","link":"https:\/\/roveyayinevi.com.tr\/index.php\/urun\/su-tanrisinin-gelini-2-cehennem-anahtari-ciltli\/","title":{"rendered":"Su Tanr\u0131s\u0131n\u0131n Gelini 2 &#8211; Cehennem Anahtar\u0131 (Ciltli)"},"content":{"rendered":"<p>Bir sevgi\u2026 Bir fedak\u00e2rl\u0131k\u2026 Ve tanr\u0131lar\u0131 bile titreten bir kader.Gelinini kurtarmak i\u00e7in kendi can\u0131n\u0131 hi\u00e7e sayan Su Tanr\u0131s\u0131, \u00f6l\u00fcm\u00fcn e\u015fi\u011findedir.Onu kurtarabilecek tek ki\u015fi ise bir zamanlar ya\u015fam\u0131na son vermek istedi\u011fi Mana\u2019dan ba\u015fkas\u0131 de\u011fildir.Toprak Diyar\u0131\u2019na uzanan yolculu\u011funda Mana, Karanl\u0131k Tanr\u0131\u00e7as\u0131&#8217;n\u0131 uyand\u0131rmaya \u00e7ok yakla\u015fan Karanl\u0131k M\u00fcritleri durdurmak i\u00e7in di\u011fer tanr\u0131larla bir ittifak kurmak zorundad\u0131r. S\u00fcrekli g\u00f6rd\u00fc\u011f\u00fc gizemli sunak, yaz\u0131tlar ve m\u00fch\u00fcrlenmi\u015f kap\u0131lar ise yaln\u0131zca eski tanr\u0131lardan arta kalan s\u0131rlar\u0131 de\u011fil, damarlar\u0131nda gizlenmi\u015f bir ger\u00e7e\u011fi de f\u0131s\u0131ldar. \u00c7\u00fcnk\u00fc Mana, unutulmu\u015f bir soyun ya\u015fayan son par\u00e7as\u0131 olabilir\u2026 Ve kader, onu hem kurtar\u0131c\u0131 hem de kurban olmaya \u00e7a\u011f\u0131rmaktad\u0131r.<\/p>\n","protected":false},"excerpt":{"rendered":"<p>Bir sevgi\u2026 Bir fedak\u00e2rl\u0131k\u2026 Ve tanr\u0131lar\u0131 bile titreten bir kader.Gelinini kurtarmak i\u00e7in kendi can\u0131n\u0131 hi\u00e7e sayan Su Tanr\u0131s\u0131, \u00f6l\u00fcm\u00fcn e\u015fi\u011findedir.Onu kurtarabilecek tek ki\u015fi ise bir zamanlar<span class=\"excerpt-hellip\"> [\u2026]<\/span><\/p>\n","protected":false},"featured_media":0,"template":"","meta":{"_monsterinsights_skip_tracking":false,"_monsterinsights_sitenote_active":false,"_monsterinsights_sitenote_note":"","_monsterinsights_sitenote_category":0},"product_brand":[],"product_cat":[12291,14777],"product_tag":[],"class_list":{"0":"post-785598","1":"product","2":"type-product","3":"status-publish","5":"product_cat-edebiyat","6":"product_cat-fantastik","7":"pa_cilt-ciltsiz","8":"pa_tur-kitap","9":"pa_yayinevi-pukka-yayinlari","10":"pa_yazar-rumeysa-demirkutlu","12":"first","13":"instock","14":"sale","15":"shipping-taxable","16":"purchasable","17":"product-type-simple"},"_links":{"self":[{"href":"https:\/\/roveyayinevi.com.tr\/index.php\/wp-json\/wp\/v2\/product\/785598","targetHints":{"allow":["GET"]}}],"collection":[{"href":"https:\/\/roveyayinevi.com.tr\/index.php\/wp-json\/wp\/v2\/product"}],"about":[{"href":"https:\/\/roveyayinevi.com.tr\/index.php\/wp-json\/wp\/v2\/types\/product"}],"wp:attachment":[{"href":"https:\/\/roveyayinevi.com.tr\/index.php\/wp-json\/wp\/v2\/media?parent=785598"}],"wp:term":[{"taxonomy":"product_brand","embeddable":true,"href":"https:\/\/roveyayinevi.com.tr\/index.php\/wp-json\/wp\/v2\/product_brand?post=785598"},{"taxonomy":"product_cat","embeddable":true,"href":"https:\/\/roveyayinevi.com.tr\/index.php\/wp-json\/wp\/v2\/product_cat?post=785598"},{"taxonomy":"product_tag","embeddable":true,"href":"https:\/\/roveyayinevi.com.tr\/index.php\/wp-json\/wp\/v2\/product_tag?post=785598"}],"curies":[{"name":"wp","href":"https:\/\/api.w.org\/{rel}","templated":true}]}}