{"id":785597,"date":"2026-04-05T03:45:59","date_gmt":"2026-04-05T00:45:59","guid":{"rendered":"https:\/\/roveyayinevi.com.tr\/index.php\/urun\/kizil-gerdan-ciltli\/"},"modified":"2026-04-15T03:48:46","modified_gmt":"2026-04-15T00:48:46","slug":"kizil-gerdan-ciltli","status":"publish","type":"product","link":"https:\/\/roveyayinevi.com.tr\/index.php\/urun\/kizil-gerdan-ciltli\/","title":{"rendered":"K\u0131z\u0131l Gerdan (Ciltli)"},"content":{"rendered":"<p>Balca Zorlu, \u00e7ocuk ya\u015fta tan\u0131k oldu\u011fu bir kayb\u0131n izlerini hi\u00e7bir zaman silemedi.Adli t\u0131p uzman\u0131 olarak, hayat\u0131n\u0131 \u00f6l\u00fclerin ard\u0131nda b\u0131rakt\u0131\u011f\u0131 sessiz s\u0131rlar\u0131 \u00e7\u00f6zmeye adad\u0131. Ancak t\u0131p fak\u00fcltesine ba\u015flad\u0131\u011f\u0131 d\u00f6nemde Ulusal G\u00fcvenlik ve \u0130stihbarat Te\u015fkilat\u0131ndan gelen gizli bir teklif, onu karanl\u0131kta g\u00f6rev yapan bir g\u00f6lgeye d\u00f6n\u00fc\u015ft\u00fcrd\u00fc.Yedi y\u0131l boyunca yaln\u0131zca yaz\u0131\u015farak ileti\u015fim kurdu\u011fu, kimli\u011fini bilmedi\u011fi bir istihbarat uzman\u0131yla birlikte \u00e7al\u0131\u015ft\u0131.Seslerini duymalar\u0131, y\u00fczlerini g\u00f6rmeleri, ger\u00e7ek isimlerini \u00f6\u011frenmeleri yasakt\u0131.Sadece g\u00f6rev notlar\u0131, \u015fifreli c\u00fcmleler ve zamanla kelimelerin aras\u0131na s\u0131zan yasak bir yak\u0131nl\u0131k vard\u0131.Balca, d\u0131\u015far\u0131dan bak\u0131ld\u0131\u011f\u0131nda s\u0131radan bir hayat ya\u015f\u0131yor gibiydi. Ta ki bir yaz tatilinde, ailesinin yan\u0131na d\u00f6nene dek.Abisinin denizci arkada\u015f\u0131yla tan\u0131\u015ft\u0131\u011f\u0131nda, ge\u00e7mi\u015f yedi y\u0131l\u0131n g\u00f6lgesi aniden kar\u015f\u0131s\u0131na dikildi. Onu tan\u0131m\u0131yor olmas\u0131na ra\u011fmen Ali Cihan Gencer\u2019de her \u015fey olmas\u0131 gerekenden fazla gibiydi.Ger\u00e7ekle kurgu aras\u0131ndaki \u00e7izgi silinirken, Balca hem g\u00f6revini hem de kalbini sorgulamak zorunda kalacakt\u0131. \u00c7\u00fcnk\u00fc bazen bir yabanc\u0131, en derine dokunan ki\u015fi olabilir. Ve en b\u00fcy\u00fck s\u0131rlar, en tan\u0131d\u0131k y\u00fczlerin ard\u0131na gizlenir.<\/p>\n","protected":false},"excerpt":{"rendered":"<p>Balca Zorlu, \u00e7ocuk ya\u015fta tan\u0131k oldu\u011fu bir kayb\u0131n izlerini hi\u00e7bir zaman silemedi.Adli t\u0131p uzman\u0131 olarak, hayat\u0131n\u0131 \u00f6l\u00fclerin ard\u0131nda b\u0131rakt\u0131\u011f\u0131 sessiz s\u0131rlar\u0131 \u00e7\u00f6zmeye adad\u0131. Ancak t\u0131p fak\u00fcltesine<span class=\"excerpt-hellip\"> [\u2026]<\/span><\/p>\n","protected":false},"featured_media":0,"template":"","meta":{"_monsterinsights_skip_tracking":false,"_monsterinsights_sitenote_active":false,"_monsterinsights_sitenote_note":"","_monsterinsights_sitenote_category":0},"product_brand":[],"product_cat":[12291,12711],"product_tag":[],"class_list":{"0":"post-785597","1":"product","2":"type-product","3":"status-publish","5":"product_cat-edebiyat","6":"product_cat-roman-oyku","7":"pa_cilt-ciltsiz","8":"pa_tur-kitap","9":"pa_yayinevi-pukka-yayinlari","10":"pa_yazar-pinar-salman","12":"first","13":"instock","14":"sale","15":"shipping-taxable","16":"purchasable","17":"product-type-simple"},"_links":{"self":[{"href":"https:\/\/roveyayinevi.com.tr\/index.php\/wp-json\/wp\/v2\/product\/785597","targetHints":{"allow":["GET"]}}],"collection":[{"href":"https:\/\/roveyayinevi.com.tr\/index.php\/wp-json\/wp\/v2\/product"}],"about":[{"href":"https:\/\/roveyayinevi.com.tr\/index.php\/wp-json\/wp\/v2\/types\/product"}],"wp:attachment":[{"href":"https:\/\/roveyayinevi.com.tr\/index.php\/wp-json\/wp\/v2\/media?parent=785597"}],"wp:term":[{"taxonomy":"product_brand","embeddable":true,"href":"https:\/\/roveyayinevi.com.tr\/index.php\/wp-json\/wp\/v2\/product_brand?post=785597"},{"taxonomy":"product_cat","embeddable":true,"href":"https:\/\/roveyayinevi.com.tr\/index.php\/wp-json\/wp\/v2\/product_cat?post=785597"},{"taxonomy":"product_tag","embeddable":true,"href":"https:\/\/roveyayinevi.com.tr\/index.php\/wp-json\/wp\/v2\/product_tag?post=785597"}],"curies":[{"name":"wp","href":"https:\/\/api.w.org\/{rel}","templated":true}]}}