{"id":785596,"date":"2026-04-05T03:45:54","date_gmt":"2026-04-05T00:45:54","guid":{"rendered":"https:\/\/roveyayinevi.com.tr\/index.php\/urun\/gunahkar\/"},"modified":"2026-04-15T03:48:46","modified_gmt":"2026-04-15T00:48:46","slug":"gunahkar","status":"publish","type":"product","link":"https:\/\/roveyayinevi.com.tr\/index.php\/urun\/gunahkar\/","title":{"rendered":"G\u00fcnahkar"},"content":{"rendered":"<p>Ben iyi bir adam de\u011fildim ve hi\u00e7bir zaman da \u00f6yleymi\u015f gibi davranmad\u0131m. \u0130yili\u011fe, Tanr\u0131\u2019ya ya da paras\u0131 pe\u015fin \u00f6denmemi\u015f mutlu sonlara inanm\u0131yordum. Asl\u0131nda, benim kendime ait kutsal \u00fc\u00e7lemem \u015fu \u015fekildeydi: Para. Seks. Viski. \u00c2min. Bu y\u00fczden zeki ve muhte\u015fem Zenny Iverson, ona seksi \u00f6\u011fretip \u00f6\u011fretemeyece\u011fimi sordu\u011funda evet demek istedim. Ger\u00e7ekten. Maalesef hay\u0131r demek i\u00e7in birden fazla nedenim vard\u0131. Benim gibi olduk\u00e7a k\u00f6t\u00fc bir adam\u0131n bile g\u00f6rmezden gelemeyece\u011fi t\u00fcrden nedenlerdi. 1: Zenny, en iyi arkada\u015f\u0131m\u0131n k\u00fc\u00e7\u00fck k\u0131z karde\u015fiydi. 2: Benim i\u00e7in \u00e7ok gen\u00e7ti. Demek istedi\u011fim fazlas\u0131yla gen\u00e7ti. 3: Ve rahibeydi&#8230; ya da olmak \u00fczereydi. Ama onu istiyordum. En iyi arkada\u015f\u0131m ve Tanr\u0131 yoluma \u00e7\u0131ksa bile bu onu istedi\u011fim ger\u00e7e\u011fini de\u011fi\u015ftirmiyordu. Ona seksi \u00f6\u011fretmek ve onu sevmek istiyordum. Bunun beni k\u00f6t\u00fc bir adamdan daha k\u00f6t\u00fc bir \u015feye d\u00f6n\u00fc\u015ft\u00fcrece\u011finin fark\u0131ndayd\u0131m. BU BEN\u0130 G\u00dcNAHK\u00c2R B\u0130R ADAM YAPARDI&#8230;<\/p>\n","protected":false},"excerpt":{"rendered":"<p>Ben iyi bir adam de\u011fildim ve hi\u00e7bir zaman da \u00f6yleymi\u015f gibi davranmad\u0131m. \u0130yili\u011fe, Tanr\u0131\u2019ya ya da paras\u0131 pe\u015fin \u00f6denmemi\u015f mutlu sonlara inanm\u0131yordum. Asl\u0131nda, benim kendime ait<span class=\"excerpt-hellip\"> [\u2026]<\/span><\/p>\n","protected":false},"featured_media":0,"template":"","meta":{"_monsterinsights_skip_tracking":false,"_monsterinsights_sitenote_active":false,"_monsterinsights_sitenote_note":"","_monsterinsights_sitenote_category":0},"product_brand":[],"product_cat":[12291,12711],"product_tag":[],"class_list":{"0":"post-785596","1":"product","2":"type-product","3":"status-publish","5":"product_cat-edebiyat","6":"product_cat-roman-oyku","7":"pa_cilt-ciltsiz","8":"pa_tur-kitap","9":"pa_yayinevi-pukka-yayinlari","10":"pa_yazar-sierra-simone","12":"first","13":"instock","14":"sale","15":"shipping-taxable","16":"purchasable","17":"product-type-simple"},"_links":{"self":[{"href":"https:\/\/roveyayinevi.com.tr\/index.php\/wp-json\/wp\/v2\/product\/785596","targetHints":{"allow":["GET"]}}],"collection":[{"href":"https:\/\/roveyayinevi.com.tr\/index.php\/wp-json\/wp\/v2\/product"}],"about":[{"href":"https:\/\/roveyayinevi.com.tr\/index.php\/wp-json\/wp\/v2\/types\/product"}],"wp:attachment":[{"href":"https:\/\/roveyayinevi.com.tr\/index.php\/wp-json\/wp\/v2\/media?parent=785596"}],"wp:term":[{"taxonomy":"product_brand","embeddable":true,"href":"https:\/\/roveyayinevi.com.tr\/index.php\/wp-json\/wp\/v2\/product_brand?post=785596"},{"taxonomy":"product_cat","embeddable":true,"href":"https:\/\/roveyayinevi.com.tr\/index.php\/wp-json\/wp\/v2\/product_cat?post=785596"},{"taxonomy":"product_tag","embeddable":true,"href":"https:\/\/roveyayinevi.com.tr\/index.php\/wp-json\/wp\/v2\/product_tag?post=785596"}],"curies":[{"name":"wp","href":"https:\/\/api.w.org\/{rel}","templated":true}]}}