{"id":785593,"date":"2026-04-05T03:45:37","date_gmt":"2026-04-05T00:45:37","guid":{"rendered":"https:\/\/roveyayinevi.com.tr\/index.php\/urun\/lotus\/"},"modified":"2026-04-15T03:48:46","modified_gmt":"2026-04-15T00:48:46","slug":"lotus","status":"publish","type":"product","link":"https:\/\/roveyayinevi.com.tr\/index.php\/urun\/lotus\/","title":{"rendered":"Lotus"},"content":{"rendered":"<p>\u201cBunca y\u0131ld\u0131r kalbimi hi\u00e7 kimseye vermemi\u015ftim\u2026 Ger\u00e7ek \u015fuydu ki benim verecek bir kalbim yoktu. Kalbim bir hayaletle birlikteydi.\u201dD\u00fcnyan\u0131n geri kalan\u0131 i\u00e7in o, d\u00f6rt temmuzda ortadan kaybolan k\u00fc\u00e7\u00fck bir \u00e7ocuktu. Ama Sydney Neville i\u00e7in o, her \u015feydi. En yak\u0131n arkada\u015f\u0131 kayboldu\u011fundan beri Sydney\u2019nin kalbi eskisi gibi atmasa da zamanla hayat\u0131n\u0131 bu eksik par\u00e7ayla birlikte ya\u015famay\u0131 \u00f6\u011frenmi\u015fti. Yirmi iki y\u0131l sonra gen\u00e7 kad\u0131n\u0131n bekledi\u011fi son \u015fey, Oliver Lynch\u2019in geri d\u00f6nmesiydi. Onlarca y\u0131l yeralt\u0131nda esir olarak tutulan Oliver, onu bekleyen bu garip yeni d\u00fcnyaya tamamen yabanc\u0131yd\u0131. Ancak hayattayd\u0131. Buradayd\u0131. Ve Oliver ne kadar de\u011fi\u015fmi\u015f olursa olsun, ikisi de aralar\u0131nda bir zamanlar var olan ba\u011f\u0131 h\u00e2l\u00e2 hissedebiliyorlard\u0131.Ancak yeniden do\u011fan dostluklar\u0131 daha fazlas\u0131na d\u00f6n\u00fc\u015fmeye ba\u015flad\u0131\u011f\u0131nda, ortaya \u00e7\u0131kan keskin ve ac\u0131 verici ger\u00e7ekler aralar\u0131nda bir bo\u015fluk yaratm\u0131\u015ft\u0131. Sydney\u2019nin in\u015fa etti\u011fi duvarlar\u0131n y\u0131k\u0131lmaya niyeti yoktu, Oliver ise kay\u0131p an\u0131lar\u0131n\u0131n ve kaybetti\u011fi onca zaman\u0131n pe\u015fine d\u00fc\u015fm\u00fc\u015fken k\u00e2busunun hen\u00fcz bitmedi\u011fini fark etmi\u015fti.Hi\u00e7bir \u015feyin g\u00f6r\u00fcnd\u00fc\u011f\u00fc gibi olmad\u0131\u011f\u0131 bu karanl\u0131k d\u00fcnyada\u2026 a\u015fka yer var m\u0131yd\u0131?<\/p>\n","protected":false},"excerpt":{"rendered":"<p>\u201cBunca y\u0131ld\u0131r kalbimi hi\u00e7 kimseye vermemi\u015ftim\u2026 Ger\u00e7ek \u015fuydu ki benim verecek bir kalbim yoktu. Kalbim bir hayaletle birlikteydi.\u201dD\u00fcnyan\u0131n geri kalan\u0131 i\u00e7in o, d\u00f6rt temmuzda ortadan kaybolan<span class=\"excerpt-hellip\"> [\u2026]<\/span><\/p>\n","protected":false},"featured_media":0,"template":"","meta":{"_monsterinsights_skip_tracking":false,"_monsterinsights_sitenote_active":false,"_monsterinsights_sitenote_note":"","_monsterinsights_sitenote_category":0},"product_brand":[],"product_cat":[12291,12711],"product_tag":[],"class_list":{"0":"post-785593","1":"product","2":"type-product","3":"status-publish","5":"product_cat-edebiyat","6":"product_cat-roman-oyku","7":"pa_cilt-ciltsiz","8":"pa_tur-kitap","9":"pa_yayinevi-pukka-yayinlari","10":"pa_yazar-jennifer-hartmann","12":"first","13":"instock","14":"sale","15":"shipping-taxable","16":"purchasable","17":"product-type-simple"},"_links":{"self":[{"href":"https:\/\/roveyayinevi.com.tr\/index.php\/wp-json\/wp\/v2\/product\/785593","targetHints":{"allow":["GET"]}}],"collection":[{"href":"https:\/\/roveyayinevi.com.tr\/index.php\/wp-json\/wp\/v2\/product"}],"about":[{"href":"https:\/\/roveyayinevi.com.tr\/index.php\/wp-json\/wp\/v2\/types\/product"}],"wp:attachment":[{"href":"https:\/\/roveyayinevi.com.tr\/index.php\/wp-json\/wp\/v2\/media?parent=785593"}],"wp:term":[{"taxonomy":"product_brand","embeddable":true,"href":"https:\/\/roveyayinevi.com.tr\/index.php\/wp-json\/wp\/v2\/product_brand?post=785593"},{"taxonomy":"product_cat","embeddable":true,"href":"https:\/\/roveyayinevi.com.tr\/index.php\/wp-json\/wp\/v2\/product_cat?post=785593"},{"taxonomy":"product_tag","embeddable":true,"href":"https:\/\/roveyayinevi.com.tr\/index.php\/wp-json\/wp\/v2\/product_tag?post=785593"}],"curies":[{"name":"wp","href":"https:\/\/api.w.org\/{rel}","templated":true}]}}