{"id":785591,"date":"2026-04-05T03:45:27","date_gmt":"2026-04-05T00:45:27","guid":{"rendered":"https:\/\/roveyayinevi.com.tr\/index.php\/urun\/atesin-koynunda-ciltli\/"},"modified":"2026-04-15T03:48:46","modified_gmt":"2026-04-15T00:48:46","slug":"atesin-koynunda-ciltli","status":"publish","type":"product","link":"https:\/\/roveyayinevi.com.tr\/index.php\/urun\/atesin-koynunda-ciltli\/","title":{"rendered":"Ate\u015fin Koynunda (Ciltli)"},"content":{"rendered":"<p>Alparslan G\u00fcndo\u011fdu, kar\u0131s\u0131n\u0131 ve d\u00f6rt ya\u015f\u0131ndaki k\u0131z\u0131n\u0131 bir yang\u0131nda kaybetmi\u015f ve y\u0131llar sonra yeni bir ba\u015flang\u0131\u00e7 yapmak i\u00e7in her \u015feyi geride b\u0131rakarak \u0130stanbul&#8217;a yerle\u015fmi\u015fti. Ge\u00e7mi\u015fin k\u00f6t\u00fc hat\u0131ralar\u0131ndan ka\u00e7mak ve olanlar\u0131 unutmak istiyordu. Fakat ans\u0131z\u0131n kendini, sa\u00e7lar\u0131 ate\u015ften bir g\u00fczele tutulurken bulmu\u015ftu. G\u00fclden Se\u00e7kin, yemye\u015fil bak\u0131\u015flar\u0131 ve beyaz tenini \u00e7evreleyen k\u0131z\u0131l sa\u00e7lar\u0131yla e\u015fsiz bir g\u00fczellikti. Bazen sakar, bazen delidolu biriydi. Kendi s\u0131radan hayat\u0131nda her \u015fey yolundayd\u0131, ta ki sevgilisi taraf\u0131ndan aldat\u0131lana ve hi\u00e7 ummad\u0131\u011f\u0131 bir gece Alparslan G\u00fcndo\u011fdu&#8217;yla kar\u015f\u0131la\u015fana dek&#8230; Kendini hi\u00e7 tan\u0131mad\u0131\u011f\u0131 bir adam\u0131n kollar\u0131na atarken bunun delilik oldu\u011funu biliyordu. Biri kor, di\u011feri ise alevdi. B\u00f6yle bir adam onu mahvederdi. Dokunu\u015flar\u0131 ate\u015f kadar canl\u0131, bak\u0131\u015flar\u0131 cehennem kadar s\u0131cakt\u0131. Beraberken koca bir yang\u0131n\u0131n i\u00e7inde, ate\u015fin koynundalard\u0131\u2026 * Sa\u00e7lar\u0131m\u0131n alev alev oldu\u011funu s\u00f6yl\u00fcyordu ama as\u0131l ate\u015f onun mavi g\u00f6zlerinin ta i\u00e7indeydi\u2026<\/p>\n","protected":false},"excerpt":{"rendered":"<p>Alparslan G\u00fcndo\u011fdu, kar\u0131s\u0131n\u0131 ve d\u00f6rt ya\u015f\u0131ndaki k\u0131z\u0131n\u0131 bir yang\u0131nda kaybetmi\u015f ve y\u0131llar sonra yeni bir ba\u015flang\u0131\u00e7 yapmak i\u00e7in her \u015feyi geride b\u0131rakarak \u0130stanbul&#8217;a yerle\u015fmi\u015fti. Ge\u00e7mi\u015fin k\u00f6t\u00fc<span class=\"excerpt-hellip\"> [\u2026]<\/span><\/p>\n","protected":false},"featured_media":0,"template":"","meta":{"_monsterinsights_skip_tracking":false,"_monsterinsights_sitenote_active":false,"_monsterinsights_sitenote_note":"","_monsterinsights_sitenote_category":0},"product_brand":[],"product_cat":[12291,12711],"product_tag":[],"class_list":{"0":"post-785591","1":"product","2":"type-product","3":"status-publish","5":"product_cat-edebiyat","6":"product_cat-roman-oyku","7":"pa_cilt-ciltsiz","8":"pa_tur-kitap","9":"pa_yayinevi-pukka-yayinlari","10":"pa_yazar-sila-kocak","12":"first","13":"instock","14":"sale","15":"shipping-taxable","16":"purchasable","17":"product-type-simple"},"_links":{"self":[{"href":"https:\/\/roveyayinevi.com.tr\/index.php\/wp-json\/wp\/v2\/product\/785591","targetHints":{"allow":["GET"]}}],"collection":[{"href":"https:\/\/roveyayinevi.com.tr\/index.php\/wp-json\/wp\/v2\/product"}],"about":[{"href":"https:\/\/roveyayinevi.com.tr\/index.php\/wp-json\/wp\/v2\/types\/product"}],"wp:attachment":[{"href":"https:\/\/roveyayinevi.com.tr\/index.php\/wp-json\/wp\/v2\/media?parent=785591"}],"wp:term":[{"taxonomy":"product_brand","embeddable":true,"href":"https:\/\/roveyayinevi.com.tr\/index.php\/wp-json\/wp\/v2\/product_brand?post=785591"},{"taxonomy":"product_cat","embeddable":true,"href":"https:\/\/roveyayinevi.com.tr\/index.php\/wp-json\/wp\/v2\/product_cat?post=785591"},{"taxonomy":"product_tag","embeddable":true,"href":"https:\/\/roveyayinevi.com.tr\/index.php\/wp-json\/wp\/v2\/product_tag?post=785591"}],"curies":[{"name":"wp","href":"https:\/\/api.w.org\/{rel}","templated":true}]}}