{"id":785590,"date":"2026-04-05T03:45:21","date_gmt":"2026-04-05T00:45:21","guid":{"rendered":"https:\/\/roveyayinevi.com.tr\/index.php\/urun\/blackout-2-ciltli\/"},"modified":"2026-04-15T03:48:46","modified_gmt":"2026-04-15T00:48:46","slug":"blackout-2-ciltli","status":"publish","type":"product","link":"https:\/\/roveyayinevi.com.tr\/index.php\/urun\/blackout-2-ciltli\/","title":{"rendered":"Blackout 2 (Ciltli)"},"content":{"rendered":"<p>Ge\u00e7irdi\u011fi kaza sonras\u0131 mesle\u011finin getirdi\u011fi di\u011fer zorluklarla da tan\u0131\u015fan Tevfik Tu\u011frul T\u00fcrkdo\u011fan, o m\u00fccadeleden de g\u00fc\u00e7lenerek \u00e7\u0131kmak istemektedir. Art\u0131k hayat\u0131nda gizli kalan hi\u00e7bir \u015fey yoktur. Sevdi\u011fi kad\u0131nla birlikte mutlu bir ya\u015fama ad\u0131m atman\u0131n hayalini kurmaktad\u0131r. Bu iste\u011fi ger\u00e7ekle\u015fir ama hayat\u0131n da ona hi\u00e7 beklemedi\u011fi ac\u0131 s\u00fcrprizleri olacakt\u0131r. O noktadan sonra ama\u00e7lar\u0131 de\u011fi\u015fir, ki\u015fili\u011fi farkl\u0131 bir adama do\u011fru evrilir. Bu zorlu s\u00fcre\u00e7te yan\u0131nda sadece tek bir ki\u015fi olacakt\u0131r. O ki\u015fi de \u00e2\u015f\u0131k oldu\u011fu kad\u0131ndan ba\u015fkas\u0131 de\u011fildir. \u201cBir an\u0131s\u0131 akl\u0131na d\u00fc\u015ft\u00fc. Ceyhan\u2019la tan\u0131\u015ft\u0131\u011f\u0131 gece, Serdar ve Verda\u2019yla birlikte yapt\u0131\u011f\u0131 sohbeti hat\u0131rlad\u0131. \u00c2\u015f\u0131k olmak blackout olmak gibi, ge\u00e7ici bir k\u00f6rl\u00fck hali demi\u015fti ve \u015fimdi a\u015fk\u0131n\u0131 tam da ge\u00e7ici bir k\u00f6rl\u00fck halindeyken itiraf etti\u011fini fark ediyordu. Ayn\u0131 s\u00f6yledi\u011fi gibi olmu\u015ftu, s\u00f6zleri kaderine d\u00f6n\u00fc\u015fm\u00fc\u015ft\u00fc.\u201d<\/p>\n","protected":false},"excerpt":{"rendered":"<p>Ge\u00e7irdi\u011fi kaza sonras\u0131 mesle\u011finin getirdi\u011fi di\u011fer zorluklarla da tan\u0131\u015fan Tevfik Tu\u011frul T\u00fcrkdo\u011fan, o m\u00fccadeleden de g\u00fc\u00e7lenerek \u00e7\u0131kmak istemektedir. Art\u0131k hayat\u0131nda gizli kalan hi\u00e7bir \u015fey yoktur. Sevdi\u011fi<span class=\"excerpt-hellip\"> [\u2026]<\/span><\/p>\n","protected":false},"featured_media":0,"template":"","meta":{"_monsterinsights_skip_tracking":false,"_monsterinsights_sitenote_active":false,"_monsterinsights_sitenote_note":"","_monsterinsights_sitenote_category":0},"product_brand":[],"product_cat":[12291,12711],"product_tag":[],"class_list":{"0":"post-785590","1":"product","2":"type-product","3":"status-publish","5":"product_cat-edebiyat","6":"product_cat-roman-oyku","7":"pa_cilt-ciltsiz","8":"pa_tur-kitap","9":"pa_yayinevi-pukka-yayinlari","10":"pa_yazar-elif-kaplan","12":"first","13":"instock","14":"sale","15":"shipping-taxable","16":"purchasable","17":"product-type-simple"},"_links":{"self":[{"href":"https:\/\/roveyayinevi.com.tr\/index.php\/wp-json\/wp\/v2\/product\/785590","targetHints":{"allow":["GET"]}}],"collection":[{"href":"https:\/\/roveyayinevi.com.tr\/index.php\/wp-json\/wp\/v2\/product"}],"about":[{"href":"https:\/\/roveyayinevi.com.tr\/index.php\/wp-json\/wp\/v2\/types\/product"}],"wp:attachment":[{"href":"https:\/\/roveyayinevi.com.tr\/index.php\/wp-json\/wp\/v2\/media?parent=785590"}],"wp:term":[{"taxonomy":"product_brand","embeddable":true,"href":"https:\/\/roveyayinevi.com.tr\/index.php\/wp-json\/wp\/v2\/product_brand?post=785590"},{"taxonomy":"product_cat","embeddable":true,"href":"https:\/\/roveyayinevi.com.tr\/index.php\/wp-json\/wp\/v2\/product_cat?post=785590"},{"taxonomy":"product_tag","embeddable":true,"href":"https:\/\/roveyayinevi.com.tr\/index.php\/wp-json\/wp\/v2\/product_tag?post=785590"}],"curies":[{"name":"wp","href":"https:\/\/api.w.org\/{rel}","templated":true}]}}