{"id":785589,"date":"2026-04-05T03:45:17","date_gmt":"2026-04-05T00:45:17","guid":{"rendered":"https:\/\/roveyayinevi.com.tr\/index.php\/urun\/inferno-2-ciltli\/"},"modified":"2026-04-15T03:48:46","modified_gmt":"2026-04-15T00:48:46","slug":"inferno-2-ciltli","status":"publish","type":"product","link":"https:\/\/roveyayinevi.com.tr\/index.php\/urun\/inferno-2-ciltli\/","title":{"rendered":"\u0130nferno 2 (Ciltli)"},"content":{"rendered":"<p>Cehennemin kap\u0131lar\u0131 araland\u0131\u011f\u0131nda k\u0131yamet ba\u015flar. Helen Saral ve Demir Karada\u011f\u2019\u0131n hik\u00e2yesi her ge\u00e7en g\u00fcn daha kaotik bir hale gelir. H\u00e2l\u00e2 kay\u0131p olan Alin Saral\u2019\u0131 bulmaya \u00e7al\u0131\u015ft\u0131klar\u0131 s\u0131rada kar\u015f\u0131la\u015ft\u0131klar\u0131 tehlikeler, birbirlerine yak\u0131nla\u015fmalar\u0131n\u0131 sa\u011flasa da Alin\u2019in durmadan ba\u015flar\u0131na a\u00e7t\u0131\u011f\u0131 belalar Hades ile Persephone\u2019yi s\u0131namaya devam eder. Saral ailesiyle ilgili ortaya \u00e7\u0131kan s\u0131rlar, hik\u00e2yeye dahil olan yeni karakterler, Demir\u2019in travmatik ge\u00e7mi\u015fi ve h\u0131z kesmeyen gizemlerle \u00f6l\u00fcler diyar\u0131n\u0131n ate\u015fi hiddetlenir. K\u0131z karde\u015fi ve ona ya\u015fad\u0131\u011f\u0131n\u0131 hissettiren adam aras\u0131nda kald\u0131\u011f\u0131n\u0131 hisseden Helen i\u00e7in i\u015fler art\u0131k iki kat\u0131 zorla\u015f\u0131r. Demir ise onun i\u00e7in yarat\u0131ld\u0131\u011f\u0131n\u0131 d\u00fc\u015f\u00fcnd\u00fc\u011f\u00fc kad\u0131n\u0131 ve sahip oldu\u011fu tek yuvay\u0131 korumak zorundad\u0131r \u00e7\u00fcnk\u00fc \u0130nferno\u2019nun itibar\u0131 tehlikeye d\u00fc\u015fm\u00fc\u015ft\u00fcr. Alevler y\u00fckselirken mah\u015ferin ortas\u0131nda kalan Helen ile Demir, herkese kar\u015f\u0131 birlikte sava\u015fmak zorundad\u0131r. Cehennemin kral ve krali\u00e7esi i\u00e7in geriye d\u00f6n\u00fc\u015f yoktur ama ileriye gidebilmek i\u00e7in a\u015fmalar\u0131 gereken engeller onlar\u0131 yakmaya ba\u015flad\u0131\u011f\u0131nda hik\u00e2yelerinin rengi de\u011fi\u015fir.<\/p>\n","protected":false},"excerpt":{"rendered":"<p>Cehennemin kap\u0131lar\u0131 araland\u0131\u011f\u0131nda k\u0131yamet ba\u015flar. Helen Saral ve Demir Karada\u011f\u2019\u0131n hik\u00e2yesi her ge\u00e7en g\u00fcn daha kaotik bir hale gelir. H\u00e2l\u00e2 kay\u0131p olan Alin Saral\u2019\u0131 bulmaya \u00e7al\u0131\u015ft\u0131klar\u0131<span class=\"excerpt-hellip\"> [\u2026]<\/span><\/p>\n","protected":false},"featured_media":0,"template":"","meta":{"_monsterinsights_skip_tracking":false,"_monsterinsights_sitenote_active":false,"_monsterinsights_sitenote_note":"","_monsterinsights_sitenote_category":0},"product_brand":[],"product_cat":[12291,14777],"product_tag":[],"class_list":{"0":"post-785589","1":"product","2":"type-product","3":"status-publish","5":"product_cat-edebiyat","6":"product_cat-fantastik","7":"pa_cilt-ciltsiz","8":"pa_tur-kitap","9":"pa_yayinevi-pukka-yayinlari","10":"pa_yazar-asena-nisikli","12":"first","13":"instock","14":"sale","15":"shipping-taxable","16":"purchasable","17":"product-type-simple"},"_links":{"self":[{"href":"https:\/\/roveyayinevi.com.tr\/index.php\/wp-json\/wp\/v2\/product\/785589","targetHints":{"allow":["GET"]}}],"collection":[{"href":"https:\/\/roveyayinevi.com.tr\/index.php\/wp-json\/wp\/v2\/product"}],"about":[{"href":"https:\/\/roveyayinevi.com.tr\/index.php\/wp-json\/wp\/v2\/types\/product"}],"wp:attachment":[{"href":"https:\/\/roveyayinevi.com.tr\/index.php\/wp-json\/wp\/v2\/media?parent=785589"}],"wp:term":[{"taxonomy":"product_brand","embeddable":true,"href":"https:\/\/roveyayinevi.com.tr\/index.php\/wp-json\/wp\/v2\/product_brand?post=785589"},{"taxonomy":"product_cat","embeddable":true,"href":"https:\/\/roveyayinevi.com.tr\/index.php\/wp-json\/wp\/v2\/product_cat?post=785589"},{"taxonomy":"product_tag","embeddable":true,"href":"https:\/\/roveyayinevi.com.tr\/index.php\/wp-json\/wp\/v2\/product_tag?post=785589"}],"curies":[{"name":"wp","href":"https:\/\/api.w.org\/{rel}","templated":true}]}}