{"id":785587,"date":"2026-04-05T03:45:06","date_gmt":"2026-04-05T00:45:06","guid":{"rendered":"https:\/\/roveyayinevi.com.tr\/index.php\/urun\/bagli-ciltli\/"},"modified":"2026-04-15T03:48:46","modified_gmt":"2026-04-15T00:48:46","slug":"bagli-ciltli","status":"publish","type":"product","link":"https:\/\/roveyayinevi.com.tr\/index.php\/urun\/bagli-ciltli\/","title":{"rendered":"Ba\u011fl\u0131 (Ciltli)"},"content":{"rendered":"<p>Erva, \u00dcste\u011fmen Doru Demir\u2019in imk\u00e2ns\u0131z a\u015fk\u0131na sahip olduktan ve onunla evlendikten sonra, mutlulu\u011fun nihayet ula\u015fabilece\u011fi bir \u015fey oldu\u011funu d\u00fc\u015f\u00fcn\u00fcyordu. Ancak hayat, huzurla vaat etti\u011fi yolun kar\u015f\u0131s\u0131na trajik bir d\u00f6neme\u00e7 yerle\u015ftirmi\u015fti. Ailelerinin aras\u0131n\u0131 a\u00e7an o felaket, Erva\u2019y\u0131 sevdi\u011fi adama daha s\u0131k\u0131 sar\u0131lmaya zorlarken, bir zamanlar birbirlerine k\u00f6rd\u00fc\u011f\u00fcmle ba\u011fl\u0131 olan kader iplikleri sessizce s\u00f6k\u00fclmeye ba\u015fl\u0131yordu. Amerika\u2019ya ta\u015f\u0131nmas\u0131n\u0131n ard\u0131ndan ge\u00e7en iki uzun y\u0131l\u0131n sonras\u0131nda yan\u0131nda beklenmedik bir misafirle d\u00f6nd\u00fc\u011f\u00fcnde, \u00dcste\u011fmen Doru\u2019dan h\u00e2l\u00e2 gelmeyen bo\u015fanma talebini i\u00e7inde umut \u0131\u015f\u0131\u011f\u0131 olarak saklamay\u0131 s\u00fcrd\u00fcr\u00fcyordu. \u00dcstelik birlikte ya\u015fad\u0131klar\u0131 evde ona ait olan hi\u00e7bir \u015feyin yerini de\u011fi\u015ftirmemi\u015fti. Ne var ki ayn\u0131 \u015fey sevdi\u011fi adam i\u00e7in ge\u00e7erli de\u011fildi. Bu d\u00f6n\u00fc\u015f, yaln\u0131zca eski bir hik\u00e2yeyi tamamlamakla kalmayacak; ayn\u0131 zamanda tamamen yeni bir ba\u015flang\u0131c\u0131n kap\u0131lar\u0131n\u0131 aralayacakt\u0131. Lal Figan \u00fc\u00e7lemesinin son kitab\u0131 Ba\u011fl\u0131, t\u00fcm imk\u00e2ns\u0131zl\u0131klar\u0131 y\u0131kmaya ve sevenleriyle vedala\u015fmaya geliyor. \u201cArada bir ba\u011f var, ne zaman ne de mesafe koparabiliyor. T\u0131pk\u0131 seninle benim aramdaki gibi.\u201d<\/p>\n","protected":false},"excerpt":{"rendered":"<p>Erva, \u00dcste\u011fmen Doru Demir\u2019in imk\u00e2ns\u0131z a\u015fk\u0131na sahip olduktan ve onunla evlendikten sonra, mutlulu\u011fun nihayet ula\u015fabilece\u011fi bir \u015fey oldu\u011funu d\u00fc\u015f\u00fcn\u00fcyordu. Ancak hayat, huzurla vaat etti\u011fi yolun kar\u015f\u0131s\u0131na<span class=\"excerpt-hellip\"> [\u2026]<\/span><\/p>\n","protected":false},"featured_media":0,"template":"","meta":{"_monsterinsights_skip_tracking":false,"_monsterinsights_sitenote_active":false,"_monsterinsights_sitenote_note":"","_monsterinsights_sitenote_category":0},"product_brand":[],"product_cat":[12291,12711],"product_tag":[],"class_list":{"0":"post-785587","1":"product","2":"type-product","3":"status-publish","5":"product_cat-edebiyat","6":"product_cat-roman-oyku","7":"pa_cilt-ciltsiz","8":"pa_tur-kitap","9":"pa_yayinevi-pukka-yayinlari","10":"pa_yazar-pinar-salman","12":"first","13":"instock","14":"sale","15":"shipping-taxable","16":"purchasable","17":"product-type-simple"},"_links":{"self":[{"href":"https:\/\/roveyayinevi.com.tr\/index.php\/wp-json\/wp\/v2\/product\/785587","targetHints":{"allow":["GET"]}}],"collection":[{"href":"https:\/\/roveyayinevi.com.tr\/index.php\/wp-json\/wp\/v2\/product"}],"about":[{"href":"https:\/\/roveyayinevi.com.tr\/index.php\/wp-json\/wp\/v2\/types\/product"}],"wp:attachment":[{"href":"https:\/\/roveyayinevi.com.tr\/index.php\/wp-json\/wp\/v2\/media?parent=785587"}],"wp:term":[{"taxonomy":"product_brand","embeddable":true,"href":"https:\/\/roveyayinevi.com.tr\/index.php\/wp-json\/wp\/v2\/product_brand?post=785587"},{"taxonomy":"product_cat","embeddable":true,"href":"https:\/\/roveyayinevi.com.tr\/index.php\/wp-json\/wp\/v2\/product_cat?post=785587"},{"taxonomy":"product_tag","embeddable":true,"href":"https:\/\/roveyayinevi.com.tr\/index.php\/wp-json\/wp\/v2\/product_tag?post=785587"}],"curies":[{"name":"wp","href":"https:\/\/api.w.org\/{rel}","templated":true}]}}